{"id":27,"date":"2020-06-16T11:15:21","date_gmt":"2020-06-16T15:15:21","guid":{"rendered":"http:\/\/portfolio-pre.uqac.ca\/gabarit\/?page_id=27"},"modified":"2023-09-18T14:57:19","modified_gmt":"2023-09-18T18:57:19","slug":"curriculum-vitae","status":"publish","type":"page","link":"https:\/\/portfolio.uqac.ca\/florentbiao\/curriculum-vitae\/","title":{"rendered":"Curriculum vitae"},"content":{"rendered":"<h2><strong>Dipl\u00f4mes<\/strong><\/h2>\n<ul>\n<li>Doctorat en didactique du fran\u00e7ais (Universit\u00e9 Laval)<\/li>\n<\/ul>\n<ul>\n<li>Doctorat en sciences de l&#8217;\u00e9ducation (Universit\u00e9 de Gen\u00e8ve)<\/li>\n<\/ul>\n<ul>\n<li>Maitrise en didactique du fran\u00e7ais, langue et litt\u00e9rature (Universit\u00e9 Laval)<\/li>\n<\/ul>\n<ul>\n<li>Baccalaur\u00e9at en enseignement du fran\u00e7ais au secondaire (Universit\u00e9 du Qu\u00e9bec \u00e0 Montr\u00e9al)<\/li>\n<\/ul>\n<h2><strong> Distinctions et bourses<br \/>\n<\/strong><\/h2>\n<ul>\n<li><strong>Bourse du Fonds g\u00e9n\u00e9ral pour les \u00e9tudes sup\u00e9rieures (FGES)<\/strong>, d\u00e9cern\u00e9e par le Conseil de Recherche en Sciences Humaines du Canada (CRSH).<\/li>\n<\/ul>\n<ul>\n<li><strong>Bourse de doctorat<\/strong>, d\u00e9cern\u00e9e par le Conseil de Recherche en Sciences Humaines du Canada (CRSH).<\/li>\n<\/ul>\n<ul>\n<li><strong>Bourse pour un stage international<\/strong> \u00e0 la Haute \u00c9cole P\u00e9dagogique (HEP) de Lausanne en Suisse (3 mois), d\u00e9cern\u00e9e par le Fonds de recherche Soci\u00e9t\u00e9 et Culture du Qu\u00e9bec (FRQSC).<\/li>\n<\/ul>\n<ul>\n<li><strong>Bourse de doctorat<\/strong>, d\u00e9cern\u00e9e par le Fonds de recherche Soci\u00e9t\u00e9 et Culture du Qu\u00e9bec (FRQSC). D\u00e9clin\u00e9e.<\/li>\n<\/ul>\n<h2><strong>Groupes de recherche et affiliations professionnelles<\/strong><\/h2>\n<ul>\n<li>Membre de l&#8217;Association internationale pour la recherche en didactique du fran\u00e7ais (AIRDF)<\/li>\n<li>Chercheur\u00a0r\u00e9gulier au Centre de recherche interuniversitaire sur la formation et la profession enseignante (CRIFPE)<\/li>\n<li>Chercheur r\u00e9gulier au Collectif de recherche sur la continuit\u00e9 des apprentissages en lecture et en \u00e9criture (CL\u00c9)<\/li>\n<li>Membre de l&#8217;Association qu\u00e9b\u00e9coise des professeurs de fran\u00e7ais (AQPF)<\/li>\n<li>Membre de l&#8217;Association qu\u00e9b\u00e9coise des enseignantes et des enseignants du primaire (AQEP)<\/li>\n<\/ul>\n<h2><strong><br \/>\n<\/strong><\/h2>\n","protected":false},"excerpt":{"rendered":"<p>Dipl\u00f4mes Doctorat en didactique du fran\u00e7ais (Universit\u00e9 Laval) Doctorat en sciences de l&#8217;\u00e9ducation (Universit\u00e9 de Gen\u00e8ve) Maitrise en didactique du fran\u00e7ais, langue et litt\u00e9rature (Universit\u00e9 Laval) Baccalaur\u00e9at en enseignement du fran\u00e7ais au secondaire (Universit\u00e9 du Qu\u00e9bec \u00e0 Montr\u00e9al) Distinctions et bourses Bourse du Fonds g\u00e9n\u00e9ral pour les \u00e9tudes sup\u00e9rieures (FGES), d\u00e9cern\u00e9e par le Conseil de &hellip; <a href=\"https:\/\/portfolio.uqac.ca\/florentbiao\/curriculum-vitae\/\" class=\"more-link\">Continuer la lecture de <span class=\"screen-reader-text\">Curriculum vitae<\/span>  <span class=\"meta-nav\">&rarr;<\/span><\/a><\/p>\n","protected":false},"author":89,"featured_media":0,"parent":0,"menu_order":0,"comment_status":"closed","ping_status":"closed","template":"","meta":{"footnotes":""},"tags":[],"_links":{"self":[{"href":"https:\/\/portfolio.uqac.ca\/florentbiao\/wp-json\/wp\/v2\/pages\/27"}],"collection":[{"href":"https:\/\/portfolio.uqac.ca\/florentbiao\/wp-json\/wp\/v2\/pages"}],"about":[{"href":"https:\/\/portfolio.uqac.ca\/florentbiao\/wp-json\/wp\/v2\/types\/page"}],"author":[{"embeddable":true,"href":"https:\/\/portfolio.uqac.ca\/florentbiao\/wp-json\/wp\/v2\/users\/89"}],"replies":[{"embeddable":true,"href":"https:\/\/portfolio.uqac.ca\/florentbiao\/wp-json\/wp\/v2\/comments?post=27"}],"version-history":[{"count":12,"href":"https:\/\/portfolio.uqac.ca\/florentbiao\/wp-json\/wp\/v2\/pages\/27\/revisions"}],"predecessor-version":[{"id":281,"href":"https:\/\/portfolio.uqac.ca\/florentbiao\/wp-json\/wp\/v2\/pages\/27\/revisions\/281"}],"wp:attachment":[{"href":"https:\/\/portfolio.uqac.ca\/florentbiao\/wp-json\/wp\/v2\/media?parent=27"}],"wp:term":[{"taxonomy":"post_tag","embeddable":true,"href":"https:\/\/portfolio.uqac.ca\/florentbiao\/wp-json\/wp\/v2\/tags?post=27"}],"curies":[{"name":"wp","href":"https:\/\/api.w.org\/{rel}","templated":true}]}}