{"id":27,"date":"2012-07-24T12:57:18","date_gmt":"2012-07-24T12:57:18","guid":{"rendered":"http:\/\/portfolio-pre.uqac.ca\/gabarit\/?page_id=27"},"modified":"2014-11-07T11:02:04","modified_gmt":"2014-11-07T16:02:04","slug":"curriculum-vitae","status":"publish","type":"page","link":"https:\/\/portfolio.uqac.ca\/francoisguerard\/curriculum-vitae\/","title":{"rendered":"Dipl\u00f4mes et bourses"},"content":{"rendered":"<h2><strong>Dipl\u00f4mes<\/strong><\/h2>\n<ul>\n<li>Doctorat en histoire, Universit\u00e9 du Qu\u00e9bec \u00e0 Montr\u00e9al, 1994.<\/li>\n<li>Ma\u00eetrise en \u00e9tudes qu\u00e9b\u00e9coises, Universit\u00e9 du Qu\u00e9bec \u00e0 Trois-Rivi\u00e8res, 1985.<\/li>\n<li>Baccalaur\u00e9at d&#8217;enseignement en musique, Universit\u00e9 du Qu\u00e9bec \u00e0 Trois-Rivi\u00e8res, 1981.<\/li>\n<\/ul>\n<h2><strong>Bourses<br \/>\n<\/strong><\/h2>\n<ul>\n<li>Bourse postdoctorale du Conseil de la recherche en sciences humaines du Canada. Stage postdoctoral effectu\u00e9 \u00e0 l\u2019Universit\u00e9 McGill avec le suivi de George Weisz. 1995-1997.<\/li>\n<\/ul>\n<ul>\n<li>Bourse postdoctorale du<i> <\/i>Hannah Institute for the History of Medicine. D\u00e9clin\u00e9e. 1995-1997<\/li>\n<\/ul>\n<ul>\n<li>Bourse du Conseil de la recherche en sciences humaines du Canada (doctorat). 1990-1991.<\/li>\n<\/ul>\n<ul>\n<li>Bourse du FCAR (ancien FRQSC) (doctorat). 1989-1990.<\/li>\n<\/ul>\n<ul>\n<li>Bourse de la Fondation de l&#8217;Universit\u00e9 du Qu\u00e9bec \u00e0 Montr\u00e9al (doctorat). 1987-1988.<\/li>\n<\/ul>\n","protected":false},"excerpt":{"rendered":"<p>Dipl\u00f4mes Doctorat en histoire, Universit\u00e9 du Qu\u00e9bec \u00e0 Montr\u00e9al, 1994. Ma\u00eetrise en \u00e9tudes qu\u00e9b\u00e9coises, Universit\u00e9 du Qu\u00e9bec \u00e0 Trois-Rivi\u00e8res, 1985. Baccalaur\u00e9at d&#8217;enseignement en musique, Universit\u00e9 du Qu\u00e9bec \u00e0 Trois-Rivi\u00e8res, 1981. Bourses Bourse postdoctorale du Conseil de la recherche en sciences humaines du Canada. Stage postdoctoral effectu\u00e9 \u00e0 l\u2019Universit\u00e9 McGill avec le suivi de George Weisz. &hellip; <a href=\"https:\/\/portfolio.uqac.ca\/francoisguerard\/curriculum-vitae\/\" class=\"more-link\">Continuer la lecture de <span class=\"screen-reader-text\">Dipl\u00f4mes et bourses<\/span>  <span class=\"meta-nav\">&rarr;<\/span><\/a><\/p>\n","protected":false},"author":34,"featured_media":0,"parent":0,"menu_order":0,"comment_status":"closed","ping_status":"closed","template":"","meta":{"footnotes":""},"tags":[],"_links":{"self":[{"href":"https:\/\/portfolio.uqac.ca\/francoisguerard\/wp-json\/wp\/v2\/pages\/27"}],"collection":[{"href":"https:\/\/portfolio.uqac.ca\/francoisguerard\/wp-json\/wp\/v2\/pages"}],"about":[{"href":"https:\/\/portfolio.uqac.ca\/francoisguerard\/wp-json\/wp\/v2\/types\/page"}],"author":[{"embeddable":true,"href":"https:\/\/portfolio.uqac.ca\/francoisguerard\/wp-json\/wp\/v2\/users\/34"}],"replies":[{"embeddable":true,"href":"https:\/\/portfolio.uqac.ca\/francoisguerard\/wp-json\/wp\/v2\/comments?post=27"}],"version-history":[{"count":12,"href":"https:\/\/portfolio.uqac.ca\/francoisguerard\/wp-json\/wp\/v2\/pages\/27\/revisions"}],"predecessor-version":[{"id":150,"href":"https:\/\/portfolio.uqac.ca\/francoisguerard\/wp-json\/wp\/v2\/pages\/27\/revisions\/150"}],"wp:attachment":[{"href":"https:\/\/portfolio.uqac.ca\/francoisguerard\/wp-json\/wp\/v2\/media?parent=27"}],"wp:term":[{"taxonomy":"post_tag","embeddable":true,"href":"https:\/\/portfolio.uqac.ca\/francoisguerard\/wp-json\/wp\/v2\/tags?post=27"}],"curies":[{"name":"wp","href":"https:\/\/api.w.org\/{rel}","templated":true}]}}