{"id":4,"date":"2012-07-23T17:46:31","date_gmt":"2012-07-23T17:46:31","guid":{"rendered":"http:\/\/portfolio-pre.uqac.ca\/gabarit\/?page_id=4"},"modified":"2025-12-13T11:54:23","modified_gmt":"2025-12-13T16:54:23","slug":"presentatio","status":"publish","type":"page","link":"https:\/\/portfolio.uqac.ca\/francoisguerard\/","title":{"rendered":"Pr\u00e9sentation"},"content":{"rendered":"<h2>Fran\u00e7ois Gu\u00e9rard<\/h2>\n<p>Historien. Professeur associ\u00e9\u00a0au D\u00e9partement des sciences humaines et sociales.<\/p>\n<p>Professeur \u00e0 l&#8217;UQAC de 2003 \u00e0 l&#8217;automne 2019 lorsqu&#8217;il prend sa retraite, Fran\u00e7ois Gu\u00e9rard est sp\u00e9cialiste d&#8217;histoire de la sant\u00e9. Il a \u00e9galement touch\u00e9 \u00e0 l&#8217;histoire urbaine et \u00e0 l&#8217;histoire r\u00e9gionale, de m\u00eame qu&#8217;\u00e0 la g\u00e9ographie historique et \u00e0 la d\u00e9mographie historique. Ces derni\u00e8res ann\u00e9es, il s&#8217;est tourn\u00e9 vers l&#8217;histoire musicale, notamment de la chanson.<\/p>\n<h2>Champs d&#8217;int\u00e9r\u00eat en histoire<\/h2>\n<p>Sant\u00e9, hygi\u00e8ne publique, h\u00f4pitaux, institutionnalisation de la vieillesse, histoire r\u00e9gionale, g\u00e9ographie et d\u00e9mographie historiques, chanson, musique.<\/p>\n","protected":false},"excerpt":{"rendered":"<p>Fran\u00e7ois Gu\u00e9rard Historien. Professeur associ\u00e9\u00a0au D\u00e9partement des sciences humaines et sociales. Professeur \u00e0 l&#8217;UQAC de 2003 \u00e0 l&#8217;automne 2019 lorsqu&#8217;il prend sa retraite, Fran\u00e7ois Gu\u00e9rard est sp\u00e9cialiste d&#8217;histoire de la sant\u00e9. Il a \u00e9galement touch\u00e9 \u00e0 l&#8217;histoire urbaine et \u00e0 l&#8217;histoire r\u00e9gionale, de m\u00eame qu&#8217;\u00e0 la g\u00e9ographie historique et \u00e0 la d\u00e9mographie historique. Ces derni\u00e8res &hellip; <a href=\"https:\/\/portfolio.uqac.ca\/francoisguerard\/\" class=\"more-link\">Continuer la lecture de <span class=\"screen-reader-text\">Pr\u00e9sentation<\/span>  <span class=\"meta-nav\">&rarr;<\/span><\/a><\/p>\n","protected":false},"author":34,"featured_media":0,"parent":0,"menu_order":0,"comment_status":"closed","ping_status":"closed","template":"","meta":{"footnotes":""},"tags":[7,6,9,8],"_links":{"self":[{"href":"https:\/\/portfolio.uqac.ca\/francoisguerard\/wp-json\/wp\/v2\/pages\/4"}],"collection":[{"href":"https:\/\/portfolio.uqac.ca\/francoisguerard\/wp-json\/wp\/v2\/pages"}],"about":[{"href":"https:\/\/portfolio.uqac.ca\/francoisguerard\/wp-json\/wp\/v2\/types\/page"}],"author":[{"embeddable":true,"href":"https:\/\/portfolio.uqac.ca\/francoisguerard\/wp-json\/wp\/v2\/users\/34"}],"replies":[{"embeddable":true,"href":"https:\/\/portfolio.uqac.ca\/francoisguerard\/wp-json\/wp\/v2\/comments?post=4"}],"version-history":[{"count":31,"href":"https:\/\/portfolio.uqac.ca\/francoisguerard\/wp-json\/wp\/v2\/pages\/4\/revisions"}],"predecessor-version":[{"id":216,"href":"https:\/\/portfolio.uqac.ca\/francoisguerard\/wp-json\/wp\/v2\/pages\/4\/revisions\/216"}],"wp:attachment":[{"href":"https:\/\/portfolio.uqac.ca\/francoisguerard\/wp-json\/wp\/v2\/media?parent=4"}],"wp:term":[{"taxonomy":"post_tag","embeddable":true,"href":"https:\/\/portfolio.uqac.ca\/francoisguerard\/wp-json\/wp\/v2\/tags?post=4"}],"curies":[{"name":"wp","href":"https:\/\/api.w.org\/{rel}","templated":true}]}}