{"id":46,"date":"2012-07-24T14:17:13","date_gmt":"2012-07-24T14:17:13","guid":{"rendered":"http:\/\/portfolio-pre.uqac.ca\/gabarit\/?page_id=46"},"modified":"2021-11-30T08:37:30","modified_gmt":"2021-11-30T13:37:30","slug":"recherche","status":"publish","type":"page","link":"https:\/\/portfolio.uqac.ca\/francoisguerard\/recherche\/","title":{"rendered":"Recherche"},"content":{"rendered":"<p>Sp\u00e9cialiste d&#8217;histoire de la sant\u00e9, Fran\u00e7ois Gu\u00e9rard est membre chercheur d&#8217;organisations consacr\u00e9es \u00e0 la recherche:<\/p>\n<ul>\n<li>Centre interuniversitaire d&#8217;\u00e9tudes qu\u00e9b\u00e9coises (CIEQ)<\/li>\n<li>Groupe de recherche et d&#8217;intervention r\u00e9gionales (GRIR) bas\u00e9 \u00e0 l&#8217;UQAC.<\/li>\n<\/ul>\n<p>Ses travaux portent essentiellement sur l\u2019histoire des services hospitaliers et d\u2019hygi\u00e8ne publique dans le Qu\u00e9bec des XIX<sup>e<\/sup> et XX<sup>e<\/sup> si\u00e8cles. Fran\u00e7ois Gu\u00e9rard s&#8217;est particuli\u00e8rement pench\u00e9 sur les\u00a0 rapports sociaux \u00e9tablis autour de la mise en place de ces services, et s&#8217;int\u00e9resse \u00e0\u00a0 l\u2019histoire m\u00e9connue des h\u00f4pitaux \u00e0 but lucratif de m\u00eame qu&#8217;\u00e0 celle des populations\u00a0hospitali\u00e8res ou des habitudes de vie li\u00e9es \u00e0 la sant\u00e9. Actuellement, il travaille sur le processus d&#8217;institutionnalisation de la vieillesse de 1921 \u00e0 1971.<\/p>\n<h2>SUBVENTIONS<\/h2>\n<p>&nbsp;<\/p>\n<p>2017-2023\u00a0<em>Entre hospices et manoirs de l&#8217;\u00e2ge d&#8217;or : le \u00ab bien vieillir \u00bb au Qu\u00e9bec, 1921-1971<\/em>, Cochercheur avec Aline Charles (chercheuse principale de l\u2019Universit\u00e9 Laval) et Yvan Rousseau (UQTR), CRSH programme Savoir, $\u00a0180\u00a0315.<\/p>\n<p>2017-2023 Centre interuniversitaire d\u2019\u00e9tudes qu\u00e9b\u00e9coises, subvention FRQSC, programme des Regroupements strat\u00e9giques. Cochercheur, co-chercheur membre du centre. $ 1 657 800.<\/p>\n<p>2014-2015 <em>Analyse historique de l&#8217;acc\u00e8s aux services hospitaliers au Qu\u00e9bec. Une g\u00e9n\u00e9alogie du droit \u00e0 la sant\u00e9,<\/em> FODAR, co-chercheur avec Martin Petitclerc de l&#8217;UQAM et Yvan Rousseau de l&#8217;UQTR, $ 72 241<span style=\"font-size: 10pt;font-family: 'Times'\">.<\/span><\/p>\n<p>2014-2018 <em>Le gouvernement de la mis\u00e8re et la citoyennet\u00e9 : pauvret\u00e9, maladie et crime dans l&#8217;histoire du Qu\u00e9bec<\/em>,\u00a0 FRQSC, programme Soutien aux \u00e9quipes de recherche, pour le Centre d&#8217;histoire des r\u00e9gulations sociales, responsable Martin Petitclerc de l&#8217;UQAM, $ 308 176.<\/p>\n<p>2012-2017 Centre interuniversitaire d\u2019\u00e9tudes qu\u00e9b\u00e9coises, subvention FQRSC, programme des regroupements strat\u00e9giques\/centres de recherche. Cochercheur, membre du centre. $ 1 440 000.<\/p>\n<p>2011-2014 <i>Habitudes de vie, alimentation et activit\u00e9 physique au Qu\u00e9bec: recommandations et promotion de 1945 \u00e0 1980<\/i>, subvention CRSH, Programme de Subventions ordinaires. $\u00a043\u00a0710.<\/p>\n<p>2012-2014 <em>Revue d&#8217;histoire de l&#8217;Am\u00e9rique fran\u00e7aise<\/em>, subvention FQRSC, Programme Revues de recherche et de transfert des connaissances. Cocandidat, membre du comit\u00e9 de r\u00e9daction. $\u00a073\u00a0920.<\/p>\n<p>2009-2010 <i>Le bien-vivre au Qu\u00e9bec de 1945 \u00e0 1980<\/i>, subvention du PAIR-UQAC pour le d\u00e9marrage d&#8217;un nouveau projet. $ 5\u00a0000<\/p>\n<p>2006-2009 <i>L\u2019\u00e9volution des client\u00e8les hospitali\u00e8res au Qu\u00e9bec, 1881-1951<\/i>, subvention FQRSC, programme \u00c9tablissement de nouveaux professeurs-chercheurs, 2006-2009. $ 39\u00a0194.<\/p>\n<p>2005-2010\u00a0\u00a0 Chercheur dans une \u00e9quipe de 7 chercheurs dirig\u00e9e par Andr\u00e9 Turmel de l\u2019Universit\u00e9 Laval, FQRSC, programme de Soutien aux \u00e9quipes de recherche, <i>La Ville de Qu\u00e9bec comme laboratoire sociohistorique : l&#8217;enfance et l&#8217;entr\u00e9e dans la vie adulte, 1850-1950<\/i>. $ 393\u00a0040.<\/p>\n<p>2004-2011 Centre interuniversitaire d\u2019\u00e9tudes qu\u00e9b\u00e9coises, subvention FQRSC, programme des regroupements strat\u00e9giques\/centres de recherche. Cochercheur, membre du centre. $ 1 900 000.<\/p>\n<p>2004-2007 Fran\u00e7ois Gu\u00e9rard, chercheur principal, Aline Charles et Yvan Rousseau, cochercheurs-es, du CRSH pour 2004-2007, <i>L\u2019h\u00f4pital priv\u00e9 au Qu\u00e9bec, 1870-1975<\/i>. $ 69\u00a0000.<\/p>\n<p>2003-2004 Fran\u00e7ois Gu\u00e9rard, des Fonds int\u00e9gration &#8211; nouveaux professeurs et Campagne de financement, UQAC, <i>Inventaire des archives hospitali\u00e8res du Saguenay-Lac-Saint-Jean.<\/i> 3\u00a0000$.<\/p>\n<p>2001-2004 Fran\u00e7ois Gu\u00e9rard, chercheur principal, Aline Charles et Yvan Rousseau, cochercheurs-es, du CRSH pour 2001-2004, <i>Tensions, ajustements et blocages: le syst\u00e8me hospitalier qu\u00e9b\u00e9cois de 1939 \u00e0 1960. <\/i>69\u00a0525\u00a0$.<\/p>\n<p>2001-2004 Chercheur collaborateur dans un projet dirig\u00e9 par Richard Marcoux de l\u2019Universit\u00e9 Laval, FCAR, programme de soutien aux \u00e9quipes de recherche, <i>Ville et population en changement: transformations urbaines et ajustements familiaux \u00e0 Qu\u00e9bec au 19i\u00e8me si\u00e8cle et au d\u00e9but du 20<sup>i\u00e8me<\/sup>.<\/i><\/p>\n<p>2001-2003 Fran\u00e7ois Gu\u00e9rard, Hannah Institute for the History of Medicine,<i> Le syst\u00e8me hospitalier \u00e0 la crois\u00e9e des chemins: l\u2019impasse financi\u00e8re de 1939 \u00e0 1960,<\/i> 21\u00a0649\u00a0$.<\/p>\n","protected":false},"excerpt":{"rendered":"<p>Sp\u00e9cialiste d&#8217;histoire de la sant\u00e9, Fran\u00e7ois Gu\u00e9rard est membre chercheur d&#8217;organisations consacr\u00e9es \u00e0 la recherche: Centre interuniversitaire d&#8217;\u00e9tudes qu\u00e9b\u00e9coises (CIEQ) Groupe de recherche et d&#8217;intervention r\u00e9gionales (GRIR) bas\u00e9 \u00e0 l&#8217;UQAC. Ses travaux portent essentiellement sur l\u2019histoire des services hospitaliers et d\u2019hygi\u00e8ne publique dans le Qu\u00e9bec des XIXe et XXe si\u00e8cles. Fran\u00e7ois Gu\u00e9rard s&#8217;est particuli\u00e8rement pench\u00e9 &hellip; <a href=\"https:\/\/portfolio.uqac.ca\/francoisguerard\/recherche\/\" class=\"more-link\">Continuer la lecture de <span class=\"screen-reader-text\">Recherche<\/span>  <span class=\"meta-nav\">&rarr;<\/span><\/a><\/p>\n","protected":false},"author":34,"featured_media":0,"parent":0,"menu_order":0,"comment_status":"closed","ping_status":"closed","template":"","meta":{"footnotes":""},"tags":[],"_links":{"self":[{"href":"https:\/\/portfolio.uqac.ca\/francoisguerard\/wp-json\/wp\/v2\/pages\/46"}],"collection":[{"href":"https:\/\/portfolio.uqac.ca\/francoisguerard\/wp-json\/wp\/v2\/pages"}],"about":[{"href":"https:\/\/portfolio.uqac.ca\/francoisguerard\/wp-json\/wp\/v2\/types\/page"}],"author":[{"embeddable":true,"href":"https:\/\/portfolio.uqac.ca\/francoisguerard\/wp-json\/wp\/v2\/users\/34"}],"replies":[{"embeddable":true,"href":"https:\/\/portfolio.uqac.ca\/francoisguerard\/wp-json\/wp\/v2\/comments?post=46"}],"version-history":[{"count":14,"href":"https:\/\/portfolio.uqac.ca\/francoisguerard\/wp-json\/wp\/v2\/pages\/46\/revisions"}],"predecessor-version":[{"id":194,"href":"https:\/\/portfolio.uqac.ca\/francoisguerard\/wp-json\/wp\/v2\/pages\/46\/revisions\/194"}],"wp:attachment":[{"href":"https:\/\/portfolio.uqac.ca\/francoisguerard\/wp-json\/wp\/v2\/media?parent=46"}],"wp:term":[{"taxonomy":"post_tag","embeddable":true,"href":"https:\/\/portfolio.uqac.ca\/francoisguerard\/wp-json\/wp\/v2\/tags?post=46"}],"curies":[{"name":"wp","href":"https:\/\/api.w.org\/{rel}","templated":true}]}}