{"id":18,"date":"2018-08-16T08:05:06","date_gmt":"2018-08-16T12:05:06","guid":{"rendered":"http:\/\/portfolio-pre.uqac.ca\/gabarit\/?page_id=18"},"modified":"2025-09-18T23:24:56","modified_gmt":"2025-09-19T03:24:56","slug":"enseignement","status":"publish","type":"page","link":"https:\/\/portfolio.uqac.ca\/francoisolivierdorais\/enseignement\/","title":{"rendered":"Enseignement"},"content":{"rendered":"<h2><\/h2>\n<h2><strong>Cours enseign\u00e9s au baccalaur\u00e9at en histoire<\/strong><\/h2>\n<ul>\n<li><a href=\"https:\/\/programmes.uqac.ca\/4HIS593#:~:text=Comprendre%20les%20concepts%20propres%20%C3%A0,cette%20approche%20de%20l'histoire.\">4HIS593 <\/a>: Th\u00e8me en histoire politique (Histoire des francophonies nord-am\u00e9ricaines)<\/li>\n<li><a href=\"https:\/\/cours.uqac.ca\/4HIS346\">4HIS346<\/a> : Penser l&#8217;histoire et le m\u00e9tier d&#8217;historien<\/li>\n<li><a href=\"https:\/\/cours.uqac.ca\/4HIS344\">4HIS344 <\/a>: Initiation \u00e0 la recherche historique<\/li>\n<li><a href=\"https:\/\/cours.uqac.ca\/4HIS536\">4HIS536 <\/a>: Histoire du Saguenay-Lac-Saint-Jean<\/li>\n<li><a href=\"https:\/\/cours.uqac.ca\/4HIS602\">4HIS602 <\/a>: Histoire r\u00e9gionale et locale<\/li>\n<li><a href=\"https:\/\/cours.uqac.ca\/4HIS139\">4HIS524 <\/a>: Histoire du Canada I : des d\u00e9buts de la colonisation \u00e0 1840<\/li>\n<li><a href=\"https:\/\/cours.uqac.ca\/4HIS546\">4HIS546 <\/a>: Histoire culturelle du Qu\u00e9bec, XIXe et XXe si\u00e8cles<\/li>\n<li><a href=\"https:\/\/cours.uqac.ca\/4PLU700\">4PLU700\u00a0<\/a>: Lectures dirig\u00e9es en sciences humaines<\/li>\n<li><a href=\"https:\/\/programmes.uqac.ca\/4HON102\">4HON102<\/a> : Recherche en sciences humaines II : Analyse et r\u00e9daction<\/li>\n<li><a href=\"https:\/\/programmes.uqac.ca\/4HIS590\">4HIS590<\/a> : Th\u00e8me en histoire culturelle (Historiographie du Qu\u00e9bec)<\/li>\n<\/ul>\n<h2><strong>Supervision de stages<br \/>\n<\/strong><\/h2>\n<ul>\n<li><a href=\"https:\/\/programmes.uqac.ca\/4HIS352\">4HIS352 <\/a>: Stage en milieu de travail dans le champ de l&#8217;histoire publique<\/li>\n<li>Stage MITACS &#8211; Centre d&#8217;histoire des Soeurs du Bon-Conseil (Chicoutimi)<\/li>\n<\/ul>\n<p>&nbsp;<\/p>\n","protected":false},"excerpt":{"rendered":"<p>Cours enseign\u00e9s au baccalaur\u00e9at en histoire 4HIS593 : Th\u00e8me en histoire politique (Histoire des francophonies nord-am\u00e9ricaines) 4HIS346 : Penser l&#8217;histoire et le m\u00e9tier d&#8217;historien 4HIS344 : Initiation \u00e0 la recherche historique 4HIS536 : Histoire du Saguenay-Lac-Saint-Jean 4HIS602 : Histoire r\u00e9gionale et locale 4HIS524 : Histoire du Canada I : des d\u00e9buts de la colonisation \u00e0 &hellip; <a href=\"https:\/\/portfolio.uqac.ca\/francoisolivierdorais\/enseignement\/\" class=\"more-link\">Continuer la lecture de <span class=\"screen-reader-text\">Enseignement<\/span>  <span class=\"meta-nav\">&rarr;<\/span><\/a><\/p>\n","protected":false},"author":89,"featured_media":0,"parent":0,"menu_order":0,"comment_status":"closed","ping_status":"closed","template":"","meta":{"footnotes":""},"tags":[],"_links":{"self":[{"href":"https:\/\/portfolio.uqac.ca\/francoisolivierdorais\/wp-json\/wp\/v2\/pages\/18"}],"collection":[{"href":"https:\/\/portfolio.uqac.ca\/francoisolivierdorais\/wp-json\/wp\/v2\/pages"}],"about":[{"href":"https:\/\/portfolio.uqac.ca\/francoisolivierdorais\/wp-json\/wp\/v2\/types\/page"}],"author":[{"embeddable":true,"href":"https:\/\/portfolio.uqac.ca\/francoisolivierdorais\/wp-json\/wp\/v2\/users\/89"}],"replies":[{"embeddable":true,"href":"https:\/\/portfolio.uqac.ca\/francoisolivierdorais\/wp-json\/wp\/v2\/comments?post=18"}],"version-history":[{"count":15,"href":"https:\/\/portfolio.uqac.ca\/francoisolivierdorais\/wp-json\/wp\/v2\/pages\/18\/revisions"}],"predecessor-version":[{"id":562,"href":"https:\/\/portfolio.uqac.ca\/francoisolivierdorais\/wp-json\/wp\/v2\/pages\/18\/revisions\/562"}],"wp:attachment":[{"href":"https:\/\/portfolio.uqac.ca\/francoisolivierdorais\/wp-json\/wp\/v2\/media?parent=18"}],"wp:term":[{"taxonomy":"post_tag","embeddable":true,"href":"https:\/\/portfolio.uqac.ca\/francoisolivierdorais\/wp-json\/wp\/v2\/tags?post=18"}],"curies":[{"name":"wp","href":"https:\/\/api.w.org\/{rel}","templated":true}]}}