{"id":231,"date":"2020-05-23T15:33:05","date_gmt":"2020-05-23T19:33:05","guid":{"rendered":"http:\/\/portfolio-pre.uqac.ca\/francoisolivierdorais\/?page_id=231"},"modified":"2025-09-19T00:05:11","modified_gmt":"2025-09-19T04:05:11","slug":"numeros-de-revue","status":"publish","type":"page","link":"https:\/\/portfolio.uqac.ca\/francoisolivierdorais\/numeros-de-revue\/","title":{"rendered":"Direction de num\u00e9ros de revue"},"content":{"rendered":"<ol>\n<li><strong>F-O Dorais<\/strong>, Olivier Lemieux et Jean Bernatchez, (dir.)\u00ab <a href=\"https:\/\/www.acfas.ca\/publications\/magazine\/enjeux-recherche\/universites-en-region\">Universit\u00e9s en r\u00e9gion : perspectives et prospectives<\/a> \u00bb, (<em>Magazine ACFAS<\/em>, septembre 2025).<\/li>\n<li><strong>F-O Dorais<\/strong> et Jean-Fran\u00e7ois Laniel, \u00ab <a href=\"https:\/\/www.erudit.org\/fr\/revues\/rs\/2024-rs09821\/\">D\u2019une g\u00e9n\u00e9ration \u00e0 l\u2019autre. Itin\u00e9raires de sociologues du Qu\u00e9bec<\/a> \u00bb, co-direction avec Jean-Fran\u00e7ois Laniel, (<em>Recherches sociographiques<\/em>, hors-s\u00e9rie, hiver 2025).<\/li>\n<li><strong>F-O Dorais, <\/strong>Jean-Fran\u00e7ois Laniel, Jules Racine St-Jacques et Daniel Poitras (dir.), \u00ab <a href=\"https:\/\/www.erudit.org\/fr\/revues\/mens\/2019-v20-n1-2-mens05849\/\">Le &#8220;moment am\u00e9ricain&#8221; des universitaires qu\u00e9b\u00e9cois. Appropriations, transferts et r\u00e9seaux (1930-1960) <\/a>\u00bb, (<em>Mens. Revue d&#8217;histoire intellectuelle et culturelle<\/em>,\u00a020, 1-2, automne 2019-printemps 2020).<\/li>\n<li><strong>F-O Dorais <\/strong>et Martin P\u00e2quet (dir.), \u00ab <a href=\"https:\/\/www.erudit.org\/fr\/revues\/bhp\/2020-v29-n1-bhp05750\/\">L&#8217;enseignement de l&#8217;histoire au 1er cycle universitaire<\/a>.\u00a0 Portrait, enjeux et perspectives d&#8217;avenir \u00bb, (<em>Bulletin d&#8217;histoire politique<\/em>, 29, 1, automne 2020).<\/li>\n<li><strong>F-O Dorais, <\/strong>Michel Bock et E.-Martin Meunier (dir.), \u00ab <a href=\"https:\/\/www.erudit.org\/fr\/revues\/bhp\/2018-v26-n2-bhp03478\/\">Le projet du bilinguisme canadien : histoire, utopie et r\u00e9alisation<\/a> \u00bb, (<em>Bulletin d\u2019histoire politique<\/em>, 26, 2, janvier 2018).<\/li>\n<li><strong>F-O Dorais <\/strong>et Serge Miville (dir.), \u00ab <a href=\"https:\/\/www.erudit.org\/fr\/revues\/fa\/2014-n37-fa02166\/\">Francophonie canadienne et pouvoir<\/a> \u00bb (<em>Francophonies d\u2019Am\u00e9rique<\/em>, 37, printemps 2014).<\/li>\n<\/ol>\n","protected":false},"excerpt":{"rendered":"<p>F-O Dorais, Olivier Lemieux et Jean Bernatchez, (dir.)\u00ab Universit\u00e9s en r\u00e9gion : perspectives et prospectives \u00bb, (Magazine ACFAS, septembre 2025). F-O Dorais et Jean-Fran\u00e7ois Laniel, \u00ab D\u2019une g\u00e9n\u00e9ration \u00e0 l\u2019autre. Itin\u00e9raires de sociologues du Qu\u00e9bec \u00bb, co-direction avec Jean-Fran\u00e7ois Laniel, (Recherches sociographiques, hors-s\u00e9rie, hiver 2025). F-O Dorais, Jean-Fran\u00e7ois Laniel, Jules Racine St-Jacques et Daniel Poitras &hellip; <a href=\"https:\/\/portfolio.uqac.ca\/francoisolivierdorais\/numeros-de-revue\/\" class=\"more-link\">Continuer la lecture de <span class=\"screen-reader-text\">Direction de num\u00e9ros de revue<\/span>  <span class=\"meta-nav\">&rarr;<\/span><\/a><\/p>\n","protected":false},"author":213,"featured_media":0,"parent":0,"menu_order":0,"comment_status":"closed","ping_status":"closed","template":"","meta":{"footnotes":""},"tags":[],"_links":{"self":[{"href":"https:\/\/portfolio.uqac.ca\/francoisolivierdorais\/wp-json\/wp\/v2\/pages\/231"}],"collection":[{"href":"https:\/\/portfolio.uqac.ca\/francoisolivierdorais\/wp-json\/wp\/v2\/pages"}],"about":[{"href":"https:\/\/portfolio.uqac.ca\/francoisolivierdorais\/wp-json\/wp\/v2\/types\/page"}],"author":[{"embeddable":true,"href":"https:\/\/portfolio.uqac.ca\/francoisolivierdorais\/wp-json\/wp\/v2\/users\/213"}],"replies":[{"embeddable":true,"href":"https:\/\/portfolio.uqac.ca\/francoisolivierdorais\/wp-json\/wp\/v2\/comments?post=231"}],"version-history":[{"count":7,"href":"https:\/\/portfolio.uqac.ca\/francoisolivierdorais\/wp-json\/wp\/v2\/pages\/231\/revisions"}],"predecessor-version":[{"id":574,"href":"https:\/\/portfolio.uqac.ca\/francoisolivierdorais\/wp-json\/wp\/v2\/pages\/231\/revisions\/574"}],"wp:attachment":[{"href":"https:\/\/portfolio.uqac.ca\/francoisolivierdorais\/wp-json\/wp\/v2\/media?parent=231"}],"wp:term":[{"taxonomy":"post_tag","embeddable":true,"href":"https:\/\/portfolio.uqac.ca\/francoisolivierdorais\/wp-json\/wp\/v2\/tags?post=231"}],"curies":[{"name":"wp","href":"https:\/\/api.w.org\/{rel}","templated":true}]}}