{"id":233,"date":"2020-05-23T15:36:05","date_gmt":"2020-05-23T19:36:05","guid":{"rendered":"http:\/\/portfolio-pre.uqac.ca\/francoisolivierdorais\/?page_id=233"},"modified":"2025-09-18T23:45:04","modified_gmt":"2025-09-19T03:45:04","slug":"articles-savants","status":"publish","type":"page","link":"https:\/\/portfolio.uqac.ca\/francoisolivierdorais\/articles-savants\/","title":{"rendered":"Articles savants"},"content":{"rendered":"<ol>\n<li>Daniel Poitras et <strong>F.-O Dorais<\/strong>, \u00ab \u00ab Let\u2019s infuse some American ideals of education in French Canada \u00bb. Officiers et boursiers de la Fondation Rockefeller au Qu\u00e9bec (1921-1954) \u00bb, (article soumis).<\/li>\n<li><strong>F.-O. Dorais<\/strong> et Daniel Poitras, \u00ab\u00a0 La \u00ab petite nation \u00bb dans la mire de la grande. Le Qu\u00e9bec et Rockefeller, au regard de son \u00e9missaire John Marshall (1941-1954) \u00bb, (article soumis).<\/li>\n<li><strong>F.-O. Dorais<\/strong> et Fran\u00e7ois Gu\u00e9rard, \u00ab Un Royaume d\u2019esp\u00e9rances. Naissance et \u00e9volution du r\u00e9gionalisme saguen\u00e9en (1850-1940) \u00bb, <span style=\"text-decoration: underline\">Mens. <\/span><u>Revue d&#8217;histoire intellectuelle et culturelle<\/u> (article accept\u00e9).<\/li>\n<li>Jean-Fran\u00e7ois Laniel et <strong>F.-O. Dorais, <\/strong>\u00ab La quatri\u00e8me g\u00e9n\u00e9ration de sociologues qu\u00e9b\u00e9cois : une sociologie sp\u00e9cialis\u00e9e ? \u00bb, <u>Recherches sociographiques<\/u>, hors-s\u00e9rie, hiver 2025, p. 9-20.<\/li>\n<li><strong>F.-O. Dorais, <\/strong>\u00ab R\u00e9ponses aux remarques sur\u00a0<em>L\u2019\u00e9cole historique de Qu\u00e9bec<\/em>\u00a0&#8211; Table ronde sur une parution r\u00e9cente\u00a0<em>L\u2019\u00e9cole historique de Qu\u00e9bec. Une histoire intellectuelle<\/em>, de Fran\u00e7ois-Olivier Dorais (2022) \u00bb,\u00a0<u>Revue d\u2019histoire de l\u2019Am\u00e9rique fran\u00e7aise<\/u>, vol. 77, no. 3, 2024, p. 111-118.<\/li>\n<li><strong>F.-O. Dorais, <\/strong>\u00ab Les retours d\u2019Europe et d\u2019Am\u00e9rique comme figures heuristiques de la petite nation au Qu\u00e9bec \u00bb, <u>Recherches sociographiques<\/u>, 64, n\u00b0 2, mai\u2013ao\u00fbt 2023, p. 317\u2013342.<\/li>\n<li>Daniel Poitras et <strong>F.-O Dorais, <\/strong>\u00ab Un nouveau moment historiographique pour le Qu\u00e9bec ? Essai d\u2019interpr\u00e9tation \u00bb avec Daniel Poitras, <u>Revue d\u2019histoire de l\u2019Am\u00e9rique fran\u00e7aise<\/u>, vol. 74, no. 1-2, \u00e9t\u00e9-automne 2020, p. 73-102.<\/li>\n<li><strong>F.-O. Dorais, <\/strong>\u00ab Marcel Trudel \u00e0 Harvard. Trajectoire d\u2019un &#8220;retour d\u2019Am\u00e9rique&#8221; \u00bb, <u> Revue d&#8217;histoire intellectuelle et culturelle<\/u>, vol. 20, no. 1-2, automne 2019-printemps 2020, p. 135-172.<\/li>\n<li><strong>F.-O. Dorais <\/strong>et Martin P\u00e2quet, \u00ab L\u2019enseignement de l\u2019histoire au 1<sup>er<\/sup> cycle universitaire : portrait, enjeux et perspective d\u2019avenir \u00bb, <u>Bulletin d\u2019histoire politique<\/u>, vol. 29, no. 1, automne 2020, p. 9-16.<\/li>\n<li><strong>F.-O. Dorais, <\/strong>\u00ab Groulx, le Qu\u00e9bec et la question du politique \u00bb, <u>Revue d\u2019histoire de l\u2019Am\u00e9rique fran\u00e7aise<\/u>, 71, no. 2, 2019, p. 105-111.<\/li>\n<li><strong>F.-O. Dorais, <\/strong>Michel Bock et E.-Martin Meunier, \u00ab Grandeur et mis\u00e8re de l&#8217;utopie bilingue au Canada \u00bb, <u>Bulletin d&#8217;histoire politique<\/u>, vol. 26, no. 2, janvier 2018, p. 9-20.<\/li>\n<li><strong>F.-O. Dorais, <\/strong>\u00ab La science historique \u00e0 l&#8217;heure du bilinguisme. Regards sur la cr\u00e9ation du Dictionnaire biographique du Canada \u00bb, <u>Bulletin d&#8217;histoire politique<\/u>, vol. 26, no. 2, janvier 2018, p. 43-66.<\/li>\n<li><strong>F.-O. Dorais, <\/strong>\u00ab L&#8217;histoire du Qu\u00e9bec vue d&#8217;ailleurs. Le Qu\u00e9bec au prisme des historiens am\u00e9ricains et fran\u00e7ais \u00bb, <u>Histoire, \u00e9conomie &amp; soci\u00e9t\u00e9<\/u>, vol. 9, no. 25, 2017, p. 104-129.<\/li>\n<li><strong>F.-O. Dorais, <\/strong>\u00ab Marcel Trudel et Fernand Ouellet : deux historiens face \u00e0 la &#8220;crise du s\u00e9paratisme&#8221; \u00bb, <u>Bullet<\/u><span style=\"text-decoration: underline\">in d<\/span><u>&#8216;histoire politique<\/u>, vol. 25, no. 3, printemps 2017, p. 124-144.<\/li>\n<li>Michel Bock et <strong>F.-O. Dorais, <\/strong>\u00ab Quelle universit\u00e9 pour quelle soci\u00e9t\u00e9? Le d\u00e9bat intellectuel autour de la question universitaire en Ontario fran\u00e7ais depuis les ann\u00e9es 1960 \u00bb, <u>Revue du Nouvel-Ontario<\/u>, 41, p. 121-195.<\/li>\n<li><strong>F.-O. Dorais, <\/strong>\u00ab Marcel Trudel et Guy Fr\u00e9gault : regards sur une amiti\u00e9 intellectuelle \u00bb, <u>Recherches sociographiques<\/u>, vol. 57, no. 2-3, 2016, p. 523-552.<\/li>\n<li><strong>F.-O. Dorais, <\/strong>\u00ab Classifier et organiser la production historiographique au Qu\u00e9bec : r\u00e9flexions critiques autour de la notion d\u2019&#8221;\u00e9cole historique&#8221; \u00bb, <u>Bulletin d&#8217;Histoire Politique<\/u>, vol. 24, no. 3, printemps 2016, p. 158-176.<\/li>\n<li><strong>F.-O. Dorais, <\/strong>\u00ab Pr\u00e9sence et influence de Robert Mandrou au Qu\u00e9bec \u00bb, <u>Revue d&#8217;histoire de l&#8217;Am\u00e9rique fran\u00e7aise<\/u>, 69, no. 3, hiver 2016, p. 59-82.<\/li>\n<li><strong>F.-O. Dorais, <\/strong>\u00ab Catholicisme social, anticommunisme et nationalisme en Ontario fran\u00e7ais : le cas de figure du p\u00e8re Gustave Sauv\u00e9, m.i. (1930-1960) \u00bb, <u>\u00c9tudes d&#8217;histoire religieuse<\/u>, vol. 81, no. 1-2, 2015, p. 39-57.<\/li>\n<li><strong>F.-O. Dorais <\/strong>et Serge Miville, \u00ab Pr\u00e9sentation : Francophonie canadienne et pouvoir \u00bb, <u>Francophonies d&#8217;Am\u00e9rique<\/u>, no. 37, printemps 2014, p. 9-16.<\/li>\n<li><strong>F.-O. Dorais, <\/strong>\u00ab Ga\u00e9tan Gervais : t\u00e9moin et agent d\u2019une mutation r\u00e9f\u00e9rentielle en Ontario fran\u00e7ais \u00bb, <u> Revue<\/u> <u>d\u2019histoire intellectuelle et culturelle<\/u>, vol. 23, no. 2, printemps 2013, p. 59-99.<\/li>\n<\/ol>\n","protected":false},"excerpt":{"rendered":"<p>Daniel Poitras et F.-O Dorais, \u00ab \u00ab Let\u2019s infuse some American ideals of education in French Canada \u00bb. Officiers et boursiers de la Fondation Rockefeller au Qu\u00e9bec (1921-1954) \u00bb, (article soumis). F.-O. Dorais et Daniel Poitras, \u00ab\u00a0 La \u00ab petite nation \u00bb dans la mire de la grande. Le Qu\u00e9bec et Rockefeller, au regard de &hellip; <a href=\"https:\/\/portfolio.uqac.ca\/francoisolivierdorais\/articles-savants\/\" class=\"more-link\">Continuer la lecture de <span class=\"screen-reader-text\">Articles savants<\/span>  <span class=\"meta-nav\">&rarr;<\/span><\/a><\/p>\n","protected":false},"author":213,"featured_media":0,"parent":0,"menu_order":0,"comment_status":"closed","ping_status":"closed","template":"","meta":{"footnotes":""},"tags":[],"_links":{"self":[{"href":"https:\/\/portfolio.uqac.ca\/francoisolivierdorais\/wp-json\/wp\/v2\/pages\/233"}],"collection":[{"href":"https:\/\/portfolio.uqac.ca\/francoisolivierdorais\/wp-json\/wp\/v2\/pages"}],"about":[{"href":"https:\/\/portfolio.uqac.ca\/francoisolivierdorais\/wp-json\/wp\/v2\/types\/page"}],"author":[{"embeddable":true,"href":"https:\/\/portfolio.uqac.ca\/francoisolivierdorais\/wp-json\/wp\/v2\/users\/213"}],"replies":[{"embeddable":true,"href":"https:\/\/portfolio.uqac.ca\/francoisolivierdorais\/wp-json\/wp\/v2\/comments?post=233"}],"version-history":[{"count":9,"href":"https:\/\/portfolio.uqac.ca\/francoisolivierdorais\/wp-json\/wp\/v2\/pages\/233\/revisions"}],"predecessor-version":[{"id":566,"href":"https:\/\/portfolio.uqac.ca\/francoisolivierdorais\/wp-json\/wp\/v2\/pages\/233\/revisions\/566"}],"wp:attachment":[{"href":"https:\/\/portfolio.uqac.ca\/francoisolivierdorais\/wp-json\/wp\/v2\/media?parent=233"}],"wp:term":[{"taxonomy":"post_tag","embeddable":true,"href":"https:\/\/portfolio.uqac.ca\/francoisolivierdorais\/wp-json\/wp\/v2\/tags?post=233"}],"curies":[{"name":"wp","href":"https:\/\/api.w.org\/{rel}","templated":true}]}}