{"id":235,"date":"2020-05-23T15:38:42","date_gmt":"2020-05-23T19:38:42","guid":{"rendered":"http:\/\/portfolio-pre.uqac.ca\/francoisolivierdorais\/?page_id=235"},"modified":"2025-09-18T23:46:46","modified_gmt":"2025-09-19T03:46:46","slug":"chapitres-douvrages","status":"publish","type":"page","link":"https:\/\/portfolio.uqac.ca\/francoisolivierdorais\/chapitres-douvrages\/","title":{"rendered":"Chapitres d&#8217;ouvrages"},"content":{"rendered":"<ol>\n<li><strong>F.-O. Dorais<\/strong>, \u00ab Le Qu\u00e9bec face \u00e0 la crise Montfort : quelle solidarit\u00e9? \u00bb dans Michel Bock et Fran\u00e7ois Charbonneau (dir.), <em>Le moment Montfort dans la francophonie canadienne<\/em>, Presses de l\u2019Universit\u00e9 d\u2019Ottawa, 2024, p. 111-154.<\/li>\n<li><strong>F.-O. Dorais<\/strong>, \u00ab The return from Europe and the return from America as heuristic figures of the small nation in Quebec \u00bb in Kiyonobu Date &amp; Jean-Fran\u00e7ois Laniel (ed.), <em>A New Approach to Global Studies from the Perspective of Small Nations<\/em>, London, Routledge, 2023, p. 26-48.<\/li>\n<li><strong>F.-O. Dorais <\/strong>et Daniel Poitras, \u00ab Between distrust and acceptance. The influence of the United States on post-war Quebec \u00bb (with Daniel Poitras) in Asa McKercher &amp; Michael D. Stevenson (ed.),\u00a0<em>North of America. Canadians and the American Century, 1945-60\u00b8<\/em>UBC Press,2024, p. 202-231.<\/li>\n<li>Louise Bienvenue et<strong> F.-O. Dorais<\/strong>, \u00ab \u00c0 la recherche des ouvri\u00e8res de Clio \u00bb (avec Louise Bienvenue) dans <em>Profession historienne? Femmes et pratique de l\u2019histoire au Canada fran\u00e7ais, XIXe-XXe si\u00e8cles<\/em>, Qu\u00e9bec, Presses de l\u2019Universit\u00e9 Laval, 2023, p. 1-23.<\/li>\n<li><strong>F.-O. Dorais<\/strong>, \u00ab De l\u2019intendance scientifique en histoire. Les petites mains de Juliette Lalonde-R\u00e9millard \u00bb dans Louise Bienvenue et F-O Dorais, <em>Profession historienne? Les femmes dans la production et la diffusion des savoirs historiques, XIXe-XXe si\u00e8cles<\/em>, Qu\u00e9bec, Presses de l\u2019Universit\u00e9 Laval, 2023, p. 227-256.<\/li>\n<li><strong>F.-O. Dorais <\/strong>et Genevi\u00e8ve Nootens, \u00ab D\u00e9fis politiques, d\u00e9fis m\u00e9thodologiques. Les Autochtones et l\u2019\u00e9criture de l\u2019histoire au Qu\u00e9bec \u00bb dans <em>Qu\u00e9b\u00e9cois et Autochtones. Histoire commune, histoire crois\u00e9es, histoires parall\u00e8les?<\/em>, Montr\u00e9al, Bor\u00e9al, 2023, p. 9-22.<\/li>\n<li><strong>F.-O. Dorais <\/strong>avec la collaboration de Marianne Fortin, \u00ab Penser notre h\u00e9ritage collectif, \u00e0 l\u2019intersection des mondes : entretien avec Denys Del\u00e2ge \u00bb, dans Qu\u00e9b\u00e9cois et Autochtones. Histoire commune, histoire crois\u00e9es, histoires parall\u00e8les?, Montr\u00e9al, Bor\u00e9al, 2023, p. 235-265.<\/li>\n<li><strong>F.-O. Dorais<\/strong>, \u00ab The Quebec \u00ab School \u00bb of History and the Idea of Federalism \u00bb in Antoine Brousseau-Desaulniers et St\u00e9phane Savard (ed.), <em>Contemporary Federalist Thoughts in Quebec<\/em>, Montreal, McGill-Queen University Press, 2023, p. 269-289.<\/li>\n<li>Michel Bock et <strong>F.-O. Dorais<\/strong>\u00ab L\u2019Ontario fran\u00e7ais, ou la difficile refondation : quelques r\u00e9flexions autour de trois intellectuels nord-ontariens \u00bb (avec Michel Bock) dans Jean Lamarre (dir.),\u00a0<em>Identit\u00e9s nationales \/ identit\u00e9s r\u00e9gionales dans l\u2019espace de la francophonie europ\u00e9enne et nord-am\u00e9ricaine des ann\u00e9es 1960 \u00e0 nos jours, Qu\u00e9bec, Presses de l\u2019Universit\u00e9 Laval, 2022, p. 339-356.<\/em><\/li>\n<li><strong>F.-O. Dorais<\/strong>, \u00ab Le regard d&#8217;autrui comme miroir de Le Qu\u00e9bec sous la plume de Francis Parkman et Rameau de Saint-P\u00e8re \u00bb, <em>Le Qu\u00e9bec et ses autrui significatifs, <\/em>Montr\u00e9al, Presses Universitaire du Qu\u00e9bec, 2022, p. 323-337.<\/li>\n<li><strong>F.-O. Dorais, <\/strong>\u00ab Jean-Charles Bonenfant : la pens\u00e9e \u00e9ducative d\u2019un &#8220;honn\u00eate homme&#8221; \u00bb dans Denis Simard et Olivier Lemieux (dir.), <em>La pens\u00e9e \u00e9ducative et les intellectuels au Qu\u00e9bec. La g\u00e9n\u00e9ration 1900-1915<\/em>, Qu\u00e9bec, PUL, 2021.<\/li>\n<li><strong>F.-O. Dorais<\/strong>, \u00ab L\u2019\u00e9cole historique de Qu\u00e9bec et l\u2019id\u00e9e f\u00e9d\u00e9rale \u00bb dans Antoine Brousseau-Desaulniers et St\u00e9phane Savard (dir.), <em>La pens\u00e9e f\u00e9d\u00e9raliste contemporaine au Qu\u00e9bec. Perspectives historiques<\/em>, Montr\u00e9al, PUQ (collection Politeia), 2020.<\/li>\n<li><strong>F.-O. Dorais<\/strong>, \u00ab L&#8217;historien t\u00e9m\u00e9raire. G\u00e9rard Bouchard, le comparatisme et le pr\u00e9sentisme \u00bb avec Daniel Poitras dans Genevi\u00e8ve Nootens et H\u00e9l\u00e8ne V\u00e9zina (dir.), <em>Explorer le social. M\u00e9langes en l\u2019honneur de G\u00e9rard Bouchard<\/em>, Presses de l\u2019Universit\u00e9 Laval, 2019.<\/li>\n<li><strong>F.-O. Dorais<\/strong>, \u00ab Jean-Charles Bonenfant, le chroniqueur \u00bb dans Am\u00e9lie Binette, Guy Laforest et Patrick Taillon (dir.), <em>Jean-Charles Bonenfant et l\u2019esprit des institutio<\/em>ns, PUL, 2019, p. 131-148.<\/li>\n<li><strong>F.-O. Dorais<\/strong>, \u00ab &#8220;L&#8217;esprit de 1867&#8221;. Jean-Charles Bonenfant et la Conf\u00e9d\u00e9ration canadienne \u00bb, Val\u00e9rie Lapointe- Gagnon (dir.),\u00a0 <em>La \u00a0Conf\u00e9d\u00e9ration et la dualit\u00e9 canadienne<\/em>\u00b8 Presses de l&#8217;Universit\u00e9 Laval, 2019, p. 211-238.<\/li>\n<li><strong>F.-O. Dorais<\/strong>, \u00ab Ga\u00e9tan Gervais: un intellectuel franco-ontarien entre rupture et constantes \u00bb dans Joseph-Yvon Th\u00e9riault &amp; Jean-Fran\u00e7ois Laniel (dir.), <em>Retour sur les \u00c9tats g\u00e9n\u00e9raux du Canada fran\u00e7ais.Continuit\u00e9s et ruptures d&#8217;un projet national<\/em>, Montr\u00e9al, Presses de l&#8217;Universit\u00e9 du Qu\u00e9bec, 2016, p. 109-140.<\/li>\n<li><strong>F.-O. Dorais<\/strong>, \u00ab Identit\u00e9, m\u00e9moire et mobilisation \u00e9tudiante en Ontario fran\u00e7ais. Le cas de l\u2019Association des \u00e9tudiants de langue fran\u00e7aise du Nord de l\u2019Ontario \u00bb dans Michelle Landry, Martin P\u00e2quet et Anne Gilbert (dir.), <em>M\u00e9moires et mobilisations<\/em>, Qu\u00e9bec, Presses de l&#8217;Universit\u00e9 Laval, 2015, p. 195- 220.<\/li>\n<\/ol>\n","protected":false},"excerpt":{"rendered":"<p>F.-O. Dorais, \u00ab Le Qu\u00e9bec face \u00e0 la crise Montfort : quelle solidarit\u00e9? \u00bb dans Michel Bock et Fran\u00e7ois Charbonneau (dir.), Le moment Montfort dans la francophonie canadienne, Presses de l\u2019Universit\u00e9 d\u2019Ottawa, 2024, p. 111-154. F.-O. Dorais, \u00ab The return from Europe and the return from America as heuristic figures of the small nation in &hellip; <a href=\"https:\/\/portfolio.uqac.ca\/francoisolivierdorais\/chapitres-douvrages\/\" class=\"more-link\">Continuer la lecture de <span class=\"screen-reader-text\">Chapitres d&#8217;ouvrages<\/span>  <span class=\"meta-nav\">&rarr;<\/span><\/a><\/p>\n","protected":false},"author":213,"featured_media":0,"parent":0,"menu_order":0,"comment_status":"closed","ping_status":"closed","template":"","meta":{"footnotes":""},"tags":[],"_links":{"self":[{"href":"https:\/\/portfolio.uqac.ca\/francoisolivierdorais\/wp-json\/wp\/v2\/pages\/235"}],"collection":[{"href":"https:\/\/portfolio.uqac.ca\/francoisolivierdorais\/wp-json\/wp\/v2\/pages"}],"about":[{"href":"https:\/\/portfolio.uqac.ca\/francoisolivierdorais\/wp-json\/wp\/v2\/types\/page"}],"author":[{"embeddable":true,"href":"https:\/\/portfolio.uqac.ca\/francoisolivierdorais\/wp-json\/wp\/v2\/users\/213"}],"replies":[{"embeddable":true,"href":"https:\/\/portfolio.uqac.ca\/francoisolivierdorais\/wp-json\/wp\/v2\/comments?post=235"}],"version-history":[{"count":11,"href":"https:\/\/portfolio.uqac.ca\/francoisolivierdorais\/wp-json\/wp\/v2\/pages\/235\/revisions"}],"predecessor-version":[{"id":568,"href":"https:\/\/portfolio.uqac.ca\/francoisolivierdorais\/wp-json\/wp\/v2\/pages\/235\/revisions\/568"}],"wp:attachment":[{"href":"https:\/\/portfolio.uqac.ca\/francoisolivierdorais\/wp-json\/wp\/v2\/media?parent=235"}],"wp:term":[{"taxonomy":"post_tag","embeddable":true,"href":"https:\/\/portfolio.uqac.ca\/francoisolivierdorais\/wp-json\/wp\/v2\/tags?post=235"}],"curies":[{"name":"wp","href":"https:\/\/api.w.org\/{rel}","templated":true}]}}