{"id":245,"date":"2020-05-23T15:52:00","date_gmt":"2020-05-23T19:52:00","guid":{"rendered":"http:\/\/portfolio-pre.uqac.ca\/francoisolivierdorais\/?page_id=245"},"modified":"2025-09-18T23:32:57","modified_gmt":"2025-09-19T03:32:57","slug":"articles-dans-les-medias","status":"publish","type":"page","link":"https:\/\/portfolio.uqac.ca\/francoisolivierdorais\/articles-dans-les-medias\/","title":{"rendered":"Articles et entrevues dans les m\u00e9dias (s\u00e9lection)"},"content":{"rendered":"<ol>\n<li>\u00ab <a href=\"https:\/\/www.affairesuniversitaires.ca\/opinion-fr\/ingerence-politique-dans-la-recherche-le-canada-et-le-quebec-egalement-en-terrain-vulnerable\/\">Ing\u00e9rence politique dans la recherche : le Canada et le Qu\u00e9bec \u00e9galement en terrain vuln\u00e9rable<\/a> \u00bb (avec Catherine Larochelle, Martin P\u00e2quet et Louise Bienvenue), <em>Affaires Universitaires<\/em>, 9 avril 2025.<\/li>\n<li>\u00a0\u00ab <a href=\"https:\/\/www.lapresse.ca\/dialogue\/opinions\/2025-04-07\/l-histoire-ne-s-ecrit-pas-a-coups-de-decrets.php\">L&#8217;histoire ne s&#8217;\u00e9crit pas \u00e0 coups de d\u00e9crets<\/a> \u00bb (avec Catherine Larochelle, Martin P\u00e2quet et Louise Bienvenue), La Presse, 7 avril 2025.<\/li>\n<li>\u00ab <a href=\"https:\/\/www.lafabriqueculturelle.tv\/capsules\/15086\/jeannot-levesque-l-homme-au-million-de-photos\">Jeannot L\u00e9vesque, l&#8217;homme au 1,5 millions de photos<\/a> \u00bb, La fabrique culturelle, (Saguenay-Lac-Saint-Jean).<\/li>\n<li>\u00ab <a href=\"https:\/\/www.youtube.com\/watch?v=KuvywR-YFpE\">L&#8217;\u00e9cole historique de Qu\u00e9bec. Une histoire intellectuelle <\/a>\u00bb, \u00c9mission Notre histoire en t\u00eate, Soci\u00e9t\u00e9 historique de Montr\u00e9al, 28 novembre 2023.<\/li>\n<li>Daniel C\u00f4t\u00e9, \u00ab <a href=\"https:\/\/www.lequotidien.com\/2023\/04\/01\/regard-neuf-sur-lhistoire-des-quebecois-et-des-autochtones-43577e0391f3d61d390423d315836f8c\/\">Regard neuf sur l\u2019histoire des Qu\u00e9b\u00e9cois et des Autochtones <\/a>\u00bb, <em>Le Quotidien<\/em>, 31 mars 2023<\/li>\n<li>\u00ab <a href=\"https:\/\/uniquefm.ca\/entrevues\/francois-olivier-dorais-lecole-historique-de-quebec-47257\">L&#8217;\u00e9cole historique de Qu\u00e9bec<\/a> \u00bb, \u00c9mission Culture g\u00e9niale, Unique FM, 29 janvier 2023.<\/li>\n<li>\u00ab <a href=\"https:\/\/www.lequotidien.com\/2022\/08\/06\/le-pont-de-sainte-anne-dhier-a-aujourdhui-accb97bedd76b9b7152f482daf912bcf\">Le pont de Sainte-Anne, d&#8217;hier \u00e0 aujourd&#8217;hui<\/a> \u00bb, <em>Le Quotidien<\/em>, 6 ao\u00fbt 2022.<\/li>\n<li>\u00ab <a href=\"https:\/\/www.lesoleil.com\/2022\/07\/27\/le-quebec-tres-religieux-une-parenthese-dans-lhistoire-027a2c42b6a811e59307352d8bc0de50\">Le Qu\u00e9bec tr\u00e8s religieux, une parenth\u00e8se dans l&#8217;histoire<\/a> \u00bb, <em>Le Soleil<\/em>, 27 juillet 2022.<\/li>\n<li>\u00ab <a href=\"https:\/\/www.lequotidien.com\/2022\/07\/27\/le-catholicisme-au-saguenay-lac-saint-jean-face-a-son-avenir-7ef58a876236cb953bcce7a392ae82fc\">Le catholicisme au Saguenay-Lac-Saint-Jean face \u00e0 son avenir<\/a> \u00bb, <em>Le Quotidien<\/em>, 27 juillet 2022.<\/li>\n<li>\u00ab <a href=\"https:\/\/www.latribune.ca\/2022\/06\/28\/des-candidats-tres-qualifies-veulent-enseigner-monsieur-roberge-aidez-les-8696100daf53422da0a351231ab96399\">Des candidats tr\u00e8s qualifi\u00e9s veulent enseigner : Monsieur Roberge, aidez-les!<\/a> \u00bb (avec Louise Bienvenue et Karine H\u00e9bert), <em>La Tribune<\/em>, 28 juin 2022.<\/li>\n<li>\u00ab <a href=\"https:\/\/www.lecourrierdusud.ca\/publication\/view\/une-vision-ancree-dans-le-progres-et-la-banlieue\/\">Une vision ancr\u00e9e dans le progr\u00e8s\u2026 et la banlieue<\/a> \u00bb, <em>Le Courrier du Sud<\/em>, 26 avril 2022.<\/li>\n<li>\u00ab <a href=\"https:\/\/www.affairesuniversitaires.ca\/articles-de-fond\/article\/une-epopee-scientifique-centenaire\/?fbclid=IwAR3a1MsGlYS9n4MiqGsmYjRbx5kmL6lMl7NFDs2-zlSX0TyaEoPJh37KdKw\">Une \u00e9pop\u00e9e scientifique centenaire<\/a> \u00bb, <em>Affaires universitaires<\/em>, 27 avril 2022.<\/li>\n<li>\u00ab <a href=\"https:\/\/www.lequotidien.com\/2022\/03\/09\/le-baccalaureat-en-histoire-de-luqac-fait-peau-neuve-1342d2a2ae3bda4ac3814b33019d84e7\">Le baccalaur\u00e9at en histoire de l&#8217;UQAC fait peau neuve<\/a> \u00bb, Le Quotidien, 9 mars 2020.<\/li>\n<li>\u00ab <a href=\"https:\/\/www.societehistoriquedemontreal.org\/radio\/notre-histoire-en-tete-profession-historienne\/\">Profession historienne<\/a> \u00bb, Participation \u00e0 l&#8217;\u00e9mission <em>Nouveaux regards sur l&#8217;histoire<\/em>, Soci\u00e9t\u00e9 historique de Montr\u00e9al, 5 octobre 2021<\/li>\n<li>\u00ab <a href=\"https:\/\/www.lequotidien.com\/opinions\/carrefour-des-lecteurs\/luniversite-post-pandemique-de-francois-legault--quelques-questions-79221eaa6ea78d539a310198f2e1939e\">L&#8217;universit\u00e9 post-pand\u00e9mique de Fran\u00e7ois Legault : quelques questions<\/a> \u00bb, Le Quotidien, 30 septembre 2021.<\/li>\n<li>\u00ab <a href=\"https:\/\/www.lavoixdunord.ca\/opinions\/chroniques-et-blogues\/la-revue-du-nouvel-ontario-fleuron-des-etudes-franco-ontariennes-07bc5a741d0fe69d4cb4073e322fdd3f\">La <em>Revue du Nouvel-Ontario<\/em>. Fleuron des \u00e9tudes franco-ontariennes<\/a>\u00a0\u00bb, <em>La Voix du Nord<\/em>, 23 ao\u00fbt 2021<\/li>\n<li>\u00ab <a href=\"https:\/\/www.lequotidien.com\/le-mag\/matiere-a-reflexion-lexpression-dun-patriotisme-regional-6e23a4ecf17a8702cba30aada968e46d\">[Mati\u00e8re \u00e0 r\u00e9flexion] L&#8217;expression d&#8217;un patriotisme r\u00e9gional <\/a>\u00bb,<em> Le Quotidien<\/em>, 12 juin 2021.<\/li>\n<li>\u00ab <a href=\"https:\/\/www.ledevoir.com\/opinion\/idees\/598830\/idees-l-echec-de-l-universite-laurentienne\">L\u2019\u00e9chec de l\u2019Universit\u00e9 Laurentienne <\/a>\u00bb (avec Michel Bock, St\u00e9phanie Chouinard et Marcel Martel), <em>Le Devoir<\/em>, 15 avril 2021.<\/li>\n<li>\u00ab <a href=\"https:\/\/www.ledevoir.com\/opinion\/idees\/597991\/pour-une-universite-de-langue-francaise-a-sudbury\">Pour une universit\u00e9 de langue fran\u00e7aise \u00e0 Sudbury<\/a> (lettre collective) \u00bb (avec Michel Bock, St\u00e9phanie Chouinard et Marcel Martel), <em>Le Devoir<\/em>, 1<sup>er<\/sup> avril 2021.<\/li>\n<li>\u00ab <a href=\"https:\/\/www.lavoixdunord.ca\/courrier-des-lecteurs\/luniversite-de-sudbury-vue-au-prisme-de-lhistoire-f9a5c1cab0b74488b7f07005c21fc624\">L\u2019Universit\u00e9 de Sudbury vue au prisme de l\u2019histoire<\/a> \u00bb (avec Michel Bock et Marcel Martel), <em>Le\u00a0Voyageur<\/em>, 25 mars 2021.<\/li>\n<li>\u00ab <a href=\"https:\/\/www.lesoleil.com\/2020\/12\/18\/lavenir-du-patrimoine-bati-religieux-menace-par-la-crise-a3fbfa0d8c289e785e480efa70f56dd7?nor=true\">L\u2019avenir du patrimoine b\u00e2ti religieux menac\u00e9 par la crise<\/a> \u00bb,<em> Le Quotidien<\/em>, 17 d\u00e9cembre 2020.<\/li>\n<li>\u00ab <a href=\"https:\/\/www.lequotidien.com\/actualites\/covid-19\/-le-mal-est-a-nos-portes---le-saguenay-lac-saint-jean-face-a-la-pandemie-de-grippe-de-1918-2e43d9260a317a5737d669206e6c46f7\">&#8220;Le mal est \u00e0 nos portes&#8221; : le SLSJ face \u00e0 la pand\u00e9mie de grippe de 1918<\/a> \u00bb (avec Fran\u00e7ois Gu\u00e9rard), <em>Le Quotidien<\/em>, 20 avril 2020.<\/li>\n<li>\u00ab <a href=\"https:\/\/www.lequotidien.com\/actualites\/comment-la-pandemie-de-grippe-de-1918-a-change-le-quebec-c0495ed592285ef0a86fbe756b82ccca\">Comment la pand\u00e9mie de grippe de 1918 a chang\u00e9 le Qu\u00e9bec<\/a> \u00bb (avec Fran\u00e7ois Gu\u00e9rard), <em>Le Quotidien<\/em>, 19 avril 2020.<\/li>\n<li>\u00ab <a href=\"https:\/\/www.lapresse.ca\/debats\/opinions\/2019-11-18\/l-histoire-plus-necessaire-que-jamais\">L\u2019histoire, plus n\u00e9cessaire que jamais<\/a> \u00bb (avec Martin P\u00e2quet), <em>La Presse<\/em>, 18 novembre 2019.<\/li>\n<li>\u00ab <a href=\"https:\/\/www.ledevoir.com\/opinion\/idees\/566718\/besoin-de-l-histoire\">Besoin de l\u2019histoire<\/a> \u00bb (avec Martin P\u00e2quet), <em>Le Devoir<\/em>, 11 novembre 2019.<\/li>\n<li>\u00ab <a href=\"https:\/\/www.ledevoir.com\/opinion\/idees\/548629\/pour-une-repolitisation-du-canada-francais\">Pour une repolitisation du Canada fran\u00e7ais<\/a> \u00bb (avec Jean-Fran\u00e7ois Laniel),<em> Le Devoir<\/em>, 26 f\u00e9vrier 2019.<\/li>\n<li>\u00ab <a href=\"https:\/\/www.ledevoir.com\/opinion\/idees\/542197\/hommage-a-gaetan-gervais\">Hommage \u00e0 Ga\u00e9tan Gervais<\/a> \u00bb (avec Michel Bock), <em>Le Devoir<\/em>, 26 novembre 2018.<\/li>\n<li>\u00ab <a href=\"https:\/\/www.ledevoir.com\/opinion\/idees\/519398\/grandeur-et-misere-de-l-utopie-bilingue-au-canada\">Grandeur et mis\u00e8re de l&#8217;utopie bilingue au Canada <\/a>\u00bb (avec Michel Bock et Martin Meunir), <em>Le Devoir<\/em>, 6 f\u00e9vrier 2018.<\/li>\n<li>\u00ab <a href=\"https:\/\/www.ledevoir.com\/opinion\/libre-opinion\/287976\/libre-opinion-une-conception-limitative-de-la-langue\">Une conception limitative de la langue<\/a> \u00bb, <em>Le Devoir<\/em>, 30 avril 2010.<\/li>\n<li>\u00ab <a href=\"https:\/\/www.lapresse.ca\/opinions\/201012\/15\/01-4352723-juges-bilingues-le-senat-doit-lutter-pour-legalite.php\">Juges bilingues : le S\u00e9nat doit lutter pour l&#8217;\u00e9galit\u00e9<\/a> \u00bb (auteurs multiples),<em> Le Droit<\/em>, 15 d\u00e9cembre 2010.<\/li>\n<\/ol>\n","protected":false},"excerpt":{"rendered":"<p>\u00ab Ing\u00e9rence politique dans la recherche : le Canada et le Qu\u00e9bec \u00e9galement en terrain vuln\u00e9rable \u00bb (avec Catherine Larochelle, Martin P\u00e2quet et Louise Bienvenue), Affaires Universitaires, 9 avril 2025. \u00a0\u00ab L&#8217;histoire ne s&#8217;\u00e9crit pas \u00e0 coups de d\u00e9crets \u00bb (avec Catherine Larochelle, Martin P\u00e2quet et Louise Bienvenue), La Presse, 7 avril 2025. \u00ab Jeannot &hellip; <a href=\"https:\/\/portfolio.uqac.ca\/francoisolivierdorais\/articles-dans-les-medias\/\" class=\"more-link\">Continuer la lecture de <span class=\"screen-reader-text\">Articles et entrevues dans les m\u00e9dias (s\u00e9lection)<\/span>  <span class=\"meta-nav\">&rarr;<\/span><\/a><\/p>\n","protected":false},"author":213,"featured_media":0,"parent":0,"menu_order":0,"comment_status":"closed","ping_status":"closed","template":"","meta":{"footnotes":""},"tags":[],"_links":{"self":[{"href":"https:\/\/portfolio.uqac.ca\/francoisolivierdorais\/wp-json\/wp\/v2\/pages\/245"}],"collection":[{"href":"https:\/\/portfolio.uqac.ca\/francoisolivierdorais\/wp-json\/wp\/v2\/pages"}],"about":[{"href":"https:\/\/portfolio.uqac.ca\/francoisolivierdorais\/wp-json\/wp\/v2\/types\/page"}],"author":[{"embeddable":true,"href":"https:\/\/portfolio.uqac.ca\/francoisolivierdorais\/wp-json\/wp\/v2\/users\/213"}],"replies":[{"embeddable":true,"href":"https:\/\/portfolio.uqac.ca\/francoisolivierdorais\/wp-json\/wp\/v2\/comments?post=245"}],"version-history":[{"count":29,"href":"https:\/\/portfolio.uqac.ca\/francoisolivierdorais\/wp-json\/wp\/v2\/pages\/245\/revisions"}],"predecessor-version":[{"id":564,"href":"https:\/\/portfolio.uqac.ca\/francoisolivierdorais\/wp-json\/wp\/v2\/pages\/245\/revisions\/564"}],"wp:attachment":[{"href":"https:\/\/portfolio.uqac.ca\/francoisolivierdorais\/wp-json\/wp\/v2\/media?parent=245"}],"wp:term":[{"taxonomy":"post_tag","embeddable":true,"href":"https:\/\/portfolio.uqac.ca\/francoisolivierdorais\/wp-json\/wp\/v2\/tags?post=245"}],"curies":[{"name":"wp","href":"https:\/\/api.w.org\/{rel}","templated":true}]}}