{"id":269,"date":"2020-05-24T12:47:25","date_gmt":"2020-05-24T16:47:25","guid":{"rendered":"http:\/\/portfolio-pre.uqac.ca\/francoisolivierdorais\/?page_id=269"},"modified":"2024-07-04T12:36:20","modified_gmt":"2024-07-04T16:36:20","slug":"conferencier-dans-le-cadre-de-colloques-scientifiques","status":"publish","type":"page","link":"https:\/\/portfolio.uqac.ca\/francoisolivierdorais\/conferencier-dans-le-cadre-de-colloques-scientifiques\/","title":{"rendered":"Conf\u00e9rencier dans le cadre de colloques scientifiques"},"content":{"rendered":"<p>\u00ab\u00a0La \u00ab petite soci\u00e9t\u00e9 \u00bb dans la mire de la grande. Rockefeller et le Qu\u00e9bec (1940-1950) \u00bb,\u00a0Sciences, savoirs et petites soci\u00e9t\u00e9s &#8211; Congr\u00e8s international des sociologues de langue fran\u00e7aise, Universit\u00e9 d&#8217;Ottawa, juillet 2024.<\/p>\n<p>\u00ab Figures d&#8217;alt\u00e9rit\u00e9 dans la gen\u00e8se du r\u00e9gionalisme saguen\u00e9en \u00bb, Congr\u00e8s international des \u00e9tudes francophones (CI\u00c9F), Moncton, juin 2024.<\/p>\n<p>\u00ab \u00c9tudier et voyager aux \u00c9tats-Unis : l&#8217;exp\u00e9rience des retours d&#8217;Am\u00e9rique (1940-1960) \u00bb (avec Daniel Poitras), Congr\u00e8s annuel de l&#8217;Institut d&#8217;histoire de l&#8217;Am\u00e9rique fran\u00e7aise, Saint-Jean-sur-Richelieu, Qu\u00e9bec, octobre 2023.<\/p>\n<p>\u00ab Le soi et l\u2019Autre. Analyse d\u2019un r\u00e9cit de p\u00e8lerinage de l\u2019abb\u00e9 Victor Tremblay, 1920-1921 \u00bb, Colloque international \u2013 <em>Deux si\u00e8cles d\u2019\u00e9changes culturels et intellectuels entre les francophonies europ\u00e9enne et canadienne (19<sup>e<\/sup>-20<sup>e<\/sup> si\u00e8cles)<\/em>, Universit\u00e9 Libre de Bruxelles, 8-9 mai 2023.<\/p>\n<p>\u00ab &#8220;Demandez cela \u00e0 ma ni\u00e8ce, elle en sait presqu&#8217;autant que moi!&#8221;.<br \/>\nLes &#8220;petites mains&#8221; de Juliette Lalonde-R\u00e9millard \u00bb, Colloque <em>Profession historienne? Les femmes dans la production et la diffusion des savoirs historiques au Canada fran\u00e7ais<\/em>, BAnQ-Montr\u00e9al, 8 octobre 2021.<\/p>\n<p>\u00ab Fernand Ouellet en son milieu et son \u00e9poque \u00bb, 73e congr\u00e8s de l&#8217;Institut d&#8217;histoire de l&#8217;Am\u00e9rique fran\u00e7aise, 1er octobre 2021.<\/p>\n<p>\u00ab Le voyage d\u2019\u00e9tude au prisme de l\u2019histoire intellectuelle : le cas<br \/>\ndes \u00ab retours d\u2019Am\u00e9rique \u00bb au Qu\u00e9bec \u00bb, Voyages au Qu\u00e9bec : auto et h\u00e9t\u00e9rorepr\u00e9sentations, S\u00e9minaire international du Centre interuniversitaire d\u2019\u00e9tudes qu\u00e9b\u00e9coises, Universit\u00e9 de G\u00eanes (Italie), 17 avril 2019.<\/p>\n<p>\u00ab La crise franco-ontarienne de 2018 au miroir de l\u2019histoire : enjeux et perspectives \u00bb, Colloque\u00a0<em>La francophonie canadienne et le Qu\u00e9bec: un avant et un apr\u00e8s Doug Ford?,<\/em>\u00a0Universit\u00e9 d\u2019Ottawa, f\u00e9vrier 2019.<em>\u00a0<\/em><\/p>\n<p>\u00ab Une \u00ab\u00a0\u00e9cole\u00a0\u00bb \u00e0 Qu\u00e9bec? \u00c9crire l\u2019histoire des historiens de Laval \u00bb,\u00a0<em>L\u2019historien dans la cit\u00e9<\/em>, congr\u00e8s annuel de l\u2019Institut d\u2019histoire de l\u2019Am\u00e9rique fran\u00e7aise, UQTR (Drummundville), 18-20 octobre 2018.<\/p>\n<p>\u00ab Red\u00e9finir les rapports du Qu\u00e9bec avec la francophonie continentale : du Conseil de la vie fran\u00e7aise en Am\u00e9rique au Centre de la francophonie des Am\u00e9riques \u00bb (avec Michel Bock), Colloque\u00a0<em>D\u00e9fis\u00a0<\/em><em>transnationaux: culture, soci\u00e9t\u00e9 et environnement canadiens<\/em>, Association d\u2019\u00e9tudes canadienne en Europe centrale, Prague, R\u00e9publique Tch\u00e8que, 20, 21 et 22 septembre 2018.<\/p>\n<p>\u00ab Historiographies d\u2019ailleurs : le Qu\u00e9bec sous la plume de Francis Parkman et Rameau de Saint-P\u00e8re \u00bb,\u00a0<em>Le Qu\u00e9bec et ses autrui significatifs,<\/em>\u00a0Symposium du Centre de recherche interdisciplinaire sur la diversit\u00e9 et la d\u00e9mocratie, Association internationale des \u00e9tudes qu\u00e9b\u00e9coises, Universit\u00e9 du Qu\u00e9bec \u00e0 Montr\u00e9al, 24, 25 et 26 mai 2018.<\/p>\n<p>\u00ab Jean-Charles Bonenfant : la pens\u00e9e \u00e9ducative d\u2019un \u00ab\u00a0honn\u00eate homme\u00a0\u00bb \u00bb, 5e colloque international en \u00e9ducation (dans le cadre du symposium\u00a0<em>La pens\u00e9e \u00e9ducative au Qu\u00e9bec au miroir de ses<\/em><br \/>\n<em>intellectuels : la g\u00e9n\u00e9ration 1900-1915<\/em>, Montr\u00e9al, 2 mai 2018.<\/p>\n<p>\u00ab Jean-Charles Bonenfant : chroniqueur \u00e0 L\u2019Action \u00bb, Colloque\u00a0<em>Jean-Charles Bonenfant et \u00ab l\u2019esprit \u00bb de la Conf\u00e9d\u00e9ration<\/em>, ACFAS, Universit\u00e9 McGill, mai 2017.<\/p>\n<p>\u00ab \u00ab\u00a0L\u2019esprit de 1867\u00a0\u00bb. Jean-Charles Bonenfant et la Conf\u00e9d\u00e9ration canadienne \u00bb, Colloque<em>\u00a0La Conf\u00e9d\u00e9ration\u00a0<\/em><em>et la dualit\u00e9 nationale<\/em>, Campus St-Jean (Universit\u00e9 de l\u2019Alberta), Edmonton, 27 au 29 avril 2017.<\/p>\n<p>\u00ab L\u2019exp\u00e9rience am\u00e9ricaine de l\u2019historien Marcel Trudel (1945-1947)\u00bb,\u00a0<em>congr\u00e8s annuel de l\u2019IHAF<\/em>, octobre 2016.<\/p>\n<p>\u00ab Marcel Trudel et Fernand Ouellet : deux historiens face \u00e0 la \u00ab\u00a0crise du s\u00e9paratisme\u00a0\u00bb \u00bb, colloque\u00a0<em>Nouvelles perspectives en histoire politique<\/em>, Universit\u00e9 de Sherbrooke, avril 2016.<\/p>\n<p>\u00ab La science \u00e0 l\u2019heure du bilinguisme : retour sur la cr\u00e9ation du\u00a0<em>Dictionnaire biographique du Canada<\/em>\u00a0\u00bb, colloque annuel du CRCCF, Universit\u00e9 d\u2019Ottawa, mars 2016.<\/p>\n<p>\u00ab Guy Fr\u00e9gault et Marcel Trudel : regards sur une amiti\u00e9 intellectuelle \u00bb,\u00a0<em>Urbanit\u00e9s<\/em>, congr\u00e8s annuel de<br \/>\nl\u2019IHAF, Universit\u00e9 McGill, octobre 2015.<\/p>\n<p>\u00ab Circulations historiographiques France \u2013 Canada : l\u2019influence de Robert Mandrou sur la disciplinarisation de l\u2019histoire au Canada fran\u00e7ais (1950-1980) \u00bb, colloque\u00a0<em>Francofugies et<\/em><br \/>\n<em>Francop\u00e9ties. Langues et soci\u00e9t\u00e9s au Canada et en France au XXe si\u00e8cle<\/em>, Coll\u00e8ge Glendon, Toronto, novembre 2014.<\/p>\n<p>\u00ab Catholicisme social, anticommunisme et nationalisme en Ontario fran\u00e7ais. Le cas du p\u00e8re Gustave Sauv\u00e9 (1930-1960) \u00bb, congr\u00e8s annuel de la Soci\u00e9t\u00e9 canadienne d\u2019histoire de l\u2019\u00c9glise<br \/>\ncatholique,Universit\u00e9 d\u2019Ottawa, septembre 2014.<\/p>\n<p>\u00ab Ga\u00e9tan Gervais, Joseph Yvon Th\u00e9riault et l\u2019Ontario fran\u00e7ais : Regards crois\u00e9s sur deux itin\u00e9raires intellectuels \u00bb \u2013 avec St\u00e9phanie Chouinard,\u00a0<em>Congr\u00e8s mondial acadien 2014<\/em>, Universit\u00e9 de Moncton ,<br \/>\ncampus d\u2019Edmundston campus, ao\u00fbt 2014.<\/p>\n<p>\u00ab Pr\u00e9sence et influence de Robert Mandrou au Canada fran\u00e7ais \u00bb, congr\u00e8s annuel du Conseil International d\u2019\u00c9tudes francophones, San Francisco, juin 2014.<\/p>\n<p>\u00ab Classifier et organiser la production historiographique dans l\u2019enseignement de l\u2019histoire au Qu\u00e9bec : \u00e0 propos de quelques distorsions reli\u00e9es \u00e0 l\u2019emploi de la notion d&#8217;\u00a0\u00bb\u00e9cole\u00a0\u00bb \u00bb, Atelier sur l\u2019enseignement de l\u2019histoire, congr\u00e8s annuel de la SQSP, mai 2014.<\/p>\n<p>\u00ab Pierre Bourdieu et le pouvoir symbolique : perspectives et usages th\u00e9oriques pour l\u2019\u00e9tude de la francophonie canadienne \u00bb, colloque Francophonie canadienne et pouvoir, CRCCF,<br \/>\nUniversit\u00e9 d\u2019Ottawa, novembre 2013.<\/p>\n<p>\u00ab Une mobilisation oubli\u00e9e? Le cas de l\u2019Association des \u00e9tudiants de langue fran\u00e7aise du Nord de l\u2019Ontario \u00bb,\u00a0<em>ACFAS<\/em>, mai 2013.<\/p>\n<p>\u00ab \u00ab\u00a0L\u2019Ontario fran\u00e7ais, c\u2019est le nom d\u2019un combat\u00a0\u00bb. Ga\u00e9tan Gervais et la mutation de l\u2019identit\u00e9 franco-ontarienne (1972-2008) \u00bb, congr\u00e8s annuel de l\u2019IHAF, Sherbrooke, octobre 2012.<\/p>\n<p>\u00ab L\u2019engagement historien en milieu minoritaire. Ga\u00e9tan Gervais, le savoir historique et l\u2019Ontario fran\u00e7ais \u00bb, Colloque \u00e9tudiant, D\u00e9partement d\u2019Histoire, Universit\u00e9 Laval, septembre 2011.<\/p>\n<p>\u00ab La probl\u00e9matique de l\u2019intention nationale en Ontario fran\u00e7ais: relais et positionnement de deux intellectuels (1978-1989) \u00bb, Colloque Pierre-Savard, Universit\u00e9 d\u2019Ottawa, Ottawa, avril 2011.<\/p>\n","protected":false},"excerpt":{"rendered":"<p>\u00ab\u00a0La \u00ab petite soci\u00e9t\u00e9 \u00bb dans la mire de la grande. Rockefeller et le Qu\u00e9bec (1940-1950) \u00bb,\u00a0Sciences, savoirs et petites soci\u00e9t\u00e9s &#8211; Congr\u00e8s international des sociologues de langue fran\u00e7aise, Universit\u00e9 d&#8217;Ottawa, juillet 2024. \u00ab Figures d&#8217;alt\u00e9rit\u00e9 dans la gen\u00e8se du r\u00e9gionalisme saguen\u00e9en \u00bb, Congr\u00e8s international des \u00e9tudes francophones (CI\u00c9F), Moncton, juin 2024. \u00ab \u00c9tudier et &hellip; <a href=\"https:\/\/portfolio.uqac.ca\/francoisolivierdorais\/conferencier-dans-le-cadre-de-colloques-scientifiques\/\" class=\"more-link\">Continuer la lecture de <span class=\"screen-reader-text\">Conf\u00e9rencier dans le cadre de colloques scientifiques<\/span>  <span class=\"meta-nav\">&rarr;<\/span><\/a><\/p>\n","protected":false},"author":213,"featured_media":0,"parent":0,"menu_order":0,"comment_status":"closed","ping_status":"closed","template":"","meta":{"footnotes":""},"tags":[],"_links":{"self":[{"href":"https:\/\/portfolio.uqac.ca\/francoisolivierdorais\/wp-json\/wp\/v2\/pages\/269"}],"collection":[{"href":"https:\/\/portfolio.uqac.ca\/francoisolivierdorais\/wp-json\/wp\/v2\/pages"}],"about":[{"href":"https:\/\/portfolio.uqac.ca\/francoisolivierdorais\/wp-json\/wp\/v2\/types\/page"}],"author":[{"embeddable":true,"href":"https:\/\/portfolio.uqac.ca\/francoisolivierdorais\/wp-json\/wp\/v2\/users\/213"}],"replies":[{"embeddable":true,"href":"https:\/\/portfolio.uqac.ca\/francoisolivierdorais\/wp-json\/wp\/v2\/comments?post=269"}],"version-history":[{"count":6,"href":"https:\/\/portfolio.uqac.ca\/francoisolivierdorais\/wp-json\/wp\/v2\/pages\/269\/revisions"}],"predecessor-version":[{"id":508,"href":"https:\/\/portfolio.uqac.ca\/francoisolivierdorais\/wp-json\/wp\/v2\/pages\/269\/revisions\/508"}],"wp:attachment":[{"href":"https:\/\/portfolio.uqac.ca\/francoisolivierdorais\/wp-json\/wp\/v2\/media?parent=269"}],"wp:term":[{"taxonomy":"post_tag","embeddable":true,"href":"https:\/\/portfolio.uqac.ca\/francoisolivierdorais\/wp-json\/wp\/v2\/tags?post=269"}],"curies":[{"name":"wp","href":"https:\/\/api.w.org\/{rel}","templated":true}]}}