{"id":271,"date":"2020-05-24T12:48:03","date_gmt":"2020-05-24T16:48:03","guid":{"rendered":"http:\/\/portfolio-pre.uqac.ca\/francoisolivierdorais\/?page_id=271"},"modified":"2023-08-12T12:09:18","modified_gmt":"2023-08-12T16:09:18","slug":"tables-rondes-et-evenements-grand-public","status":"publish","type":"page","link":"https:\/\/portfolio.uqac.ca\/francoisolivierdorais\/tables-rondes-et-evenements-grand-public\/","title":{"rendered":"Tables-rondes et \u00e9v\u00e9nements grand public"},"content":{"rendered":"<p>\u00ab\u00a0\u00c0 la recherche des ouvri\u00e8res de Clio : femmes et pratique de l\u2019histoire au Canada fran\u00e7ais, 19e-20e si\u00e8cles \u00bb, avec Louise Bienvenue, <em>Rendez-vous d&#8217;histoire de Qu\u00e9bec<\/em>, Qu\u00e9bec, 9 ao\u00fbt 2023.<\/p>\n<p>\u00ab Ga\u00e9tan Gervais et le champ des \u00e9tudes franco-ontariennes \u00bb,<br \/>\nTable-ronde en hommage \u00e0 Ga\u00e9tan Gervais, Congr\u00e8s annuel de l\u2019IHAF, Universit\u00e9 d\u2019Ottawa, 17-19 octobre 2019.<\/p>\n<p>\u00ab Groulx, le Qu\u00e9bec et la question du politique \u00bb, table-ronde \u00ab Autour de la biographie de Lionel Groulx, par Charles-Philippe Courtois \u00bb,<em>\u00a0L\u2019historien dans la cit\u00e9<\/em>, congr\u00e8s annuel de l\u2019Institut d\u2019histoire de l\u2019Am\u00e9rique fran\u00e7aise, UQTR (Drummundville), 18-20 octobre 2018.<\/p>\n<p>\u00ab Les petites nations \u00bb, table-ronde de cl\u00f4ture au Symposium international sur la question des petites nations :<br \/>\nculture, politique et universalit\u00e9, Lac Br\u00f4me, Qu\u00e9bec, novembre 2015.<\/p>\n<p>\u00ab Commentaires \u00bb, colloque\u00a0<em>La s\u00e9curit\u00e9 linguistique des minorit\u00e9s: les promesses et des pi\u00e8ges de la compl\u00e9tude\u00a0<\/em><em>institutionnelle<\/em>, SQCP, Universit\u00e9 Concordia, mai 2015.<\/p>\n<p>\u00ab La pr\u00e9sence fran\u00e7aise dans le pass\u00e9 de l\u2019Ontario \u00bb, Club Richelieu d\u2019Ottawa, avril 2015,<\/p>\n<p>\u00ab 400 ans de vie politique en Ontario fran\u00e7ais \u00bb,\u00a0<em>\u00c9tats g\u00e9n\u00e9raux du postsedondaire fran\u00e7ais en Ontario<\/em>, Regroupement \u00e9tudiant franco-ontarien, Ottawa, novembre 2013.<\/p>\n<p>\u00ab Ga\u00e9tan Gervais et l\u2019Universit\u00e9 franco-ontarienne \u00bb,\u00a0<em>Soci\u00e9t\u00e9 historique du Nouvel-Ontario<\/em>, Sudbury, septembre 2013.<\/p>\n<p>\u00ab Grandeur et mis\u00e8re de l\u2019Universit\u00e9 fran\u00e7aise en Ontario \u00bb, Forum \u00e9tudiant de l\u2019Ontario fran\u00e7ais, Sudbury, Universit\u00e9 Laurentienne, f\u00e9vrier 2013.<\/p>\n<p>\u00ab Qu\u2019est-ce qu\u2019un historien engag\u00e9 dans notre soci\u00e9t\u00e9? \u00bb, D\u00e9partement d\u2019Histoire, Universit\u00e9 d\u2019Ottawa,<br \/>\nmars 2012.<\/p>\n<p>\u00ab Enjeux politiques \u00bb, colloque Penser le ville : Ottawa, lieu de vie fran\u00e7ais, CRCCF, Universit\u00e9 d\u2019Ottawa, novembre 2011.<\/p>\n","protected":false},"excerpt":{"rendered":"<p>\u00ab\u00a0\u00c0 la recherche des ouvri\u00e8res de Clio : femmes et pratique de l\u2019histoire au Canada fran\u00e7ais, 19e-20e si\u00e8cles \u00bb, avec Louise Bienvenue, Rendez-vous d&#8217;histoire de Qu\u00e9bec, Qu\u00e9bec, 9 ao\u00fbt 2023. \u00ab Ga\u00e9tan Gervais et le champ des \u00e9tudes franco-ontariennes \u00bb, Table-ronde en hommage \u00e0 Ga\u00e9tan Gervais, Congr\u00e8s annuel de l\u2019IHAF, Universit\u00e9 d\u2019Ottawa, 17-19 octobre 2019. &hellip; <a href=\"https:\/\/portfolio.uqac.ca\/francoisolivierdorais\/tables-rondes-et-evenements-grand-public\/\" class=\"more-link\">Continuer la lecture de <span class=\"screen-reader-text\">Tables-rondes et \u00e9v\u00e9nements grand public<\/span>  <span class=\"meta-nav\">&rarr;<\/span><\/a><\/p>\n","protected":false},"author":213,"featured_media":0,"parent":0,"menu_order":0,"comment_status":"closed","ping_status":"closed","template":"","meta":{"footnotes":""},"tags":[],"_links":{"self":[{"href":"https:\/\/portfolio.uqac.ca\/francoisolivierdorais\/wp-json\/wp\/v2\/pages\/271"}],"collection":[{"href":"https:\/\/portfolio.uqac.ca\/francoisolivierdorais\/wp-json\/wp\/v2\/pages"}],"about":[{"href":"https:\/\/portfolio.uqac.ca\/francoisolivierdorais\/wp-json\/wp\/v2\/types\/page"}],"author":[{"embeddable":true,"href":"https:\/\/portfolio.uqac.ca\/francoisolivierdorais\/wp-json\/wp\/v2\/users\/213"}],"replies":[{"embeddable":true,"href":"https:\/\/portfolio.uqac.ca\/francoisolivierdorais\/wp-json\/wp\/v2\/comments?post=271"}],"version-history":[{"count":3,"href":"https:\/\/portfolio.uqac.ca\/francoisolivierdorais\/wp-json\/wp\/v2\/pages\/271\/revisions"}],"predecessor-version":[{"id":472,"href":"https:\/\/portfolio.uqac.ca\/francoisolivierdorais\/wp-json\/wp\/v2\/pages\/271\/revisions\/472"}],"wp:attachment":[{"href":"https:\/\/portfolio.uqac.ca\/francoisolivierdorais\/wp-json\/wp\/v2\/media?parent=271"}],"wp:term":[{"taxonomy":"post_tag","embeddable":true,"href":"https:\/\/portfolio.uqac.ca\/francoisolivierdorais\/wp-json\/wp\/v2\/tags?post=271"}],"curies":[{"name":"wp","href":"https:\/\/api.w.org\/{rel}","templated":true}]}}