{"id":278,"date":"2020-05-24T12:54:39","date_gmt":"2020-05-24T16:54:39","guid":{"rendered":"http:\/\/portfolio-pre.uqac.ca\/francoisolivierdorais\/?page_id=278"},"modified":"2025-05-05T22:06:08","modified_gmt":"2025-05-06T02:06:08","slug":"encadrementsupervision","status":"publish","type":"page","link":"https:\/\/portfolio.uqac.ca\/francoisolivierdorais\/encadrementsupervision\/","title":{"rendered":"Encadrement\/supervision"},"content":{"rendered":"<p><strong>H\u00e4xan Bondu<\/strong>, \u00ab <a href=\"https:\/\/constellation.uqac.ca\/id\/eprint\/9335\/\">Mobilisation f\u00e9minine et r\u00e9gionalit\u00e9 : trajectoire de l\u2019Union catholique des fermi\u00e8res (UCF), des Cercles d\u2019\u00e9conomie domestique (CED) et de l\u2019Association f\u00e9minine d\u2019\u00e9ducation et d\u2019action sociale (AF\u00c9AS) au Saguenay\u2013Lac-Saint-Jean, 1944-1976<\/a> \u00bb, M\u00e9moire de ma\u00eetrise, \u00c9tudes et interventions r\u00e9gionales, Universit\u00e9 du Qu\u00e9bec \u00e0 Chicoutimi, 2023 | co-direction avec Louise Bienvenue (Universit\u00e9 de Sherbrooke) &#8211; D\u00e9pos\u00e9<\/p>\n<p><strong>Louis Favretti<\/strong>, \u00ab Les origines religieuses de la pens\u00e9e de Maurice S\u00e9guin \u00bb, M\u00e9moire de ma\u00eetrise sur mesure en histoire intellectuelle, Universit\u00e9 du Qu\u00e9bec \u00e0 Chicoutimi | co-direction avec Erik Langevin (UQAC)<\/p>\n<p><strong>Maxime Fleury<\/strong>, \u00ab Nationalisme et r\u00e9gionalisme au Saguenay-Lac-Saint-Jean : le parcours intellectuel de Mgr Victor Tremblay \u00bb, M\u00e9moire de ma\u00eetrise sur mesure en histoire culturelle r\u00e9gionale, Universit\u00e9 du Qu\u00e9bec \u00e0 Chicoutimi\u00a0| co-direction avec Michel Bock (Universit\u00e9 d&#8217;Ottawa) &#8211; en cours.<\/p>\n<p><strong>Marianne Fortin<\/strong>, \u00ab La Trag\u00e9die du Lac-Saint-Jean dans l&#8217;oeil de la presse r\u00e9gionale \u00bb, M\u00e9moire de ma\u00eetrise en histoire, Universit\u00e9 du Qu\u00e9bec \u00e0 Chicoutimi &#8211; en cours.<\/p>\n<p><strong>Thomas Quintal<\/strong>, \u00ab Le processus de construction symbolique dans la production de la Dominion Textile \u00bb, M\u00e9moire de ma\u00eetrise en histoire, Universit\u00e9 du Qu\u00e9bec \u00e0 Chicoutimi | co-direction en cours avec Alexandre Dub\u00e9 (UQAC) &#8211; en cours.<\/p>\n<p><strong>Laurie Ann Paradis<\/strong>, \u00ab La correspondance de guerre canadienne-fran\u00e7aise (1916-1918) : \u00e9tude des lettres de Pierre-Eug\u00e8ne Guay \u00bb<br \/>\nM\u00e9moire de ma\u00eetrise en histoire, Universit\u00e9 du Qu\u00e9bec \u00e0 Chicoutimi &#8211; en cours.<\/p>\n<p><strong>Robert Charron<\/strong>, \u00ab La Fondation Rockefeller et la formation d&#8217;une \u00e9lite m\u00e9dicale francophone au Qu\u00e9bec \u00bb, M\u00e9moire de ma\u00eetrise en histoire, Universit\u00e9 du Qu\u00e9bec \u00e0 Trois-Rivi\u00e8res | co-direction avec Julien Prud&#8217;homme &#8211; en cours.<\/p>\n<p><strong>Pierre-Luc No\u00ebl<\/strong>, \u00ab Entre m\u00e8re et terre. La place des femmes dans l&#8217;agriculture de 1960 \u00e0 2000 dans la Mont\u00e9r\u00e9gie de l&#8217;est et du sud \u00bb, M\u00e9moire de ma\u00eetrise en histoire, Universit\u00e9 de Sherbrooke | co-direction avec Louise Bienvenue &#8211; en cours.<\/p>\n<p><strong>Sonny Rousseau<\/strong>, \u00ab La construction du savoir historique dans les petites nations : une comparaison Qu\u00e9bec &#8211; Bulgarie \u00bb, M\u00e9moire de ma\u00eetrise en histoire, Universit\u00e9 du Qu\u00e9bec \u00e0 Chicoutimi | co-direction avec Jean-Fran\u00e7ois Laniel (Universit\u00e9 Laval) &#8211; en cours.<\/p>\n","protected":false},"excerpt":{"rendered":"<p>H\u00e4xan Bondu, \u00ab Mobilisation f\u00e9minine et r\u00e9gionalit\u00e9 : trajectoire de l\u2019Union catholique des fermi\u00e8res (UCF), des Cercles d\u2019\u00e9conomie domestique (CED) et de l\u2019Association f\u00e9minine d\u2019\u00e9ducation et d\u2019action sociale (AF\u00c9AS) au Saguenay\u2013Lac-Saint-Jean, 1944-1976 \u00bb, M\u00e9moire de ma\u00eetrise, \u00c9tudes et interventions r\u00e9gionales, Universit\u00e9 du Qu\u00e9bec \u00e0 Chicoutimi, 2023 | co-direction avec Louise Bienvenue (Universit\u00e9 de Sherbrooke) &#8211; &hellip; <a href=\"https:\/\/portfolio.uqac.ca\/francoisolivierdorais\/encadrementsupervision\/\" class=\"more-link\">Continuer la lecture de <span class=\"screen-reader-text\">Encadrement\/supervision<\/span>  <span class=\"meta-nav\">&rarr;<\/span><\/a><\/p>\n","protected":false},"author":213,"featured_media":0,"parent":0,"menu_order":0,"comment_status":"closed","ping_status":"closed","template":"","meta":{"footnotes":""},"tags":[],"_links":{"self":[{"href":"https:\/\/portfolio.uqac.ca\/francoisolivierdorais\/wp-json\/wp\/v2\/pages\/278"}],"collection":[{"href":"https:\/\/portfolio.uqac.ca\/francoisolivierdorais\/wp-json\/wp\/v2\/pages"}],"about":[{"href":"https:\/\/portfolio.uqac.ca\/francoisolivierdorais\/wp-json\/wp\/v2\/types\/page"}],"author":[{"embeddable":true,"href":"https:\/\/portfolio.uqac.ca\/francoisolivierdorais\/wp-json\/wp\/v2\/users\/213"}],"replies":[{"embeddable":true,"href":"https:\/\/portfolio.uqac.ca\/francoisolivierdorais\/wp-json\/wp\/v2\/comments?post=278"}],"version-history":[{"count":14,"href":"https:\/\/portfolio.uqac.ca\/francoisolivierdorais\/wp-json\/wp\/v2\/pages\/278\/revisions"}],"predecessor-version":[{"id":543,"href":"https:\/\/portfolio.uqac.ca\/francoisolivierdorais\/wp-json\/wp\/v2\/pages\/278\/revisions\/543"}],"wp:attachment":[{"href":"https:\/\/portfolio.uqac.ca\/francoisolivierdorais\/wp-json\/wp\/v2\/media?parent=278"}],"wp:term":[{"taxonomy":"post_tag","embeddable":true,"href":"https:\/\/portfolio.uqac.ca\/francoisolivierdorais\/wp-json\/wp\/v2\/tags?post=278"}],"curies":[{"name":"wp","href":"https:\/\/api.w.org\/{rel}","templated":true}]}}