{"id":4,"date":"2018-08-16T08:05:06","date_gmt":"2018-08-16T12:05:06","guid":{"rendered":"http:\/\/portfolio-pre.uqac.ca\/gabarit\/?page_id=4"},"modified":"2025-05-05T22:40:12","modified_gmt":"2025-05-06T02:40:12","slug":"presentatio","status":"publish","type":"page","link":"https:\/\/portfolio.uqac.ca\/francoisolivierdorais\/","title":{"rendered":"Pr\u00e9sentation"},"content":{"rendered":"<h2><span style=\"color: #000000\">Fran\u00e7ois-Olivier Dorais, <strong>Ph. D. <\/strong><\/span><\/h2>\n<p>Professeur agr\u00e9g\u00e9 d&#8217;histoire au D\u00e9partement des sciences humaines et sociales<\/p>\n<p>Professeur \u00e0 l&#8217;Universit\u00e9 du Qu\u00e9bec \u00e0 Chicoutimi, Fran\u00e7ois-Olivier Dorais enseigne l&#8217;histoire du Qu\u00e9bec et du Canada aux XIXe et XXe si\u00e8cles, l&#8217;histoire du Saguenay-Lac-Saint-Jean et l&#8217;initiation \u00e0 la d\u00e9marche historienne. Ses recherches se partagent entre l&#8217;histoire culturelle et intellectuelle au Qu\u00e9bec, l&#8217;historiographie, l&#8217;histoire de la culture savante et l&#8217;histoire des francophonies minoritaires au Canada.<\/p>\n<p>Codirecteur de la collection\u00a0\u00ab <a href=\"https:\/\/www.pulaval.com\/collections\/fabrique-d-histoire\/238\">Fabrique d\u2019histoire<\/a> \u00bb (PUL)<br \/>\nMembre r\u00e9gulier &#8211;\u00a0<a href=\"https:\/\/cridaq.uqam.ca\/\">CRIDAQ<\/a><br \/>\nMembre r\u00e9gulier &#8211;\u00a0<a href=\"https:\/\/www.cieq.ca\/\">CIEQ<\/a><\/p>\n","protected":false},"excerpt":{"rendered":"<p>Fran\u00e7ois-Olivier Dorais, Ph. D. Professeur agr\u00e9g\u00e9 d&#8217;histoire au D\u00e9partement des sciences humaines et sociales Professeur \u00e0 l&#8217;Universit\u00e9 du Qu\u00e9bec \u00e0 Chicoutimi, Fran\u00e7ois-Olivier Dorais enseigne l&#8217;histoire du Qu\u00e9bec et du Canada aux XIXe et XXe si\u00e8cles, l&#8217;histoire du Saguenay-Lac-Saint-Jean et l&#8217;initiation \u00e0 la d\u00e9marche historienne. Ses recherches se partagent entre l&#8217;histoire culturelle et intellectuelle au Qu\u00e9bec, &hellip; <a href=\"https:\/\/portfolio.uqac.ca\/francoisolivierdorais\/\" class=\"more-link\">Continuer la lecture de <span class=\"screen-reader-text\">Pr\u00e9sentation<\/span>  <span class=\"meta-nav\">&rarr;<\/span><\/a><\/p>\n","protected":false},"author":89,"featured_media":0,"parent":0,"menu_order":0,"comment_status":"closed","ping_status":"closed","template":"","meta":{"footnotes":""},"tags":[],"_links":{"self":[{"href":"https:\/\/portfolio.uqac.ca\/francoisolivierdorais\/wp-json\/wp\/v2\/pages\/4"}],"collection":[{"href":"https:\/\/portfolio.uqac.ca\/francoisolivierdorais\/wp-json\/wp\/v2\/pages"}],"about":[{"href":"https:\/\/portfolio.uqac.ca\/francoisolivierdorais\/wp-json\/wp\/v2\/types\/page"}],"author":[{"embeddable":true,"href":"https:\/\/portfolio.uqac.ca\/francoisolivierdorais\/wp-json\/wp\/v2\/users\/89"}],"replies":[{"embeddable":true,"href":"https:\/\/portfolio.uqac.ca\/francoisolivierdorais\/wp-json\/wp\/v2\/comments?post=4"}],"version-history":[{"count":49,"href":"https:\/\/portfolio.uqac.ca\/francoisolivierdorais\/wp-json\/wp\/v2\/pages\/4\/revisions"}],"predecessor-version":[{"id":558,"href":"https:\/\/portfolio.uqac.ca\/francoisolivierdorais\/wp-json\/wp\/v2\/pages\/4\/revisions\/558"}],"wp:attachment":[{"href":"https:\/\/portfolio.uqac.ca\/francoisolivierdorais\/wp-json\/wp\/v2\/media?parent=4"}],"wp:term":[{"taxonomy":"post_tag","embeddable":true,"href":"https:\/\/portfolio.uqac.ca\/francoisolivierdorais\/wp-json\/wp\/v2\/tags?post=4"}],"curies":[{"name":"wp","href":"https:\/\/api.w.org\/{rel}","templated":true}]}}