{"id":429,"date":"2023-04-30T13:59:17","date_gmt":"2023-04-30T17:59:17","guid":{"rendered":"http:\/\/portfolio-pre.uqac.ca\/francoisolivierdorais\/?page_id=429"},"modified":"2025-12-13T09:08:29","modified_gmt":"2025-12-13T14:08:29","slug":"chroniques-historiques-radio-canada","status":"publish","type":"page","link":"https:\/\/portfolio.uqac.ca\/francoisolivierdorais\/chroniques-historiques-radio-canada\/","title":{"rendered":"Chroniques historiques &#8211; Radio-Canada"},"content":{"rendered":"<ol>\n<li>CHRONIQUE HISTORIQUE, \u00ab <a href=\"https:\/\/ici.radio-canada.ca\/ohdio\/premiere\/emissions\/place-publique\/segments\/rattrapage\/2250874\/comment-saint-nicolas-est-il-devenu-pere-noel\">Comment Saint-Nicolas est-il devenu le P\u00e8re No\u00ebl?<\/a> \u00bb, \u00c9mission Place publique, Radio-Canada, 12 d\u00e9cembre 2025.<\/li>\n<li>CHRONIQUE HISTORIQUE, \u00ab <a href=\"https:\/\/ici.radio-canada.ca\/ohdio\/premiere\/emissions\/place-publique\/segments\/rattrapage\/2238745\/emergence-medecine-hospitaliere-au-saguenay-lac-saint-jean\">L\u2019\u00e9mergence de la m\u00e9decine hospitali\u00e8re au Saguenay\u2013Lac-Saint-Jean : naissance d\u2019un nouveau pouvoir social<\/a> \u00bb, \u00c9mission Place publique, Radio-Canada, 28 novembre 2025.<\/li>\n<li>CHRONIQUE HISTORIQUE, \u00ab <a href=\"https:\/\/ici.radio-canada.ca\/ohdio\/premiere\/emissions\/place-publique\/segments\/rattrapage\/2203354\/conversion-et-contestation-etonnante-histoire-schisme-girardville\">Conversion et contestation : l\u2019\u00e9tonnante histoire du schisme de Girardville<\/a> \u00bb, \u00c9mission Place publique, Radio-Canada, 17 octobre 2025.<\/li>\n<li>CHRONIQUE HISTORIQUE : \u00ab <a href=\"https:\/\/ici.radio-canada.ca\/ohdio\/premiere\/emissions\/place-publique\/segments\/rattrapage\/2089820\/saguenay-tremplin-oublie-jordi-bonet\">Le Saguenay, tremplin oubli\u00e9 de Jordi Bonet<\/a> \u00bb, \u00c9mission Place publique, Radio-Canada, 6 juin 2025.<\/li>\n<li>CHRONIQUE HISTORIQUE : \u00ab <a href=\"https:\/\/ici.radio-canada.ca\/ohdio\/premiere\/emissions\/place-publique\/segments\/rattrapage\/2037100\/4-avril-1829-depot-une-petition-demandant-colonisation-saguenay\">4 avril 1829 : une p\u00e9tition demande l&#8217;ouverture du Saguenay \u00e0 la colonisation\u00a0<\/a> \u00bb, \u00c9mission Place publique, Radio-Canada, 4 avril 2025.<\/li>\n<li>CHRONIQUE HISTORIQUE : \u00ab <a href=\"https:\/\/ici.radio-canada.ca\/ohdio\/premiere\/emissions\/place-publique\/segments\/rattrapage\/1993421\/histoires-resilience-saguenay-face-a-grande-depression\">Histoire de r\u00e9silience : le Saguenay face \u00e0 la Grande D\u00e9pression<\/a> \u00bb, \u00c9mission Place publique, Radio-Canada, 14 f\u00e9vrier 2025.<\/li>\n<li>CHRONIQUE HISTORIQUE : \u00ab <a href=\"https:\/\/ici.radio-canada.ca\/ohdio\/premiere\/emissions\/place-publique\/segments\/rattrapage\/1941631\/chronique-sciences-sociales-avec-francois-olivier-dorais\">La R\u00e9bellion des patriotes et le Saguenay<\/a> \u00bb, \u00c9mission Place publique, Radio-Canada, 13 d\u00e9cembre 2024.<\/li>\n<li>CHRONIQUE HISTORIQUE : \u00ab<a href=\"https:\/\/ici.radio-canada.ca\/ohdio\/premiere\/emissions\/place-publique\/episodes\/750520\/rattrapage-vendredi-15-mars-2024\/1\">\u00a0<\/a><a href=\"https:\/\/ici.radio-canada.ca\/ohdio\/premiere\/emissions\/place-publique\/segments\/rattrapage\/1904333\/un-peu-amour-pour-nos-bibliotheques-publiques-regionales\">Un peu d&#8217;amour pour nos biblioth\u00e8ques publiques r\u00e9gionales<\/a><a href=\"https:\/\/ici.radio-canada.ca\/ohdio\/premiere\/emissions\/place-publique\/segments\/rattrapage\/1870936\/histoire-statue-notre-dame-Soci\u00e9t\u00e9 historique du Saguenay\">\u00a0<\/a>\u00bb, \u00c9mission Place publique, Radio-Canada,\u00a08 novembre 2024.<\/li>\n<li>CHRONIQUE HISTORIQUE : \u00ab<a href=\"https:\/\/ici.radio-canada.ca\/ohdio\/premiere\/emissions\/place-publique\/episodes\/750520\/rattrapage-vendredi-15-mars-2024\/1\">\u00a0<\/a><a href=\"https:\/\/ici.radio-canada.ca\/ohdio\/premiere\/emissions\/place-publique\/segments\/rattrapage\/1870936\/histoire-statue-notre-dame-Soci\u00e9t\u00e9 historique du Saguenay\">Petite histoire de la statue Notre-Dame-du-Saguenay\u00a0<\/a>\u00bb, \u00c9mission Place publique, Radio-Canada, 4 octobre 2024.<\/li>\n<li>CHRONIQUE HISTORIQUE : \u00ab<a href=\"https:\/\/ici.radio-canada.ca\/ohdio\/premiere\/emissions\/place-publique\/episodes\/750520\/rattrapage-vendredi-15-mars-2024\/1\">\u00a0<\/a><a href=\"https:\/\/ici.radio-canada.ca\/ohdio\/premiere\/emissions\/place-publique\/segments\/rattrapage\/1840809\/depart-soeurs-bon-pasteur\">Le d\u00e9part des Soeurs du Bon-Pasteur de Chicoutimi<\/a>\u00a0\u00bb, \u00c9mission Place publique, Radio-Canada,\u00a030 ao\u00fbt 2024.<\/li>\n<li>CHRONIQUE HISTORIQUE : \u00ab<a href=\"https:\/\/ici.radio-canada.ca\/ohdio\/premiere\/emissions\/place-publique\/episodes\/750520\/rattrapage-vendredi-15-mars-2024\/1\">\u00a0<\/a><a href=\"https:\/\/ici.radio-canada.ca\/ohdio\/premiere\/emissions\/place-publique\/segments\/rattrapage\/507631\/les-capsules-temporelles-du-monument-price\">Les capsules temporelles du Monument Price<\/a>\u00a0\u00bb, \u00c9mission Place publique, Radio-Canada, 7 juin 2024.<\/li>\n<li>CHRONIQUE HISTORIQUE : \u00ab<a href=\"https:\/\/ici.radio-canada.ca\/ohdio\/premiere\/emissions\/place-publique\/episodes\/750520\/rattrapage-vendredi-15-mars-2024\/1\">\u00a0<\/a><a href=\"https:\/\/ici.radio-canada.ca\/ohdio\/premiere\/emissions\/place-publique\/episodes\/750562\/rattrapage-vendredi-10-mai-2024\/1\">L&#8217;H\u00f4tel Chicoutimi souffle ses 125 bougies<\/a>\u00a0\u00bb, \u00c9mission Place publique, Radio-Canada,\u00a010 mai 2024.<\/li>\n<li>CHRONIQUE HISTORIQUE : \u00ab<a href=\"https:\/\/ici.radio-canada.ca\/ohdio\/premiere\/emissions\/place-publique\/episodes\/750520\/rattrapage-vendredi-15-mars-2024\/1\">\u00a0<\/a><a href=\"https:\/\/ici.radio-canada.ca\/ohdio\/premiere\/emissions\/place-publique\/episodes\/750544\/rattrapage-vendredi-19-avril-2024\/1\">L&#8217;ancien bureau de poste de Chicoutimi : un lieu charg\u00e9 d&#8217;histoire<\/a> \u00bb, \u00c9mission Place publique, Radio-Canada,\u00a019 avril\u00a02024.<\/li>\n<li>CHRONIQUE HISTORIQUE : \u00ab <a href=\"https:\/\/ici.radio-canada.ca\/ohdio\/premiere\/emissions\/place-publique\/episodes\/750520\/rattrapage-vendredi-15-mars-2024\/1\">Moderniser la traverse de la rivi\u00e8re Saguenay :\u00a0 l&#8217;histoire des ponts Sainte-Anne et Dubuc\u00a0<\/a>\u00bb, \u00c9mission Place publique, Radio-Canada, 15\u00a0mars 2024.<\/li>\n<li>CHRONIQUE HISTORIQUE : \u00ab <a href=\"https:\/\/ici.radio-canada.ca\/ohdio\/premiere\/emissions\/place-publique\/episodes\/750499\/rattrapage-vendredi-16-fevrier-2024\/1\">D&#8217;une rive \u00e0 l&#8217;autre : les ponts de glace au Saguenay<\/a> \u00bb, \u00c9mission Place publique, Radio-Canada, 16 f\u00e9vrier 2024.<\/li>\n<li>CHRONIQUE HISTORIQUE : \u00ab <a href=\"https:\/\/ici.radio-canada.ca\/ohdio\/premiere\/emissions\/place-publique\/episodes\/750479\/rattrapage-vendredi-19-janvier-2024\/1\">Arthur Buies et le Saguenay-Lac-Saint-Jean<\/a> \u00bb, \u00c9mission Place publique, Radio-Canada, 19 janvier 2024.<\/li>\n<li>CHRONIQUE HISTORIQUE : \u00ab <a href=\"https:\/\/ici.radio-canada.ca\/ohdio\/premiere\/emissions\/place-publique\/episodes\/750444\/rattrapage-vendredi-1-decembre-2023\/1\">Le Saguenay-Lac-Saint-Jean, foyer du syndicalisme au Qu\u00e9bec<\/a> \u00bb,\u00a0\u00c9mission place publique, Radio-Canada, 1er d\u00e9cembre 2023.<\/li>\n<li>CHRONIQUE HISTORIQUE : \u00ab <a href=\"https:\/\/ici.radio-canada.ca\/ohdio\/premiere\/emissions\/place-publique\/segments\/chronique\/461041\/region-drapeau-saguenay-alma-roberval-enjeux\">Le Saguenay et le Lac-Saint-Jean : petite histoire d&#8217;une rivalit\u00e9<\/a> \u00bb,\u00a0\u00c9mission Place publique, Radio-Canada, 3 novembre 2023.<\/li>\n<li>CHRONIQUE HISTORIQUE : \u00ab\u00a0<a href=\"https:\/\/ici.radio-canada.ca\/ohdio\/premiere\/emissions\/place-publique\/episodes\/750376\/rattrapage-vendredi-1-septembre-2023\/1\">La rue Racine d&#8217;hier \u00e0 aujourd&#8217;hui<\/a>\u00a0\u00bb,\u00a0\u00c9mission Place publique, Radio-Canada,\u00a01er septembre 2023.<\/li>\n<li>CHRONIQUE HISTORIQUE : \u00ab <a href=\"https:\/\/ici.radio-canada.ca\/ohdio\/premiere\/emissions\/place-publique\/episodes\/724628\/rattrapage-vendredi-28-juillet-2023\/1\">Le Saguenay dans la cam\u00e9ra de l&#8217;abb\u00e9 Proulx<\/a> \u00bb,\u00a0\u00c9mission Place publique, Radio-Canada, 28 juillet 2023.<\/li>\n<li>CHRONIQUE HISTORIQUE : \u00ab <a href=\"https:\/\/ici.radio-canada.ca\/ohdio\/premiere\/emissions\/place-publique\/episodes\/706151\/rattrapage-vendredi-16-juin-2023\/1?fbclid=IwAR0JCEUKD5eeOfKqHbpUkfCE00IyceGoia7HbhK6rkbEdsL90gsAErhiXgI\">Un &#8220;monstre rouge&#8221; : le Grand feu de 1870<\/a>\u00a0\u00bb, \u00c9mission Place publique, Radio-Canada,\u00a016 juin 2023.<\/li>\n<li>CHRONIQUE HISTORIQUE : \u00ab <a href=\"https:\/\/ici.radio-canada.ca\/ohdio\/premiere\/emissions\/place-publique\/episodes\/706168\/rattrapage-vendredi-26-mai-2023\/1\">L&#8217;Auberge Le Parasol, pionnier du motel au Qu\u00e9bec<\/a> \u00bb, \u00c9mission Place publique, Radio-Canada, 26 mai 2023.<\/li>\n<li>CHRONIQUE HISTORIQUE : \u00ab\u00a0<a href=\"https:\/\/ici.radio-canada.ca\/ohdio\/premiere\/emissions\/place-publique\/episodes\/706182\/rattrapage-vendredi-28-avril-2023\/1?fbclid=IwAR0siQToNdDbpEB1QUbDP8wCjjX2_C20LsUyc9pjn0MweXiwupTyEa_w2ww\">Quand les transports suscitent l\u2019\u00e9motion : l\u2019arriv\u00e9e du chemin de fer \u00e0 Roberval en 1888<\/a>\u00a0\u00bb, \u00c9mission Place publique, Radio-Canada, 28 avril 2023.<\/li>\n<li>CHRONIQUE HISTORIQUE : \u00ab\u00a0<a href=\"https:\/\/ici.radio-canada.ca\/ohdio\/premiere\/emissions\/place-publique\/episodes\/697653\/rattrapage-du-vendredi-31-mars-2023\/1?fbclid=IwAR3clmc2ZaINyLbk2KdSkcVGdIMU96DWe9yl3SecdhGEc915e5lT4DTKdnI\">Nos soci\u00e9t\u00e9s d&#8217;histoire : hier et aujourd&#8217;hui\u00a0<\/a>\u00bb,\u00a0\u00c9mission Place publique, Radio-Canada, 31 mars 2023.<\/li>\n<li>\u00ab CHRONIQUE HISTORIQUE : \u00ab\u00a0<a href=\"https:\/\/ici.radio-canada.ca\/ohdio\/premiere\/emissions\/place-publique\/episodes\/685125\/rattrapage-du-vendredi-3-fevrier-2023\/1?fbclid=IwAR2Ng7JD7dZ14vTiODV--_DqjQEksih8Lwptt5FWvXuv03iuN80_kecpvmI\">La marche du peuplement au Saguenay-Lac-Saint-Jean<\/a>\u00a0\u00bb,\u00a0\u00c9mission Place publique, Radio-Canada, 3 f\u00e9vrier 2023.<\/li>\n<li>\u00ab\u00a0CHRONIQUE HISTORIQUE : \u00ab\u00a0<a href=\"https:\/\/ici.radio-canada.ca\/ohdio\/premiere\/emissions\/place-publique\/episodes\/676900\/rattrapage-du-vendredi-23-decembre-2022\/1?fbclid=IwAR27eo-JaEOoZ1XYLfdpw_rAyA2SplD7HGsLhSKi6anqzJHkuTOWD-p5XEQ\">La critique du No\u00ebl consum\u00e9riste : une vieille histoire<\/a>\u00a0\u00bb,\u00a0\u00c9mission Place publique, Radio-Canada, 23 d\u00e9cembre 2023.<\/li>\n<li>\u00ab CHRONIQUE HISTORIQUE : \u00ab\u00a0<a href=\"https:\/\/l.facebook.com\/l.php?u=https%3A%2F%2Fici.radio-canada.ca%2Fohdio%2Fpremiere%2Femissions%2Fplace-publique%2Fepisodes%2F670503%2Frattrapage-du-vendredi-25-novembre-2022%2F1%3Ffbclid%3DIwAR0rYHUsFispCf9xZxGL6mh8_ccwdJ54pjNqYpmg5kmUc0nBmQ30ILgnt2g&amp;h=AT3k7llL9VBC0GYUR2YHpfjn39nU9kqo5K_VVgUcqXUGhfwlVM7CX6wzLmv7u-4Z8UQHhT440vekNdYvQkRRGjtSWXb7Zy1Os3BsP5z64tpUaGkn8cjxlPH68HjlA8EJ4A&amp;__tn__=%2CmH-R&amp;c[0]=AT0nYbg8HOGe3mJD77n8dffZjbFsYlSSmVuwazs63k_6M4B7GuYmp-OlYGcDlzI1OEZ2vVdWhBHYIe5SxgsbQOTV4J1o_0BPIQIfA0TD9uVWoykLsUTh-VLnRNfQB-sJnRDdbmj-3o9IWDRf-ZOAeJtmTBxxCT8au_i-x-3FhyHvqVO2flznNw\">Pourquoi faut-il sauvegarder l&#8217;\u00e9glise Saint-\u00c9douard?<\/a>\u00a0\u00bb, \u00c9mission Place publique, Radio-Canada, 25 novembre 2022.<\/li>\n<li>\u00ab CHRONIQUE HISTORIQUE :\u00a0<a href=\"https:\/\/ici.radio-canada.ca\/ohdio\/premiere\/emissions\/place-publique\/episodes\/664489\/rattrapage-du-vendredi-28-octobre-2022\/1?fbclid=IwAR0R51IQNWZIcWChZsf0xlJpcFKPAx48I-Z6hUoMEri_Lv2rTTRO4ejoewI\">D&#8217;o\u00f9 vient l&#8217;expression \u00ab Le Royaume du Saguenay \u00bb?\u00a0<\/a>\u00bb,\u00a0\u00c9mission Place publique, Radio-Canada, 28 octobre 2022.<\/li>\n<li>\u00ab\u00a0CHRONIQUE HISTORIQUE : \u00ab\u00a0<a href=\"https:\/\/ici.radio-canada.ca\/ohdio\/premiere\/emissions\/place-publique\/episodes\/657716\/rattrapage-du-vendredi-30-septembre-2022\/1\">L&#8217;histoire des comportements politiques des Saguen\u00e9ens<\/a>\u00a0\u00bb,\u00a0\u00c9mission Place publique, Radio-Canada,\u00a030 septembre 2022.<\/li>\n<li>\u00ab CHRONIQUE HISTORIQUE : \u00ab\u00a0<a href=\"https:\/\/ici.radio-canada.ca\/ohdio\/premiere\/emissions\/place-publique\/episodes\/648804\/rattrapage-du-vendredi-19-aout-2022\">La petite histoire derri\u00e8re l&#8217;arriv\u00e9e de la premi\u00e8re voiture \u00e0 Roberval en 1906 <\/a>\u00bb, \u00c9mission Place publique, Radio-Canada, 19 ao\u00fbt 2022.<\/li>\n<\/ol>\n","protected":false},"excerpt":{"rendered":"<p>CHRONIQUE HISTORIQUE, \u00ab Comment Saint-Nicolas est-il devenu le P\u00e8re No\u00ebl? \u00bb, \u00c9mission Place publique, Radio-Canada, 12 d\u00e9cembre 2025. CHRONIQUE HISTORIQUE, \u00ab L\u2019\u00e9mergence de la m\u00e9decine hospitali\u00e8re au Saguenay\u2013Lac-Saint-Jean : naissance d\u2019un nouveau pouvoir social \u00bb, \u00c9mission Place publique, Radio-Canada, 28 novembre 2025. CHRONIQUE HISTORIQUE, \u00ab Conversion et contestation : l\u2019\u00e9tonnante histoire du schisme de Girardville &hellip; <a href=\"https:\/\/portfolio.uqac.ca\/francoisolivierdorais\/chroniques-historiques-radio-canada\/\" class=\"more-link\">Continuer la lecture de <span class=\"screen-reader-text\">Chroniques historiques &#8211; Radio-Canada<\/span>  <span class=\"meta-nav\">&rarr;<\/span><\/a><\/p>\n","protected":false},"author":213,"featured_media":0,"parent":0,"menu_order":0,"comment_status":"closed","ping_status":"closed","template":"","meta":{"footnotes":""},"tags":[],"_links":{"self":[{"href":"https:\/\/portfolio.uqac.ca\/francoisolivierdorais\/wp-json\/wp\/v2\/pages\/429"}],"collection":[{"href":"https:\/\/portfolio.uqac.ca\/francoisolivierdorais\/wp-json\/wp\/v2\/pages"}],"about":[{"href":"https:\/\/portfolio.uqac.ca\/francoisolivierdorais\/wp-json\/wp\/v2\/types\/page"}],"author":[{"embeddable":true,"href":"https:\/\/portfolio.uqac.ca\/francoisolivierdorais\/wp-json\/wp\/v2\/users\/213"}],"replies":[{"embeddable":true,"href":"https:\/\/portfolio.uqac.ca\/francoisolivierdorais\/wp-json\/wp\/v2\/comments?post=429"}],"version-history":[{"count":29,"href":"https:\/\/portfolio.uqac.ca\/francoisolivierdorais\/wp-json\/wp\/v2\/pages\/429\/revisions"}],"predecessor-version":[{"id":580,"href":"https:\/\/portfolio.uqac.ca\/francoisolivierdorais\/wp-json\/wp\/v2\/pages\/429\/revisions\/580"}],"wp:attachment":[{"href":"https:\/\/portfolio.uqac.ca\/francoisolivierdorais\/wp-json\/wp\/v2\/media?parent=429"}],"wp:term":[{"taxonomy":"post_tag","embeddable":true,"href":"https:\/\/portfolio.uqac.ca\/francoisolivierdorais\/wp-json\/wp\/v2\/tags?post=429"}],"curies":[{"name":"wp","href":"https:\/\/api.w.org\/{rel}","templated":true}]}}