{"id":439,"date":"2023-04-30T14:06:31","date_gmt":"2023-04-30T18:06:31","guid":{"rendered":"http:\/\/portfolio-pre.uqac.ca\/francoisolivierdorais\/?page_id=439"},"modified":"2025-09-18T23:53:12","modified_gmt":"2025-09-19T03:53:12","slug":"aujourdhui-lhistoire-radio-canada","status":"publish","type":"page","link":"https:\/\/portfolio.uqac.ca\/francoisolivierdorais\/aujourdhui-lhistoire-radio-canada\/","title":{"rendered":"Aujourd&#8217;hui l&#8217;histoire &#8211; Radio-Canada"},"content":{"rendered":"<ol>\n<li>\u00ab <a href=\"https:\/\/ici.radio-canada.ca\/ohdio\/premiere\/emissions\/aujourd-hui-l-histoire\/episodes\/952608\/linstitut-canadien-de-montreal-le-cercle-intellectuel-francophone-du-19e-siecle\">L&#8217;Institut canadien de Montr\u00e9al, le cercle intellectuel francophone du 19e si\u00e8cle<\/a> \u00bb, \u00c9mission\u00a0<em>Aujourd&#8217;hui l&#8217;histoire,\u00a0<\/em>Radio-Canada,\u00a0 23 avril 2025.<\/li>\n<li>\u00ab <a href=\"https:\/\/ici.radio-canada.ca\/ohdio\/premiere\/emissions\/aujourd-hui-l-histoire\/episodes\/947103\/le-manuel-dhistoire-unique-louvrage-qui-a-dechire-les-historiens#:~:text=hui%20l'histoire-,Le%20manuel%20d'histoire%20unique%2C%20l'ouvrage%20qui%20a,les%20historiens17%20octobre%202024&amp;text=Le%20manuel%20d'histoire%20unique%20a%20suscit%C3%A9%20la%20controverse%20pendant,%C3%A0%20promouvoir%20l'unit%C3%A9%20canadienne.\">Le manuel unique d&#8217;histoire : l&#8217;ouvrage qui a d\u00e9chir\u00e9 les historiens<\/a> \u00bb,\u00a0\u00c9mission\u00a0<em>Aujourd&#8217;hui l&#8217;histoire,\u00a0<\/em>Radio-Canada,\u00a0 16 octobre\u00a02024.<\/li>\n<li>\u00ab <a href=\"https:\/\/ici.radio-canada.ca\/ohdio\/premiere\/emissions\/aujourd-hui-l-histoire\/episodes\/804970\/rattrapage-lundi-27-novembre-2023\">\u00c9douard Montpetit, personnage d&#8217;institution et pr\u00e9curseur des sciences \u00e9conomiques au Qu\u00e9bec<\/a> \u00bb, \u00c9mission\u00a0<em>Aujourd&#8217;hui l&#8217;histoire,\u00a0<\/em>Radio-Canada,\u00a0 27 novembre 2023.<\/li>\n<li>\u00ab <a href=\"https:\/\/ici.radio-canada.ca\/ohdio\/premiere\/emissions\/aujourd-hui-l-histoire\/segments\/entrevue\/442967\/retour-europe-etudiant-intellectuel-quebecois\">Grandeurs et mis\u00e8res des retours d&#8217;Europe des intellectuels qu\u00e9b\u00e9cois<\/a> \u00bb,\u00a0\u00c9mission\u00a0<em>Aujourd&#8217;hui l&#8217;histoire,\u00a0<\/em>Radio-Canada, 11 mai 2023.<\/li>\n<li>\u00ab <a href=\"https:\/\/ici.radio-canada.ca\/ohdio\/premiere\/emissions\/aujourd-hui-l-histoire\/segments\/entrevue\/425610\/ecole-historique-montreal-quebec-divergences\">Les divergences entre l&#8217;\u00e9cole de Montr\u00e9al et l&#8217;\u00e9cole de Qu\u00e9bec en histoire<\/a> \u00bb,\u00a0\u00c9mission\u00a0<em>Aujourd&#8217;hui l&#8217;histoire,\u00a0<\/em>Radio-Canada, 8 d\u00e9cembre 2022.<\/li>\n<li>\u00ab <a href=\"https:\/\/ici.radio-canada.ca\/ohdio\/premiere\/emissions\/aujourd-hui-l-histoire\/segments\/entrevue\/416811\/juliette-lalonde-remillard-lionel-groulx?fbclid=IwAR2a200HfyZ8cPa5mvfSCUrU5PkkKGRl6zY_hfpoltPBSWoFSHRkic0LtnY\">La vie de Juliette Lalonde-R\u00e9millard, consacr\u00e9e au chanoine Lionel Groulx<\/a> \u00bb, \u00c9mission <em>Aujourd&#8217;hui l&#8217;histoire,\u00a0<\/em>Radio-Canada, 27 septembre 2022.<\/li>\n<\/ol>\n","protected":false},"excerpt":{"rendered":"<p>\u00ab L&#8217;Institut canadien de Montr\u00e9al, le cercle intellectuel francophone du 19e si\u00e8cle \u00bb, \u00c9mission\u00a0Aujourd&#8217;hui l&#8217;histoire,\u00a0Radio-Canada,\u00a0 23 avril 2025. \u00ab Le manuel unique d&#8217;histoire : l&#8217;ouvrage qui a d\u00e9chir\u00e9 les historiens \u00bb,\u00a0\u00c9mission\u00a0Aujourd&#8217;hui l&#8217;histoire,\u00a0Radio-Canada,\u00a0 16 octobre\u00a02024. \u00ab \u00c9douard Montpetit, personnage d&#8217;institution et pr\u00e9curseur des sciences \u00e9conomiques au Qu\u00e9bec \u00bb, \u00c9mission\u00a0Aujourd&#8217;hui l&#8217;histoire,\u00a0Radio-Canada,\u00a0 27 novembre 2023. \u00ab Grandeurs et &hellip; <a href=\"https:\/\/portfolio.uqac.ca\/francoisolivierdorais\/aujourdhui-lhistoire-radio-canada\/\" class=\"more-link\">Continuer la lecture de <span class=\"screen-reader-text\">Aujourd&#8217;hui l&#8217;histoire &#8211; Radio-Canada<\/span>  <span class=\"meta-nav\">&rarr;<\/span><\/a><\/p>\n","protected":false},"author":213,"featured_media":0,"parent":0,"menu_order":0,"comment_status":"closed","ping_status":"closed","template":"","meta":{"footnotes":""},"tags":[],"_links":{"self":[{"href":"https:\/\/portfolio.uqac.ca\/francoisolivierdorais\/wp-json\/wp\/v2\/pages\/439"}],"collection":[{"href":"https:\/\/portfolio.uqac.ca\/francoisolivierdorais\/wp-json\/wp\/v2\/pages"}],"about":[{"href":"https:\/\/portfolio.uqac.ca\/francoisolivierdorais\/wp-json\/wp\/v2\/types\/page"}],"author":[{"embeddable":true,"href":"https:\/\/portfolio.uqac.ca\/francoisolivierdorais\/wp-json\/wp\/v2\/users\/213"}],"replies":[{"embeddable":true,"href":"https:\/\/portfolio.uqac.ca\/francoisolivierdorais\/wp-json\/wp\/v2\/comments?post=439"}],"version-history":[{"count":8,"href":"https:\/\/portfolio.uqac.ca\/francoisolivierdorais\/wp-json\/wp\/v2\/pages\/439\/revisions"}],"predecessor-version":[{"id":571,"href":"https:\/\/portfolio.uqac.ca\/francoisolivierdorais\/wp-json\/wp\/v2\/pages\/439\/revisions\/571"}],"wp:attachment":[{"href":"https:\/\/portfolio.uqac.ca\/francoisolivierdorais\/wp-json\/wp\/v2\/media?parent=439"}],"wp:term":[{"taxonomy":"post_tag","embeddable":true,"href":"https:\/\/portfolio.uqac.ca\/francoisolivierdorais\/wp-json\/wp\/v2\/tags?post=439"}],"curies":[{"name":"wp","href":"https:\/\/api.w.org\/{rel}","templated":true}]}}