{"id":46,"date":"2018-08-16T08:05:06","date_gmt":"2018-08-16T12:05:06","guid":{"rendered":"http:\/\/portfolio-pre.uqac.ca\/gabarit\/?page_id=46"},"modified":"2025-04-06T10:41:13","modified_gmt":"2025-04-06T14:41:13","slug":"recherche","status":"publish","type":"page","link":"https:\/\/portfolio.uqac.ca\/francoisolivierdorais\/recherche\/","title":{"rendered":"Recherche"},"content":{"rendered":"<h3>Subventions de recherche (depuis 2018)<\/h3>\n<p><strong>2025\u00a0<\/strong>: (Chercheur principal)\u00a0: CRSH-Savoir (76\u00a0000$) &#8211; <em>Au coeur de la pratique et de l&#8217;identit\u00e9 disciplinaire en histoire. L&#8217;Institut d&#8217;histoire de l&#8217;Am\u00e9rique fran\u00e7aise et sa revue (1947-2025)<\/em><\/p>\n<p><strong>2025<\/strong>\u00a0: FODAR \u2013 volet Communaut\u00e9 r\u00e9seau \u2013 Action ponctuelle (15\u00a0240$) \u2013 Subvention pour le colloque \u00ab Quel avenir pour les universit\u00e9s en r\u00e9gion au Qu\u00e9bec\u00a0? \u00bb (co-chercheur avec Olivier Lemieux, UQAR).<\/p>\n<p><strong>2024\u00a0<\/strong>: FRQSC \u2013 Centre interuniversitaire d\u2019\u00e9tudes qu\u00e9b\u00e9coises (CIEQ) \u2013 Subvention de d\u00e9marrage (8000$) pour le projet \u00ab Au coeur de la pratique et de l&#8217;identit\u00e9 disciplinaire en histoire. L&#8217;Institut d&#8217;histoire de l&#8217;Am\u00e9rique fran\u00e7aise et sa revue (1947-2023) \u00bb<\/p>\n<p><strong>2024\u00a0<\/strong>: FRQSC \u2013 Centre de recherche interdisciplinaire sur la diversit\u00e9 et la d\u00e9mocratie (15\u00a0000$), regroupement strat\u00e9gique du FRQSC \u2013 colloque <em>Quel avenir pour les universit\u00e9s en r\u00e9gion au Qu\u00e9bec\u00a0?<\/em><\/p>\n<p><strong>2024\u00a0<\/strong>(co-chercheur)\u00a0: CRSH-Connexion (21\u00a0397$) \u2013 colloque <em>Le m\u00e9di\u00e9valisme au Qu\u00e9bec: \u00e9tudes, usages et repr\u00e9sentations du Moyen \u00c2ge dans la soci\u00e9t\u00e9 qu\u00e9b\u00e9coise <\/em>(chercheur principal\u00a0: Arnaud Montreuil, UQAC)<\/p>\n<p><strong>2024<\/strong> : Subvention Mitacs (Acc\u00e9l\u00e9ration \u2013 15 000$) \u2013 Femmes du Nord : projet d\u2019ouvrage sur l\u2019histoire des femmes de la Jam\u00e9sie, en collaboration avec la Soci\u00e9t\u00e9 historique de la Baie-James<\/p>\n<p><strong>2024<\/strong> : Subvention Mitacs (Acc\u00e9l\u00e9ration \u2013 30 000$) \u2013 Projet d\u2019interpr\u00e9tation historique en lien avec la requalification de l\u2019\u00c9glise Saint-\u00c9douard (La Baie).<\/p>\n<p><strong>2024\u00a0<\/strong>: Subvention Mitacs (Acc\u00e9l\u00e9ration \u2013 30\u00a0000$) \u2013 \u00c9dition critique des m\u00e9moires de vieillards, en collaboration avec la Soci\u00e9t\u00e9 historique du Saguenay<\/p>\n<p><strong>2023\u00a0<\/strong>: Subvention Mitacs (strat\u00e9gie d\u2019entreprise \u2013 15\u00a0000$) \u2013 Inventaire du patrimoine mat\u00e9riel et immat\u00e9riel au Centre historique des S\u0153urs du Bon-Conseil<\/p>\n<p><strong>2022\u00a0<\/strong>: Programme d\u2019aide \u00e0 l\u2019\u00e9dition savante (8000$) de la F\u00e9d\u00e9ration des sciences humaines du Canada pour la publication de la monographie <em>L\u2019\u00e9cole historique de Qu\u00e9bec\u00a0: une histoire intellectuelle.<\/em><\/p>\n<p><strong>2021-2022<\/strong> (co-chercheur)\u00a0: CRSH-Connexion (19\u00a0115$) \u2013 colloque <em>Profession historienne\u00a0? Les femmes dans la production et la diffusion des savoirs historiques au Canada fran\u00e7ais, XIX<sup>e<\/sup> et XX<sup>e<\/sup> si\u00e8cles <\/em>(chercheuse principale\u00a0: Louise Bienvenue, U. de Sherbrooke).<\/p>\n<p><strong>2020-2021<\/strong> (chercheur principal)\u00a0: CRSH-Connexion (24\u00a0831$) \u2013 colloque <em>Penser l\u2019autre moiti\u00e9 de la modernit\u00e9 avec Joseph Yvon Th\u00e9riault <\/em>(co-chercheurs\u00a0: St\u00e9phanie Chouinard (Coll\u00e8ge militaire royal de Kingston) et Jean-Fran\u00e7ois Laniel (U. Laval)).<\/p>\n<p><strong>2020-2022<\/strong>\u00a0(co-chercheur) : Programme d\u2019appui \u00e0 la recherche du Secr\u00e9tariat du Qu\u00e9bec aux relations canadiennes (112\u00a0360$). Titre du projet\u00a0: <em>En route vers le Sommet 2020 \u2013 un nouveau paradigme transfrontalier pour l\u2019\u00e9tude du fait fran\u00e7ais au Canada.<\/em><\/p>\n<p><strong>2019-2024<\/strong> (chercheur principal) : Soutien \u00e0 la recherche pour la rel\u00e8ve professorale, Fonds de recherche du Qu\u00e9bec \u2013 Soci\u00e9t\u00e9 et culture (montant : 44 273$). Titre du projet : <em>Circulations savantes, contacts et transferts entre le Qu\u00e9bec et les \u00c9tats-Unis. L&#8217;exp\u00e9rience des &#8220;Retours d&#8217;Am\u00e9rique&#8221; (1940-1960).<\/em><\/p>\n<p>&nbsp;<\/p>\n","protected":false},"excerpt":{"rendered":"<p>Subventions de recherche (depuis 2018) 2025\u00a0: (Chercheur principal)\u00a0: CRSH-Savoir (76\u00a0000$) &#8211; Au coeur de la pratique et de l&#8217;identit\u00e9 disciplinaire en histoire. L&#8217;Institut d&#8217;histoire de l&#8217;Am\u00e9rique fran\u00e7aise et sa revue (1947-2025) 2025\u00a0: FODAR \u2013 volet Communaut\u00e9 r\u00e9seau \u2013 Action ponctuelle (15\u00a0240$) \u2013 Subvention pour le colloque \u00ab Quel avenir pour les universit\u00e9s en r\u00e9gion au &hellip; <a href=\"https:\/\/portfolio.uqac.ca\/francoisolivierdorais\/recherche\/\" class=\"more-link\">Continuer la lecture de <span class=\"screen-reader-text\">Recherche<\/span>  <span class=\"meta-nav\">&rarr;<\/span><\/a><\/p>\n","protected":false},"author":89,"featured_media":0,"parent":0,"menu_order":0,"comment_status":"closed","ping_status":"closed","template":"","meta":{"footnotes":""},"tags":[],"_links":{"self":[{"href":"https:\/\/portfolio.uqac.ca\/francoisolivierdorais\/wp-json\/wp\/v2\/pages\/46"}],"collection":[{"href":"https:\/\/portfolio.uqac.ca\/francoisolivierdorais\/wp-json\/wp\/v2\/pages"}],"about":[{"href":"https:\/\/portfolio.uqac.ca\/francoisolivierdorais\/wp-json\/wp\/v2\/types\/page"}],"author":[{"embeddable":true,"href":"https:\/\/portfolio.uqac.ca\/francoisolivierdorais\/wp-json\/wp\/v2\/users\/89"}],"replies":[{"embeddable":true,"href":"https:\/\/portfolio.uqac.ca\/francoisolivierdorais\/wp-json\/wp\/v2\/comments?post=46"}],"version-history":[{"count":18,"href":"https:\/\/portfolio.uqac.ca\/francoisolivierdorais\/wp-json\/wp\/v2\/pages\/46\/revisions"}],"predecessor-version":[{"id":538,"href":"https:\/\/portfolio.uqac.ca\/francoisolivierdorais\/wp-json\/wp\/v2\/pages\/46\/revisions\/538"}],"wp:attachment":[{"href":"https:\/\/portfolio.uqac.ca\/francoisolivierdorais\/wp-json\/wp\/v2\/media?parent=46"}],"wp:term":[{"taxonomy":"post_tag","embeddable":true,"href":"https:\/\/portfolio.uqac.ca\/francoisolivierdorais\/wp-json\/wp\/v2\/tags?post=46"}],"curies":[{"name":"wp","href":"https:\/\/api.w.org\/{rel}","templated":true}]}}