{"id":18,"date":"2023-03-06T14:58:55","date_gmt":"2023-03-06T19:58:55","guid":{"rendered":"http:\/\/portfolio-pre.uqac.ca\/gabarit\/?page_id=18"},"modified":"2025-10-11T21:57:27","modified_gmt":"2025-10-12T01:57:27","slug":"enseignement","status":"publish","type":"page","link":"https:\/\/portfolio.uqac.ca\/frantzsimeon\/enseignement\/","title":{"rendered":"Enseignement"},"content":{"rendered":"<h3>Cours d\u00e9velopp\u00e9s et enseign\u00e9s<\/h3>\n<ul>\n<li><a href=\"https:\/\/programmes.uqac.ca\/4svs232\" target=\"_blank\" rel=\"noopener\">4SVS232 : Intervention en g\u00e9rontologie et en situation d&#8217;incapacit\u00e9<\/a><\/li>\n<li><a href=\"https:\/\/programmes.uqac.ca\/4svs216\" target=\"_blank\" rel=\"noopener\">4SVS216 : D\u00e9veloppement humain et environnement social<\/a><\/li>\n<li><a href=\"https:\/\/programmes.uqac.ca\/4svs223\" target=\"_blank\" rel=\"noopener\">4SVS223 : Introduction au travail social<\/a><\/li>\n<li><a href=\"https:\/\/programmes.uqac.ca\/4mis816\" target=\"_blank\" rel=\"noopener\">4MIS816 : Vieillissement et pratiques sociales<\/a><\/li>\n<li><a href=\"https:\/\/programmes.uqac.ca\/4SVS211\">4SVS220 &#8211; 7C1 &#8211; Analyse des probl\u00e8mes sociaux<\/a><\/li>\n<\/ul>\n<h3>Supervision d&#8217;\u00e9tudiantes et d&#8217;\u00e9tudiants<\/h3>\n<h5>Unit\u00e9 d\u2019enseignement en travail social<\/h5>\n<p><strong>(Co)direction de m\u00e9moires de ma\u00eetrise (en cours et\/ou compl\u00e9t\u00e9)<\/strong><\/p>\n<ul>\n<li>Perception et compr\u00e9hension de la maltraitance par<br \/>\nles a\u00een\u00e9s francophones vivant en milieu minoritaire : une \u00e9tude de cas \u00e0 Sudbury. <strong>Manon Lafontaine<\/strong><\/li>\n<li>Les cons\u00e9quences de la transition entre domicile et ressources d\u2019h\u00e9bergement sur la sant\u00e9 mentale des ain\u00e9s. <strong>Ahmadou Fall<\/strong><\/li>\n<li>Vieillissement et logement au Saguenay-Lac-Saint-Jean : trajectoires en contexte de pr\u00e9carit\u00e9 r\u00e9sidentielle. <strong>Fr\u00e9d\u00e9ric Simard<\/strong><\/li>\n<li>Apports des accommodements \u00e0 la r\u00e9ussite des \u00e9tudiants postsecondaires en situation de handicap en contexte de la pand\u00e9mie : le cas du Coll\u00e8ge Bor\u00e9al. <strong>Isabelle Chauss\u00e9 (compl\u00e9t\u00e9)<\/strong><\/li>\n<li>Plateforme de conception d\u2019arbre g\u00e9n\u00e9alogique &amp; tontine en ligne.\u00a0 <strong>Abdourahmane Gaye (compl\u00e9t\u00e9)<\/strong><\/li>\n<li><\/li>\n<\/ul>\n<p><strong>(Co)direction de th\u00e8ses de doctorat<\/strong><\/p>\n<ul>\n<li>L\u2019identification des besoins en soutien psychosocial pour pr\u00e9venir l\u2019\u00e9puisement chez les proches aidants (es) des personnes vivant avec un trouble neurocognitif majeur. <strong>Jean Marcxime CHERY<\/strong><\/li>\n<li>\n<p class=\"Default\" style=\"text-align: justify;line-height: 150%\"><span lang=\"FR\" style=\"font-size: 11.5pt;line-height: 150%;color: windowtext\">G\u00e9rontologie, transmission de savoirs interg\u00e9n\u00e9rationnels et vaudou en Ha\u00efti. <\/span><strong>Emmanuel St\u00e9phane LAURENT<\/strong><\/p>\n<\/li>\n<\/ul>\n<p><strong>Encadrement d\u2019\u00e9tudiantes et \u00e9tudiants<\/strong><\/p>\n<ul>\n<li>Anick Lessard (bourse du FRQ)<\/li>\n<li>M\u00e9gan Gillemette (assistante de recherche)<\/li>\n<li>Guison C\u00e9lestin (assistant de recherche)<\/li>\n<\/ul>\n","protected":false},"excerpt":{"rendered":"<p>Cours d\u00e9velopp\u00e9s et enseign\u00e9s 4SVS232 : Intervention en g\u00e9rontologie et en situation d&#8217;incapacit\u00e9 4SVS216 : D\u00e9veloppement humain et environnement social 4SVS223 : Introduction au travail social 4MIS816 : Vieillissement et pratiques sociales 4SVS220 &#8211; 7C1 &#8211; Analyse des probl\u00e8mes sociaux Supervision d&#8217;\u00e9tudiantes et d&#8217;\u00e9tudiants Unit\u00e9 d\u2019enseignement en travail social (Co)direction de m\u00e9moires de ma\u00eetrise (en &hellip; <a href=\"https:\/\/portfolio.uqac.ca\/frantzsimeon\/enseignement\/\" class=\"more-link\">Continuer la lecture de <span class=\"screen-reader-text\">Enseignement<\/span>  <span class=\"meta-nav\">&rarr;<\/span><\/a><\/p>\n","protected":false},"author":89,"featured_media":0,"parent":0,"menu_order":0,"comment_status":"closed","ping_status":"closed","template":"","meta":{"footnotes":""},"tags":[],"_links":{"self":[{"href":"https:\/\/portfolio.uqac.ca\/frantzsimeon\/wp-json\/wp\/v2\/pages\/18"}],"collection":[{"href":"https:\/\/portfolio.uqac.ca\/frantzsimeon\/wp-json\/wp\/v2\/pages"}],"about":[{"href":"https:\/\/portfolio.uqac.ca\/frantzsimeon\/wp-json\/wp\/v2\/types\/page"}],"author":[{"embeddable":true,"href":"https:\/\/portfolio.uqac.ca\/frantzsimeon\/wp-json\/wp\/v2\/users\/89"}],"replies":[{"embeddable":true,"href":"https:\/\/portfolio.uqac.ca\/frantzsimeon\/wp-json\/wp\/v2\/comments?post=18"}],"version-history":[{"count":13,"href":"https:\/\/portfolio.uqac.ca\/frantzsimeon\/wp-json\/wp\/v2\/pages\/18\/revisions"}],"predecessor-version":[{"id":285,"href":"https:\/\/portfolio.uqac.ca\/frantzsimeon\/wp-json\/wp\/v2\/pages\/18\/revisions\/285"}],"wp:attachment":[{"href":"https:\/\/portfolio.uqac.ca\/frantzsimeon\/wp-json\/wp\/v2\/media?parent=18"}],"wp:term":[{"taxonomy":"post_tag","embeddable":true,"href":"https:\/\/portfolio.uqac.ca\/frantzsimeon\/wp-json\/wp\/v2\/tags?post=18"}],"curies":[{"name":"wp","href":"https:\/\/api.w.org\/{rel}","templated":true}]}}