{"id":203,"date":"2023-05-16T16:07:50","date_gmt":"2023-05-16T20:07:50","guid":{"rendered":"http:\/\/portfolio-pre.uqac.ca\/frantzsimeon\/?page_id=203"},"modified":"2024-11-11T09:58:50","modified_gmt":"2024-11-11T14:58:50","slug":"publications-avec-comite-de-lecture","status":"publish","type":"page","link":"https:\/\/portfolio.uqac.ca\/frantzsimeon\/publications\/publications-avec-comite-de-lecture\/","title":{"rendered":"Publications avec comit\u00e9 de lecture"},"content":{"rendered":"<p><strong>Sim\u00e9on, F.<\/strong>, C\u00e9lestin, G. Couturier, Y., Larocque, S., Timony, P. et Torres, S. (sous presse).\u00a0<em>Soutien aux proches aidants francophones en situation minoritaire dans le contexte nordique: la contribution de la dynamique communautaire partenariale du nord de l\u2019Ontario au vieillissement \u00e0 domicile<\/em>. Rapport de recherche, GRIR<\/p>\n<p><strong>Sim\u00e9on F<\/strong>. et Boulianne, M. (2024). <em>Exp\u00e9rience du handicap v\u00e9cue par des \u00e9tudiantes en travail social et le sens qu\u2019elles en donnent<\/em>. Rapport de recherche. GRIR<\/p>\n<p><strong>Sim\u00e9on, F.\u00a0 (accept\u00e9).\u00a0<\/strong>&#8220;Soutenir les proches-\u00adaidants en situation linguistique minoritaire. Une urgence de sant\u00e9 publique.&#8221;\u00a0<em>Canadian Journal on Aging\/La Revue canadienne du vieillissement<\/em><em>\u00a0<\/em><\/p>\n<p><strong>Sim\u00e9on F. <\/strong>(2023)<strong>.\u00a0<\/strong>Liens entre compromis social et vieillissement en sant\u00e9. Quelques le\u00e7ons d\u2019une innovation sociale qu\u00e9b\u00e9coise.\u00a0<em>Diversity of Research in Health Journal \/ Revue de la Diversit\u00e9 de la Recherche en Sant\u00e9<\/em><strong>\u00a0<\/strong><\/p>\n<p><strong>Sim\u00e9on, F.\u00a0<\/strong>et Couturier, Y. (2021). Le vieillissement en contexte francophone minoritaire, d\u00e9fis et opportunit\u00e9s.\u00a0<em>Reflets<\/em>. 27(1-2)<\/p>\n<p><strong>Sim\u00e9on, F.<\/strong>\u00a0et Couturier, Y. (2017). Le compromis partenarial, th\u00e9\u00e2tre d\u2019expression de l\u2019autonomie.\u00a0<em>Nouvelles pratiques sociales<\/em>. 19(1), 1-15.<\/p>\n<p><strong>Sim\u00e9on, F<\/strong>., Couturier, Y. et Savard, S. (2016). L\u2019analyse \u00e0 l\u2019aide des cat\u00e9gorisations conceptualisantes en recherche qualitative, les \u00e9tapes de sa mise en \u0153uvre.\u00a0<em>Counselling and Spirituality.\u00a0<\/em>35(1), 89-102. doi: 10.2143\/CS.35.1.0000000.<\/p>\n","protected":false},"excerpt":{"rendered":"<p>Sim\u00e9on, F., C\u00e9lestin, G. Couturier, Y., Larocque, S., Timony, P. et Torres, S. (sous presse).\u00a0Soutien aux proches aidants francophones en situation minoritaire dans le contexte nordique: la contribution de la dynamique communautaire partenariale du nord de l\u2019Ontario au vieillissement \u00e0 domicile. Rapport de recherche, GRIR Sim\u00e9on F. et Boulianne, M. (2024). Exp\u00e9rience du handicap v\u00e9cue &hellip; <a href=\"https:\/\/portfolio.uqac.ca\/frantzsimeon\/publications\/publications-avec-comite-de-lecture\/\" class=\"more-link\">Continuer la lecture de <span class=\"screen-reader-text\">Publications avec comit\u00e9 de lecture<\/span>  <span class=\"meta-nav\">&rarr;<\/span><\/a><\/p>\n","protected":false},"author":362,"featured_media":0,"parent":20,"menu_order":0,"comment_status":"closed","ping_status":"closed","template":"","meta":{"footnotes":""},"tags":[],"_links":{"self":[{"href":"https:\/\/portfolio.uqac.ca\/frantzsimeon\/wp-json\/wp\/v2\/pages\/203"}],"collection":[{"href":"https:\/\/portfolio.uqac.ca\/frantzsimeon\/wp-json\/wp\/v2\/pages"}],"about":[{"href":"https:\/\/portfolio.uqac.ca\/frantzsimeon\/wp-json\/wp\/v2\/types\/page"}],"author":[{"embeddable":true,"href":"https:\/\/portfolio.uqac.ca\/frantzsimeon\/wp-json\/wp\/v2\/users\/362"}],"replies":[{"embeddable":true,"href":"https:\/\/portfolio.uqac.ca\/frantzsimeon\/wp-json\/wp\/v2\/comments?post=203"}],"version-history":[{"count":4,"href":"https:\/\/portfolio.uqac.ca\/frantzsimeon\/wp-json\/wp\/v2\/pages\/203\/revisions"}],"predecessor-version":[{"id":262,"href":"https:\/\/portfolio.uqac.ca\/frantzsimeon\/wp-json\/wp\/v2\/pages\/203\/revisions\/262"}],"up":[{"embeddable":true,"href":"https:\/\/portfolio.uqac.ca\/frantzsimeon\/wp-json\/wp\/v2\/pages\/20"}],"wp:attachment":[{"href":"https:\/\/portfolio.uqac.ca\/frantzsimeon\/wp-json\/wp\/v2\/media?parent=203"}],"wp:term":[{"taxonomy":"post_tag","embeddable":true,"href":"https:\/\/portfolio.uqac.ca\/frantzsimeon\/wp-json\/wp\/v2\/tags?post=203"}],"curies":[{"name":"wp","href":"https:\/\/api.w.org\/{rel}","templated":true}]}}