{"id":211,"date":"2023-05-16T16:10:20","date_gmt":"2023-05-16T20:10:20","guid":{"rendered":"http:\/\/portfolio-pre.uqac.ca\/frantzsimeon\/?page_id=211"},"modified":"2024-11-11T09:53:38","modified_gmt":"2024-11-11T14:53:38","slug":"chapitres-de-livres","status":"publish","type":"page","link":"https:\/\/portfolio.uqac.ca\/frantzsimeon\/chapitres-de-livres\/","title":{"rendered":"Chapitres de livres"},"content":{"rendered":"<p>Lenoir, A., Beaulieu, M., Couturier, Y., <strong>Sim\u00e9on, F<\/strong>. (2016). La notion de r\u00e9ussite comme objet de reconnaissance: regards crois\u00e9s de trois g\u00e9n\u00e9rations d&#8217;immigrants\u00bb. Dans Y. Lenoir, A. Froelich et V. Z\u00fa\u00f1iga (dir.), <em>La reconnaissance \u00e0 l&#8217;\u00e9cole: perspectives internationales (p.189-220). Qu\u00e9bec\u00a0:\u00a0 <\/em>Presses de l&#8217;Universit\u00e9 de Laval.<\/p>\n<p>Couturier, Y., L. Belzile et<strong> Sim\u00e9on, F.<\/strong> (2014). Le travail social comme forme r\u00e9alis\u00e9e d&#8217;interdisciplinarit\u00e9. Dans M. Jaeger (dir.). <em>Recherche et travail social. Quels liens? Quelles l\u00e9gitimit\u00e9s?<\/em> (p.143-152). Paris (France)\u00a0: Dunod.<\/p>\n","protected":false},"excerpt":{"rendered":"<p>Lenoir, A., Beaulieu, M., Couturier, Y., Sim\u00e9on, F. (2016). La notion de r\u00e9ussite comme objet de reconnaissance: regards crois\u00e9s de trois g\u00e9n\u00e9rations d&#8217;immigrants\u00bb. Dans Y. Lenoir, A. Froelich et V. Z\u00fa\u00f1iga (dir.), La reconnaissance \u00e0 l&#8217;\u00e9cole: perspectives internationales (p.189-220). Qu\u00e9bec\u00a0:\u00a0 Presses de l&#8217;Universit\u00e9 de Laval. Couturier, Y., L. Belzile et Sim\u00e9on, F. (2014). Le travail &hellip; <a href=\"https:\/\/portfolio.uqac.ca\/frantzsimeon\/chapitres-de-livres\/\" class=\"more-link\">Continuer la lecture de <span class=\"screen-reader-text\">Chapitres de livres<\/span>  <span class=\"meta-nav\">&rarr;<\/span><\/a><\/p>\n","protected":false},"author":362,"featured_media":0,"parent":0,"menu_order":0,"comment_status":"closed","ping_status":"closed","template":"","meta":{"footnotes":""},"tags":[],"_links":{"self":[{"href":"https:\/\/portfolio.uqac.ca\/frantzsimeon\/wp-json\/wp\/v2\/pages\/211"}],"collection":[{"href":"https:\/\/portfolio.uqac.ca\/frantzsimeon\/wp-json\/wp\/v2\/pages"}],"about":[{"href":"https:\/\/portfolio.uqac.ca\/frantzsimeon\/wp-json\/wp\/v2\/types\/page"}],"author":[{"embeddable":true,"href":"https:\/\/portfolio.uqac.ca\/frantzsimeon\/wp-json\/wp\/v2\/users\/362"}],"replies":[{"embeddable":true,"href":"https:\/\/portfolio.uqac.ca\/frantzsimeon\/wp-json\/wp\/v2\/comments?post=211"}],"version-history":[{"count":2,"href":"https:\/\/portfolio.uqac.ca\/frantzsimeon\/wp-json\/wp\/v2\/pages\/211\/revisions"}],"predecessor-version":[{"id":216,"href":"https:\/\/portfolio.uqac.ca\/frantzsimeon\/wp-json\/wp\/v2\/pages\/211\/revisions\/216"}],"wp:attachment":[{"href":"https:\/\/portfolio.uqac.ca\/frantzsimeon\/wp-json\/wp\/v2\/media?parent=211"}],"wp:term":[{"taxonomy":"post_tag","embeddable":true,"href":"https:\/\/portfolio.uqac.ca\/frantzsimeon\/wp-json\/wp\/v2\/tags?post=211"}],"curies":[{"name":"wp","href":"https:\/\/api.w.org\/{rel}","templated":true}]}}