{"id":221,"date":"2023-05-16T16:15:04","date_gmt":"2023-05-16T20:15:04","guid":{"rendered":"http:\/\/portfolio-pre.uqac.ca\/frantzsimeon\/?page_id=221"},"modified":"2023-05-16T16:15:04","modified_gmt":"2023-05-16T20:15:04","slug":"rapport-public","status":"publish","type":"page","link":"https:\/\/portfolio.uqac.ca\/frantzsimeon\/rapport-public\/","title":{"rendered":"Rapport public"},"content":{"rendered":"<p>Couturier, Y., Tousignant, M., Levasseur, M., Carrier, A., Belzile, L., <strong>Sim\u00e9on, F.<\/strong>\u00a0et Boutier, V. (2013). <em>L\u2019introduction d\u2019une assurance autonomie comme condition favorable \u00e0 la compl\u00e9tion de l\u2019int\u00e9gration des services au Qu\u00e9bec<\/em>. M\u00e9moire du Centre de recherche sur le vieillissement pr\u00e9sent\u00e9 \u00e0 la Commission de la sant\u00e9 et des services sociaux, lors des consultations particuli\u00e8res sur le livre blanc sur la cr\u00e9ation d&#8217;une assurance autonomie, le 19 novembre 2013, \u00e0 Qu\u00e9bec.<\/p>\n","protected":false},"excerpt":{"rendered":"<p>Couturier, Y., Tousignant, M., Levasseur, M., Carrier, A., Belzile, L., Sim\u00e9on, F.\u00a0et Boutier, V. (2013). L\u2019introduction d\u2019une assurance autonomie comme condition favorable \u00e0 la compl\u00e9tion de l\u2019int\u00e9gration des services au Qu\u00e9bec. M\u00e9moire du Centre de recherche sur le vieillissement pr\u00e9sent\u00e9 \u00e0 la Commission de la sant\u00e9 et des services sociaux, lors des consultations particuli\u00e8res sur &hellip; <a href=\"https:\/\/portfolio.uqac.ca\/frantzsimeon\/rapport-public\/\" class=\"more-link\">Continuer la lecture de <span class=\"screen-reader-text\">Rapport public<\/span>  <span class=\"meta-nav\">&rarr;<\/span><\/a><\/p>\n","protected":false},"author":362,"featured_media":0,"parent":0,"menu_order":0,"comment_status":"closed","ping_status":"closed","template":"","meta":{"footnotes":""},"tags":[],"_links":{"self":[{"href":"https:\/\/portfolio.uqac.ca\/frantzsimeon\/wp-json\/wp\/v2\/pages\/221"}],"collection":[{"href":"https:\/\/portfolio.uqac.ca\/frantzsimeon\/wp-json\/wp\/v2\/pages"}],"about":[{"href":"https:\/\/portfolio.uqac.ca\/frantzsimeon\/wp-json\/wp\/v2\/types\/page"}],"author":[{"embeddable":true,"href":"https:\/\/portfolio.uqac.ca\/frantzsimeon\/wp-json\/wp\/v2\/users\/362"}],"replies":[{"embeddable":true,"href":"https:\/\/portfolio.uqac.ca\/frantzsimeon\/wp-json\/wp\/v2\/comments?post=221"}],"version-history":[{"count":1,"href":"https:\/\/portfolio.uqac.ca\/frantzsimeon\/wp-json\/wp\/v2\/pages\/221\/revisions"}],"predecessor-version":[{"id":222,"href":"https:\/\/portfolio.uqac.ca\/frantzsimeon\/wp-json\/wp\/v2\/pages\/221\/revisions\/222"}],"wp:attachment":[{"href":"https:\/\/portfolio.uqac.ca\/frantzsimeon\/wp-json\/wp\/v2\/media?parent=221"}],"wp:term":[{"taxonomy":"post_tag","embeddable":true,"href":"https:\/\/portfolio.uqac.ca\/frantzsimeon\/wp-json\/wp\/v2\/tags?post=221"}],"curies":[{"name":"wp","href":"https:\/\/api.w.org\/{rel}","templated":true}]}}