{"id":223,"date":"2023-05-16T16:15:34","date_gmt":"2023-05-16T20:15:34","guid":{"rendered":"http:\/\/portfolio-pre.uqac.ca\/frantzsimeon\/?page_id=223"},"modified":"2023-05-16T16:15:34","modified_gmt":"2023-05-16T20:15:34","slug":"compte-rendu-de-lecture","status":"publish","type":"page","link":"https:\/\/portfolio.uqac.ca\/frantzsimeon\/compte-rendu-de-lecture\/","title":{"rendered":"Compte rendu de lecture"},"content":{"rendered":"<p><strong>Sim\u00e9on, F<\/strong>. (2013). Viviane CHATEL et Shirley ROY (sous la dir.) Penser la vuln\u00e9rabilit\u00e9, Qu\u00e9bec, Presses de l\u2019Universit\u00e9 du Qu\u00e9bec, 2010, 240 p., <em>Nouvelles pratiques sociales, <\/em>(26)1, 264-268. <a href=\"https:\/\/id.erudit.org\/iderudit\/1024992ar\"><em>https:\/\/id.erudit.org\/iderudit\/1024992ar<\/em><\/a><\/p>\n","protected":false},"excerpt":{"rendered":"<p>Sim\u00e9on, F. (2013). Viviane CHATEL et Shirley ROY (sous la dir.) Penser la vuln\u00e9rabilit\u00e9, Qu\u00e9bec, Presses de l\u2019Universit\u00e9 du Qu\u00e9bec, 2010, 240 p., Nouvelles pratiques sociales, (26)1, 264-268. https:\/\/id.erudit.org\/iderudit\/1024992ar<\/p>\n","protected":false},"author":362,"featured_media":0,"parent":0,"menu_order":0,"comment_status":"closed","ping_status":"closed","template":"","meta":{"footnotes":""},"tags":[],"_links":{"self":[{"href":"https:\/\/portfolio.uqac.ca\/frantzsimeon\/wp-json\/wp\/v2\/pages\/223"}],"collection":[{"href":"https:\/\/portfolio.uqac.ca\/frantzsimeon\/wp-json\/wp\/v2\/pages"}],"about":[{"href":"https:\/\/portfolio.uqac.ca\/frantzsimeon\/wp-json\/wp\/v2\/types\/page"}],"author":[{"embeddable":true,"href":"https:\/\/portfolio.uqac.ca\/frantzsimeon\/wp-json\/wp\/v2\/users\/362"}],"replies":[{"embeddable":true,"href":"https:\/\/portfolio.uqac.ca\/frantzsimeon\/wp-json\/wp\/v2\/comments?post=223"}],"version-history":[{"count":1,"href":"https:\/\/portfolio.uqac.ca\/frantzsimeon\/wp-json\/wp\/v2\/pages\/223\/revisions"}],"predecessor-version":[{"id":224,"href":"https:\/\/portfolio.uqac.ca\/frantzsimeon\/wp-json\/wp\/v2\/pages\/223\/revisions\/224"}],"wp:attachment":[{"href":"https:\/\/portfolio.uqac.ca\/frantzsimeon\/wp-json\/wp\/v2\/media?parent=223"}],"wp:term":[{"taxonomy":"post_tag","embeddable":true,"href":"https:\/\/portfolio.uqac.ca\/frantzsimeon\/wp-json\/wp\/v2\/tags?post=223"}],"curies":[{"name":"wp","href":"https:\/\/api.w.org\/{rel}","templated":true}]}}