{"id":234,"date":"2023-05-17T14:24:34","date_gmt":"2023-05-17T18:24:34","guid":{"rendered":"http:\/\/portfolio-pre.uqac.ca\/frantzsimeon\/?page_id=234"},"modified":"2024-11-11T10:00:08","modified_gmt":"2024-11-11T15:00:08","slug":"presentation-par-panel","status":"publish","type":"page","link":"https:\/\/portfolio.uqac.ca\/frantzsimeon\/presentation-par-panel\/","title":{"rendered":"Pr\u00e9sentation par panel"},"content":{"rendered":"<p><strong>T\u00e9moignage au S\u00e9nat du Canada<\/strong><\/p>\n<ul>\n<li>Sim\u00e9on, F., Larocque, S., Davilues, B. (27 Novembre 2023)<strong>.<\/strong> Prendre soin de nos aidantes de personnes ain\u00e9es francophones, une urgente n\u00e9cessit\u00e9. <em>T\u00e9moignage devant le Comit\u00e9 des langues officielles du S\u00e9nat.<\/em><\/li>\n<li>Sim\u00e9on, F., Couturier, Y. et Savard, S. (2016, mai). R\u00e9seaux locaux de services. De la n\u00e9cessit\u00e9 \u00e0 la difficult\u00e9 de construire de v\u00e9ritables partenariats \u00e0 partir du cas de \u00abvieillir en sant\u00e9\u00bb (VES). ARIMA<\/li>\n<\/ul>\n","protected":false},"excerpt":{"rendered":"<p>T\u00e9moignage au S\u00e9nat du Canada Sim\u00e9on, F., Larocque, S., Davilues, B. (27 Novembre 2023). Prendre soin de nos aidantes de personnes ain\u00e9es francophones, une urgente n\u00e9cessit\u00e9. T\u00e9moignage devant le Comit\u00e9 des langues officielles du S\u00e9nat. Sim\u00e9on, F., Couturier, Y. et Savard, S. (2016, mai). R\u00e9seaux locaux de services. De la n\u00e9cessit\u00e9 \u00e0 la difficult\u00e9 de &hellip; <a href=\"https:\/\/portfolio.uqac.ca\/frantzsimeon\/presentation-par-panel\/\" class=\"more-link\">Continuer la lecture de <span class=\"screen-reader-text\">Pr\u00e9sentation par panel<\/span>  <span class=\"meta-nav\">&rarr;<\/span><\/a><\/p>\n","protected":false},"author":362,"featured_media":0,"parent":0,"menu_order":0,"comment_status":"closed","ping_status":"closed","template":"","meta":{"footnotes":""},"tags":[],"_links":{"self":[{"href":"https:\/\/portfolio.uqac.ca\/frantzsimeon\/wp-json\/wp\/v2\/pages\/234"}],"collection":[{"href":"https:\/\/portfolio.uqac.ca\/frantzsimeon\/wp-json\/wp\/v2\/pages"}],"about":[{"href":"https:\/\/portfolio.uqac.ca\/frantzsimeon\/wp-json\/wp\/v2\/types\/page"}],"author":[{"embeddable":true,"href":"https:\/\/portfolio.uqac.ca\/frantzsimeon\/wp-json\/wp\/v2\/users\/362"}],"replies":[{"embeddable":true,"href":"https:\/\/portfolio.uqac.ca\/frantzsimeon\/wp-json\/wp\/v2\/comments?post=234"}],"version-history":[{"count":2,"href":"https:\/\/portfolio.uqac.ca\/frantzsimeon\/wp-json\/wp\/v2\/pages\/234\/revisions"}],"predecessor-version":[{"id":263,"href":"https:\/\/portfolio.uqac.ca\/frantzsimeon\/wp-json\/wp\/v2\/pages\/234\/revisions\/263"}],"wp:attachment":[{"href":"https:\/\/portfolio.uqac.ca\/frantzsimeon\/wp-json\/wp\/v2\/media?parent=234"}],"wp:term":[{"taxonomy":"post_tag","embeddable":true,"href":"https:\/\/portfolio.uqac.ca\/frantzsimeon\/wp-json\/wp\/v2\/tags?post=234"}],"curies":[{"name":"wp","href":"https:\/\/api.w.org\/{rel}","templated":true}]}}