{"id":236,"date":"2023-05-17T14:25:00","date_gmt":"2023-05-17T18:25:00","guid":{"rendered":"http:\/\/portfolio-pre.uqac.ca\/frantzsimeon\/?page_id=236"},"modified":"2023-05-17T14:25:00","modified_gmt":"2023-05-17T18:25:00","slug":"presentations-par-affiches","status":"publish","type":"page","link":"https:\/\/portfolio.uqac.ca\/frantzsimeon\/presentations-par-affiches\/","title":{"rendered":"Pr\u00e9sentations par affiches"},"content":{"rendered":"<ul>\n<li>Sim\u00e9on, F., Couturier, Y. et Savard, S. (2016, mai). Le processus de production de compromis sociaux dans le cadre d\u2019un partenariat au c\u0153ur de l\u2019implantation de l\u2019approche \u00abVieillissement en sant\u00e9\u00bb. ACFAS, 12 mai.<\/li>\n<\/ul>\n<ul>\n<li>Sim\u00e9on, F., Couturier, Y. et Savard, S. (2015, mars). Le partenariat dans les \u00e9crits scientifiques (2000- \u00e0 nos jours). Colloque interfacultaire, Universit\u00e9 de Sherbrooke, REMDUS, 19 Mars https:\/\/www.youtube.com\/watch?v=31zXXPnfvV4.<\/li>\n<\/ul>\n","protected":false},"excerpt":{"rendered":"<p>Sim\u00e9on, F., Couturier, Y. et Savard, S. (2016, mai). Le processus de production de compromis sociaux dans le cadre d\u2019un partenariat au c\u0153ur de l\u2019implantation de l\u2019approche \u00abVieillissement en sant\u00e9\u00bb. ACFAS, 12 mai. Sim\u00e9on, F., Couturier, Y. et Savard, S. (2015, mars). Le partenariat dans les \u00e9crits scientifiques (2000- \u00e0 nos jours). Colloque interfacultaire, Universit\u00e9 &hellip; <a href=\"https:\/\/portfolio.uqac.ca\/frantzsimeon\/presentations-par-affiches\/\" class=\"more-link\">Continuer la lecture de <span class=\"screen-reader-text\">Pr\u00e9sentations par affiches<\/span>  <span class=\"meta-nav\">&rarr;<\/span><\/a><\/p>\n","protected":false},"author":362,"featured_media":0,"parent":0,"menu_order":0,"comment_status":"closed","ping_status":"closed","template":"","meta":{"footnotes":""},"tags":[],"_links":{"self":[{"href":"https:\/\/portfolio.uqac.ca\/frantzsimeon\/wp-json\/wp\/v2\/pages\/236"}],"collection":[{"href":"https:\/\/portfolio.uqac.ca\/frantzsimeon\/wp-json\/wp\/v2\/pages"}],"about":[{"href":"https:\/\/portfolio.uqac.ca\/frantzsimeon\/wp-json\/wp\/v2\/types\/page"}],"author":[{"embeddable":true,"href":"https:\/\/portfolio.uqac.ca\/frantzsimeon\/wp-json\/wp\/v2\/users\/362"}],"replies":[{"embeddable":true,"href":"https:\/\/portfolio.uqac.ca\/frantzsimeon\/wp-json\/wp\/v2\/comments?post=236"}],"version-history":[{"count":1,"href":"https:\/\/portfolio.uqac.ca\/frantzsimeon\/wp-json\/wp\/v2\/pages\/236\/revisions"}],"predecessor-version":[{"id":237,"href":"https:\/\/portfolio.uqac.ca\/frantzsimeon\/wp-json\/wp\/v2\/pages\/236\/revisions\/237"}],"wp:attachment":[{"href":"https:\/\/portfolio.uqac.ca\/frantzsimeon\/wp-json\/wp\/v2\/media?parent=236"}],"wp:term":[{"taxonomy":"post_tag","embeddable":true,"href":"https:\/\/portfolio.uqac.ca\/frantzsimeon\/wp-json\/wp\/v2\/tags?post=236"}],"curies":[{"name":"wp","href":"https:\/\/api.w.org\/{rel}","templated":true}]}}