{"id":238,"date":"2023-05-17T14:25:39","date_gmt":"2023-05-17T18:25:39","guid":{"rendered":"http:\/\/portfolio-pre.uqac.ca\/frantzsimeon\/?page_id=238"},"modified":"2023-05-17T14:25:39","modified_gmt":"2023-05-17T18:25:39","slug":"communication-avec-comite-de-selection","status":"publish","type":"page","link":"https:\/\/portfolio.uqac.ca\/frantzsimeon\/communication-avec-comite-de-selection\/","title":{"rendered":"Communication avec comit\u00e9 de s\u00e9lection"},"content":{"rendered":"<ul>\n<li>Sim\u00e9on, F., Couturier, Y., et Savard, S. (2016, mai). La r\u00e9alisation de la Responsabilit\u00e9 populationnelle, contraintes et perspectives. Le cas du partenariat de Vieillir en sant\u00e9. ACFAS, 11 mai.<\/li>\n<\/ul>\n","protected":false},"excerpt":{"rendered":"<p>Sim\u00e9on, F., Couturier, Y., et Savard, S. (2016, mai). La r\u00e9alisation de la Responsabilit\u00e9 populationnelle, contraintes et perspectives. Le cas du partenariat de Vieillir en sant\u00e9. ACFAS, 11 mai.<\/p>\n","protected":false},"author":362,"featured_media":0,"parent":0,"menu_order":0,"comment_status":"closed","ping_status":"closed","template":"","meta":{"footnotes":""},"tags":[],"_links":{"self":[{"href":"https:\/\/portfolio.uqac.ca\/frantzsimeon\/wp-json\/wp\/v2\/pages\/238"}],"collection":[{"href":"https:\/\/portfolio.uqac.ca\/frantzsimeon\/wp-json\/wp\/v2\/pages"}],"about":[{"href":"https:\/\/portfolio.uqac.ca\/frantzsimeon\/wp-json\/wp\/v2\/types\/page"}],"author":[{"embeddable":true,"href":"https:\/\/portfolio.uqac.ca\/frantzsimeon\/wp-json\/wp\/v2\/users\/362"}],"replies":[{"embeddable":true,"href":"https:\/\/portfolio.uqac.ca\/frantzsimeon\/wp-json\/wp\/v2\/comments?post=238"}],"version-history":[{"count":1,"href":"https:\/\/portfolio.uqac.ca\/frantzsimeon\/wp-json\/wp\/v2\/pages\/238\/revisions"}],"predecessor-version":[{"id":239,"href":"https:\/\/portfolio.uqac.ca\/frantzsimeon\/wp-json\/wp\/v2\/pages\/238\/revisions\/239"}],"wp:attachment":[{"href":"https:\/\/portfolio.uqac.ca\/frantzsimeon\/wp-json\/wp\/v2\/media?parent=238"}],"wp:term":[{"taxonomy":"post_tag","embeddable":true,"href":"https:\/\/portfolio.uqac.ca\/frantzsimeon\/wp-json\/wp\/v2\/tags?post=238"}],"curies":[{"name":"wp","href":"https:\/\/api.w.org\/{rel}","templated":true}]}}