{"id":240,"date":"2023-05-17T14:26:38","date_gmt":"2023-05-17T18:26:38","guid":{"rendered":"http:\/\/portfolio-pre.uqac.ca\/frantzsimeon\/?page_id=240"},"modified":"2024-11-11T09:54:32","modified_gmt":"2024-11-11T14:54:32","slug":"communication-sans-comite-de-selection","status":"publish","type":"page","link":"https:\/\/portfolio.uqac.ca\/frantzsimeon\/communication-sans-comite-de-selection\/","title":{"rendered":"Communication sans comit\u00e9 de s\u00e9lection"},"content":{"rendered":"<ul>\n<li>Sim\u00e9on, F. (19 octobre, 2024).Ce que proche-aidant naturel veut dire. Apport au vieillissement \u00e0 domicile. Salon des a\u00een\u00e9s, MADA, Ville de Saguenay.<\/li>\n<\/ul>\n<ul>\n<li>Sim\u00e9on, F. (2021, juin). Soutenir les proches\u00adaidants en situation linguistique minoritaire en contexte de pand\u00e9mie. Une urgence de sant\u00e9 publique. ACFAS, Vitrines des savoirs, 08 juin<\/li>\n<\/ul>\n<ul>\n<li>Sim\u00e9on, F. (2021, mars). Soutien \u00e0 la proche\u00ad-aidance en situation linguistique minoritaire en contexte de pand\u00e9mie. ACFTS, Mois du travail social. Conf\u00e9rence midi, 26 mars.<\/li>\n<\/ul>\n<ul>\n<li>Sim\u00e9on, F. et Z\u00e9phyr, L. (2020, f\u00e9vrier). G\u00e9rontocroissance \u00e0 Sudbury, disponibilit\u00e9 et acc\u00e8s aux services pour un vieillissement en sant\u00e9 et \u00e0 domicile. Semaine de la recherche de l\u2019universit\u00e9 Laurentienne, 26 f\u00e9vrier.<\/li>\n<\/ul>\n<ul>\n<li>Sim\u00e9on, F. (2019, avril). Le vieillissement \u00e0 Sudbury. Universit\u00e9 Laurentienne, conf\u00e9rence midi de l\u2019\u00c9cole de service social, 9 avril.<\/li>\n<\/ul>\n<ul>\n<li>Sim\u00e9on, F. (2019, avril). \u00c9tat des lieux de la connaissance scientifique sur la sant\u00e9 des personnes vieillissantes francophones de Sudbury : Recension des \u00e9crits. Universit\u00e9 Laurentienne, ACFAS-Sudbury, colloque sur le vieillissement, 5 avril.<\/li>\n<\/ul>\n<ul>\n<li>Sim\u00e9on, F. (2018, d\u00e9cembre). La sant\u00e9 des personnes \u00e2g\u00e9es francophones de Sudbury : \u00c9tat des lieux. Universit\u00e9 Laurentienne, facult\u00e9 de la sant\u00e9, 10 conf\u00e9rence annuelle, 5 d\u00e9cembre.<\/li>\n<\/ul>\n<ul>\n<li>Sim\u00e9on, F. (2016, mai). Le d\u00e9ploiement de l\u2019approche Vieillissement en sant\u00e9 (VES). Quelques le\u00e7ons de l\u2019exp\u00e9rience des premiers adoptants. Journ\u00e9e scientifique du Centre de recherche sur le vieillissement, Universit\u00e9 de Sherbrooke, 6 mai.<\/li>\n<\/ul>\n","protected":false},"excerpt":{"rendered":"<p>Sim\u00e9on, F. (19 octobre, 2024).Ce que proche-aidant naturel veut dire. Apport au vieillissement \u00e0 domicile. Salon des a\u00een\u00e9s, MADA, Ville de Saguenay. Sim\u00e9on, F. (2021, juin). Soutenir les proches\u00adaidants en situation linguistique minoritaire en contexte de pand\u00e9mie. Une urgence de sant\u00e9 publique. ACFAS, Vitrines des savoirs, 08 juin Sim\u00e9on, F. (2021, mars). Soutien \u00e0 la &hellip; <a href=\"https:\/\/portfolio.uqac.ca\/frantzsimeon\/communication-sans-comite-de-selection\/\" class=\"more-link\">Continuer la lecture de <span class=\"screen-reader-text\">Communication sans comit\u00e9 de s\u00e9lection<\/span>  <span class=\"meta-nav\">&rarr;<\/span><\/a><\/p>\n","protected":false},"author":362,"featured_media":0,"parent":0,"menu_order":0,"comment_status":"closed","ping_status":"closed","template":"","meta":{"footnotes":""},"tags":[],"_links":{"self":[{"href":"https:\/\/portfolio.uqac.ca\/frantzsimeon\/wp-json\/wp\/v2\/pages\/240"}],"collection":[{"href":"https:\/\/portfolio.uqac.ca\/frantzsimeon\/wp-json\/wp\/v2\/pages"}],"about":[{"href":"https:\/\/portfolio.uqac.ca\/frantzsimeon\/wp-json\/wp\/v2\/types\/page"}],"author":[{"embeddable":true,"href":"https:\/\/portfolio.uqac.ca\/frantzsimeon\/wp-json\/wp\/v2\/users\/362"}],"replies":[{"embeddable":true,"href":"https:\/\/portfolio.uqac.ca\/frantzsimeon\/wp-json\/wp\/v2\/comments?post=240"}],"version-history":[{"count":2,"href":"https:\/\/portfolio.uqac.ca\/frantzsimeon\/wp-json\/wp\/v2\/pages\/240\/revisions"}],"predecessor-version":[{"id":260,"href":"https:\/\/portfolio.uqac.ca\/frantzsimeon\/wp-json\/wp\/v2\/pages\/240\/revisions\/260"}],"wp:attachment":[{"href":"https:\/\/portfolio.uqac.ca\/frantzsimeon\/wp-json\/wp\/v2\/media?parent=240"}],"wp:term":[{"taxonomy":"post_tag","embeddable":true,"href":"https:\/\/portfolio.uqac.ca\/frantzsimeon\/wp-json\/wp\/v2\/tags?post=240"}],"curies":[{"name":"wp","href":"https:\/\/api.w.org\/{rel}","templated":true}]}}