{"id":258,"date":"2024-11-11T09:52:40","date_gmt":"2024-11-11T14:52:40","guid":{"rendered":"https:\/\/portfolio-temp.uqac.ca\/frantzsimeon\/?page_id=258"},"modified":"2024-12-04T11:43:57","modified_gmt":"2024-12-04T16:43:57","slug":"activites-scientifiques","status":"publish","type":"page","link":"https:\/\/portfolio.uqac.ca\/frantzsimeon\/activites-scientifiques\/","title":{"rendered":"Activit\u00e9s scientifiques"},"content":{"rendered":"<p><strong>Depuis mai 2024<\/strong><br \/>\n\u00c9valuateur<br \/>\nRevue Nouvelles pratiques sociales<\/p>\n<p><strong>Juillet 2024<\/strong><br \/>\n\u00c9valuation de m\u00e9moire<br \/>\nProjet de m\u00e9moire, Jimmy Alexandre, Universit\u00e9 du Qu\u00e9bec \u00e0 Chicoutimi<\/p>\n<p><strong>Automne 2023<\/strong><br \/>\n\u00c9valuateur<br \/>\nBourses post-doctorales<br \/>\nInstitut de recherche en sant\u00e9 du Canada (IRSC)<\/p>\n<p><strong>Septembre 2023<\/strong><br \/>\n\u00c9valuation de m\u00e9moire<br \/>\nProjet de m\u00e9moire, Genevi\u00e8ve Dick, Universit\u00e9 du Qu\u00e9bec \u00e0 Chicoutimi<\/p>\n<p><strong>Septembre 2022<br \/>\n<\/strong>\u00c9valuation de m\u00e9moire<br \/>\nProjet de m\u00e9moire, Julie Godin, Universit\u00e9 du Qu\u00e9bec \u00e0 Chicoutimi<\/p>\n<p><strong>Juin 2022<br \/>\n<\/strong>Direction de m\u00e9moire (compl\u00e9t\u00e9e)<br \/>\nApports des accommodements \u00e0 la r\u00e9ussite des \u00e9tudiants postsecondaires en situation de handicap en contexte de la pand\u00e9mie : le cas du Coll\u00e8ge Bor\u00e9al. Isabelle Chauss\u00e9, Universit\u00e9 Laurentienne.<\/p>\n<p><strong>D\u00e9cembre 2020<\/strong><br \/>\n\u00c9valuation de\u00a0th\u00e8se<br \/>\nProjet de th\u00e8se, Sonia Proust-Androwkha,\u00a0Universit\u00e9 de Lille<\/p>\n","protected":false},"excerpt":{"rendered":"<p>Depuis mai 2024 \u00c9valuateur Revue Nouvelles pratiques sociales Juillet 2024 \u00c9valuation de m\u00e9moire Projet de m\u00e9moire, Jimmy Alexandre, Universit\u00e9 du Qu\u00e9bec \u00e0 Chicoutimi Automne 2023 \u00c9valuateur Bourses post-doctorales Institut de recherche en sant\u00e9 du Canada (IRSC) Septembre 2023 \u00c9valuation de m\u00e9moire Projet de m\u00e9moire, Genevi\u00e8ve Dick, Universit\u00e9 du Qu\u00e9bec \u00e0 Chicoutimi Septembre 2022 \u00c9valuation de &hellip; <a href=\"https:\/\/portfolio.uqac.ca\/frantzsimeon\/activites-scientifiques\/\" class=\"more-link\">Continuer la lecture de <span class=\"screen-reader-text\">Activit\u00e9s scientifiques<\/span>  <span class=\"meta-nav\">&rarr;<\/span><\/a><\/p>\n","protected":false},"author":89,"featured_media":0,"parent":0,"menu_order":0,"comment_status":"closed","ping_status":"closed","template":"","meta":{"footnotes":""},"tags":[],"_links":{"self":[{"href":"https:\/\/portfolio.uqac.ca\/frantzsimeon\/wp-json\/wp\/v2\/pages\/258"}],"collection":[{"href":"https:\/\/portfolio.uqac.ca\/frantzsimeon\/wp-json\/wp\/v2\/pages"}],"about":[{"href":"https:\/\/portfolio.uqac.ca\/frantzsimeon\/wp-json\/wp\/v2\/types\/page"}],"author":[{"embeddable":true,"href":"https:\/\/portfolio.uqac.ca\/frantzsimeon\/wp-json\/wp\/v2\/users\/89"}],"replies":[{"embeddable":true,"href":"https:\/\/portfolio.uqac.ca\/frantzsimeon\/wp-json\/wp\/v2\/comments?post=258"}],"version-history":[{"count":4,"href":"https:\/\/portfolio.uqac.ca\/frantzsimeon\/wp-json\/wp\/v2\/pages\/258\/revisions"}],"predecessor-version":[{"id":277,"href":"https:\/\/portfolio.uqac.ca\/frantzsimeon\/wp-json\/wp\/v2\/pages\/258\/revisions\/277"}],"wp:attachment":[{"href":"https:\/\/portfolio.uqac.ca\/frantzsimeon\/wp-json\/wp\/v2\/media?parent=258"}],"wp:term":[{"taxonomy":"post_tag","embeddable":true,"href":"https:\/\/portfolio.uqac.ca\/frantzsimeon\/wp-json\/wp\/v2\/tags?post=258"}],"curies":[{"name":"wp","href":"https:\/\/api.w.org\/{rel}","templated":true}]}}