{"id":27,"date":"2023-03-06T14:58:55","date_gmt":"2023-03-06T19:58:55","guid":{"rendered":"http:\/\/portfolio-pre.uqac.ca\/gabarit\/?page_id=27"},"modified":"2023-05-17T15:23:20","modified_gmt":"2023-05-17T19:23:20","slug":"curriculum-vitae","status":"publish","type":"page","link":"https:\/\/portfolio.uqac.ca\/frantzsimeon\/curriculum-vitae\/","title":{"rendered":"Curriculum vitae"},"content":{"rendered":"<h2><strong>Dipl\u00f4mes<\/strong><\/h2>\n<ul>\n<li>D. en g\u00e9rontologie. Universit\u00e9 de Sherbrooke. Titre : <em>Le processus de production de compromis sociaux dans le cadre d\u2019un partenariat au c\u0153ur de l\u2019implantation de l\u2019approche Vieillissement en sant\u00e9<br \/>\n<\/em>(Dir. : Yves Couturier et S\u00e9bastien Savard).<\/li>\n<li>B. Serv. soc. Universit\u00e9 de Sherbrooke.<\/li>\n<li>Licence en Anthropologie\/Sociologie. Universit\u00e9 d\u2019\u00c9tat d\u2019Ha\u00efti-Facult\u00e9 d\u2019Ethnologie. Titre : <em>Le paysan ha\u00eftien et sa perception de l&#8217;aide au d\u00e9veloppement, le cas de la commune des Cayes, Ha\u00efti<\/em>.<br \/>\n(Dir. : Guerrit Deloovere).<\/li>\n<\/ul>\n<h2><strong><br \/>\nDistinctions et bourses<br \/>\n<\/strong><\/h2>\n<ul>\n<li>Soutien aux \u00e9tudiants au doctorat pour pr\u00e9senter dans des colloques &#8211; Mai 2016 (ARIMA).<\/li>\n<li>Prix de pr\u00e9sentation d\u2019affiche, REMDUS (Doctorat) &#8211; Hiver 2015<\/li>\n<li>Bourse d\u2019excellence, Fondation de l\u2019Universit\u00e9 de Sherbrooke (Doctorat) &#8211; \u00c9t\u00e9 2015<\/li>\n<li>Bourse institutionnelle, Universit\u00e9 de Sherbrooke (Doctorat) &#8211; Automne 2015<\/li>\n<li>Bourse institutionnelle, Universit\u00e9 de Sherbrooke (Doctorat) &#8211; Hiver 2014<\/li>\n<li>Bourse institutionnelle, Chaire de recherche du Canada sur les pratiques professionnelles d\u2019int\u00e9gration des services en g\u00e9rontologie (Doctorat) &#8211; Automne 2013<\/li>\n<\/ul>\n<h2><\/h2>\n","protected":false},"excerpt":{"rendered":"<p>Dipl\u00f4mes D. en g\u00e9rontologie. Universit\u00e9 de Sherbrooke. Titre : Le processus de production de compromis sociaux dans le cadre d\u2019un partenariat au c\u0153ur de l\u2019implantation de l\u2019approche Vieillissement en sant\u00e9 (Dir. : Yves Couturier et S\u00e9bastien Savard). B. Serv. soc. Universit\u00e9 de Sherbrooke. Licence en Anthropologie\/Sociologie. Universit\u00e9 d\u2019\u00c9tat d\u2019Ha\u00efti-Facult\u00e9 d\u2019Ethnologie. Titre : Le paysan ha\u00eftien &hellip; <a href=\"https:\/\/portfolio.uqac.ca\/frantzsimeon\/curriculum-vitae\/\" class=\"more-link\">Continuer la lecture de <span class=\"screen-reader-text\">Curriculum vitae<\/span>  <span class=\"meta-nav\">&rarr;<\/span><\/a><\/p>\n","protected":false},"author":89,"featured_media":0,"parent":0,"menu_order":0,"comment_status":"closed","ping_status":"closed","template":"","meta":{"footnotes":""},"tags":[],"_links":{"self":[{"href":"https:\/\/portfolio.uqac.ca\/frantzsimeon\/wp-json\/wp\/v2\/pages\/27"}],"collection":[{"href":"https:\/\/portfolio.uqac.ca\/frantzsimeon\/wp-json\/wp\/v2\/pages"}],"about":[{"href":"https:\/\/portfolio.uqac.ca\/frantzsimeon\/wp-json\/wp\/v2\/types\/page"}],"author":[{"embeddable":true,"href":"https:\/\/portfolio.uqac.ca\/frantzsimeon\/wp-json\/wp\/v2\/users\/89"}],"replies":[{"embeddable":true,"href":"https:\/\/portfolio.uqac.ca\/frantzsimeon\/wp-json\/wp\/v2\/comments?post=27"}],"version-history":[{"count":7,"href":"https:\/\/portfolio.uqac.ca\/frantzsimeon\/wp-json\/wp\/v2\/pages\/27\/revisions"}],"predecessor-version":[{"id":253,"href":"https:\/\/portfolio.uqac.ca\/frantzsimeon\/wp-json\/wp\/v2\/pages\/27\/revisions\/253"}],"wp:attachment":[{"href":"https:\/\/portfolio.uqac.ca\/frantzsimeon\/wp-json\/wp\/v2\/media?parent=27"}],"wp:term":[{"taxonomy":"post_tag","embeddable":true,"href":"https:\/\/portfolio.uqac.ca\/frantzsimeon\/wp-json\/wp\/v2\/tags?post=27"}],"curies":[{"name":"wp","href":"https:\/\/api.w.org\/{rel}","templated":true}]}}