{"id":4,"date":"2023-03-06T14:58:55","date_gmt":"2023-03-06T19:58:55","guid":{"rendered":"http:\/\/portfolio-pre.uqac.ca\/gabarit\/?page_id=4"},"modified":"2023-05-17T14:18:20","modified_gmt":"2023-05-17T18:18:20","slug":"presentatio","status":"publish","type":"page","link":"https:\/\/portfolio.uqac.ca\/frantzsimeon\/","title":{"rendered":"Pr\u00e9sentation"},"content":{"rendered":"<h2>Frantz Sim\u00e9on<\/h2>\n<p>Professeur au D\u00e9partement des sciences\u00a0 humaines et sociales<\/p>\n<h2>Champs d&#8217;int\u00e9r\u00eat<\/h2>\n<ul>\n<li>Vieillissement en sant\u00e9<\/li>\n<li>Proche-aidance et contexte francophone minoritaire<\/li>\n<li>Vieillissement et dynamiques communautaires<\/li>\n<\/ul>\n<h2>Description<\/h2>\n<p>Je me nomme Frantz Sim\u00e9on, je viens de la Cara\u00efbe, au c\u0153ur des Grandes Antilles. J\u2019ai \u00e9t\u00e9 accueilli au Qu\u00e9bec en mars 2008 dans le cadre du programme des travailleurs qualifi\u00e9s relevant de la cat\u00e9gorie \u00e9conomique. Je suis d\u00e9tenteur de deux dipl\u00f4mes (1) de licence en anthroposociologie et (2) de baccalaur\u00e9at en travail social et d\u2019un dipl\u00f4me de doctorat en g\u00e9rontologie. Sur le plan professionnel, J\u2019ai pratiqu\u00e9 comme travailleur social pendant quelques ann\u00e9es au sein d\u2019un centre int\u00e9gr\u00e9 universitaire de sant\u00e9 et de services sociaux (CIUSSS) aupr\u00e8s des personnes a\u00een\u00e9es en soutien \u00e0 domicile et aupr\u00e8s des familles et jeunes en difficult\u00e9. Sur le plan de l\u2019enseignement universitaire, je dispense des cours depuis 2013. Mes enseignements portent, entre autres, sur les pratiques d\u2019intervention collective, le Travail social, l\u2019Intervention indirecte, l\u2019Intervention aupr\u00e8s des a\u00een\u00e9s et en situation d&#8217;incapacit\u00e9, le D\u00e9veloppement humain et environnement social. Mes travaux de recherche actuels portent principalement sur le vieillissement \u00e0 domicile et la proche aidance.<\/p>\n","protected":false},"excerpt":{"rendered":"<p>Frantz Sim\u00e9on Professeur au D\u00e9partement des sciences\u00a0 humaines et sociales Champs d&#8217;int\u00e9r\u00eat Vieillissement en sant\u00e9 Proche-aidance et contexte francophone minoritaire Vieillissement et dynamiques communautaires Description Je me nomme Frantz Sim\u00e9on, je viens de la Cara\u00efbe, au c\u0153ur des Grandes Antilles. J\u2019ai \u00e9t\u00e9 accueilli au Qu\u00e9bec en mars 2008 dans le cadre du programme des travailleurs &hellip; <a href=\"https:\/\/portfolio.uqac.ca\/frantzsimeon\/\" class=\"more-link\">Continuer la lecture de <span class=\"screen-reader-text\">Pr\u00e9sentation<\/span>  <span class=\"meta-nav\">&rarr;<\/span><\/a><\/p>\n","protected":false},"author":89,"featured_media":0,"parent":0,"menu_order":0,"comment_status":"closed","ping_status":"closed","template":"","meta":{"footnotes":""},"tags":[8,7,9],"_links":{"self":[{"href":"https:\/\/portfolio.uqac.ca\/frantzsimeon\/wp-json\/wp\/v2\/pages\/4"}],"collection":[{"href":"https:\/\/portfolio.uqac.ca\/frantzsimeon\/wp-json\/wp\/v2\/pages"}],"about":[{"href":"https:\/\/portfolio.uqac.ca\/frantzsimeon\/wp-json\/wp\/v2\/types\/page"}],"author":[{"embeddable":true,"href":"https:\/\/portfolio.uqac.ca\/frantzsimeon\/wp-json\/wp\/v2\/users\/89"}],"replies":[{"embeddable":true,"href":"https:\/\/portfolio.uqac.ca\/frantzsimeon\/wp-json\/wp\/v2\/comments?post=4"}],"version-history":[{"count":14,"href":"https:\/\/portfolio.uqac.ca\/frantzsimeon\/wp-json\/wp\/v2\/pages\/4\/revisions"}],"predecessor-version":[{"id":188,"href":"https:\/\/portfolio.uqac.ca\/frantzsimeon\/wp-json\/wp\/v2\/pages\/4\/revisions\/188"}],"wp:attachment":[{"href":"https:\/\/portfolio.uqac.ca\/frantzsimeon\/wp-json\/wp\/v2\/media?parent=4"}],"wp:term":[{"taxonomy":"post_tag","embeddable":true,"href":"https:\/\/portfolio.uqac.ca\/frantzsimeon\/wp-json\/wp\/v2\/tags?post=4"}],"curies":[{"name":"wp","href":"https:\/\/api.w.org\/{rel}","templated":true}]}}