{"id":46,"date":"2023-03-06T14:58:55","date_gmt":"2023-03-06T19:58:55","guid":{"rendered":"http:\/\/portfolio-pre.uqac.ca\/gabarit\/?page_id=46"},"modified":"2025-10-11T22:09:58","modified_gmt":"2025-10-12T02:09:58","slug":"recherche","status":"publish","type":"page","link":"https:\/\/portfolio.uqac.ca\/frantzsimeon\/recherche\/","title":{"rendered":"Recherche"},"content":{"rendered":"<p><strong>2025<\/strong><\/p>\n<ul>\n<li><strong>Titre<\/strong>: \u00a0La proche-aidance en contexte r\u00e9gional aupr\u00e8s d\u2019un proche atteint de la maladie d\u2019Alzheimer, le cas de Saguenay-Lac-Saint-Jean.<\/li>\n<li><strong>Organisme de financement<\/strong>: FUQAC<\/li>\n<li><strong>Montant<\/strong>: 10 000$<\/li>\n<li><strong>Chercheur principal<\/strong>: Frantz Sim\u00e9on<\/li>\n<\/ul>\n<p><strong>2024<\/strong><\/p>\n<ul>\n<li><strong>Titre\u00a0<\/strong>: Activit\u00e9 d\u2019immersion en r\u00e9alit\u00e9 virtuelle autour de deux enjeux relatifs au vieillissement<\/li>\n<li><strong>Organismes de financement<\/strong>\u00a0: CRI-DSHS (UQAC)<\/li>\n<li><strong>Montant<\/strong>\u00a0: 500 $<\/li>\n<li><strong>Chercheur principal<\/strong>\u00a0: Frantz Sim\u00e9on<\/li>\n<\/ul>\n<p><strong>2024<\/strong><\/p>\n<ul>\n<li><strong>Titre\u00a0<\/strong>: Journ\u00e9e de sensibilisation au vieillissement<\/li>\n<li><strong>Organismes de financement<\/strong>\u00a0: DSHS-UQAC<\/li>\n<li><strong>Montant<\/strong>\u00a0: 1 257 $<\/li>\n<li><strong>Chercheur principal\u00a0<\/strong>: Frantz Sim\u00e9on<\/li>\n<\/ul>\n<p><strong>2022-2024 <\/strong><\/p>\n<ul>\n<li><strong>Titre<\/strong> : Apports du r\u00e9seau de proximit\u00e9 dans le soutien \u00e0 domicile des francophones en contexte minoritaire, les le\u00e7ons de l&#8217;exp\u00e9rience du Club amical de Sudbury en temps de pand\u00e9mie.<\/li>\n<li><strong>Organisme subventionnaire<\/strong> : Conseil de recherche en Sciences humaines du Canada (CRSH); <strong>Programme<\/strong> : D\u00e9veloppement savoir;<br \/>\n<strong>Montant<\/strong> : 72 000 $<\/li>\n<li><strong>Chercheur principal : Frantz Sim\u00e9on<\/strong>; Collaborateur : Sylvie Larocque.<\/li>\n<\/ul>\n<p><strong>2022-2026<\/strong><\/p>\n<ul>\n<li><strong>Titre<\/strong> : Soutien aux proches aidants francophones en situation minoritaire dans le contexte rural nordique : la contribution de la dynamique communautaire partenariale du Nord de l&#8217;Ontario au vieillissement \u00e0 domicile.<\/li>\n<li><strong>Organisme subventionnaire :<\/strong> Institut de recherche en sant\u00e9 du Canada (IRSC); <strong>Programme<\/strong> : Subvention catalyseur : Les CLOSM dans la recherche en sant\u00e9;<br \/>\n<strong>Montant<\/strong> : 96 300 $<\/li>\n<li><strong>Chercheur principal : Frantz Sim\u00e9on<\/strong>;<br \/>\nCochercheurs : Yves Couturier, Sylvie Larocque, Patrick Timony, Sara Torres.<\/li>\n<\/ul>\n<p><strong>2022<\/strong><\/p>\n<ul>\n<li><strong>Titre\u00a0<\/strong>: La proche-aidance au masculin dans la r\u00e9gion de Saguenay-Lac-Saint-Jean, recension des \u00e9crits.<\/li>\n<li><strong>Organisme subventionnaire<\/strong>\u00a0: Universit\u00e9 du Qu\u00e9bec \u00e0 Chicoutimi; <strong>Programme\u00a0<\/strong>: appui aux nouveaux professeurs; <strong>Montant<\/strong>\u00a0: 10 000 $<\/li>\n<li><strong>Chercheur principal<\/strong>\u00a0: Frantz Sim\u00e9on<\/li>\n<\/ul>\n<p><strong>2019-2020<\/strong><\/p>\n<ul>\n<li><strong>Titre<\/strong> : La sant\u00e9 des personnes \u00e2g\u00e9es et des personnes \u00e2g\u00e9es francophones du Sudbury. Un \u00e9tat des lieux.<\/li>\n<li><strong>Organisme subventionnaire<\/strong> : Consortium national de formation en sant\u00e9 (CNFS) volet Universit\u00e9 Laurentienne ;<br \/>\n<strong>Montant<\/strong> : 10 000 $.<\/li>\n<li><strong>Chercheur principal : Frantz Sim\u00e9on<\/strong>; Cochercheurs : Yves Couturier, Luckny Z\u00e9phyr, Fran\u00e7ois Boudreau.<\/li>\n<\/ul>\n<p><strong>2019-2021<\/strong><\/p>\n<ul>\n<li><strong>Titre<\/strong> : D\u00e9marches exploratoires pour une mise en place d\u2019un observatoire Interdisciplinaire, Interuniversitaire, et Interam\u00e9ricain de la migration internationale.<\/li>\n<li><strong>Organisme subventionnaire<\/strong> : Fonds de Recherche de l\u2019Universit\u00e9 Laurentienne (FRUL);<br \/>\n<strong>Montant<\/strong> : 4985,24 $<\/li>\n<li><strong>Chercheur principal : Frantz Sim\u00e9on; <\/strong>Cochercheurs : Luckny Z\u00e9phyr, Sara Torres.<\/li>\n<\/ul>\n<p><strong>Chercheur associ\u00e9 au GRIR<\/strong><\/p>\n<p><strong>Membre cochercheur du Centre de recherche sur le d\u00e9veloppement territorial (CRDT)<\/strong><\/p>\n<p><strong>Chercheur associ\u00e9 au P\u00f4le d&#8217;expertise et de recherche en sant\u00e9 et bien-\u00eatre des hommes.<\/strong><\/p>\n<p>&nbsp;<\/p>\n","protected":false},"excerpt":{"rendered":"<p>2025 Titre: \u00a0La proche-aidance en contexte r\u00e9gional aupr\u00e8s d\u2019un proche atteint de la maladie d\u2019Alzheimer, le cas de Saguenay-Lac-Saint-Jean. Organisme de financement: FUQAC Montant: 10 000$ Chercheur principal: Frantz Sim\u00e9on 2024 Titre\u00a0: Activit\u00e9 d\u2019immersion en r\u00e9alit\u00e9 virtuelle autour de deux enjeux relatifs au vieillissement Organismes de financement\u00a0: CRI-DSHS (UQAC) Montant\u00a0: 500 $ Chercheur principal\u00a0: Frantz &hellip; <a href=\"https:\/\/portfolio.uqac.ca\/frantzsimeon\/recherche\/\" class=\"more-link\">Continuer la lecture de <span class=\"screen-reader-text\">Recherche<\/span>  <span class=\"meta-nav\">&rarr;<\/span><\/a><\/p>\n","protected":false},"author":89,"featured_media":0,"parent":0,"menu_order":0,"comment_status":"closed","ping_status":"closed","template":"","meta":{"footnotes":""},"tags":[],"_links":{"self":[{"href":"https:\/\/portfolio.uqac.ca\/frantzsimeon\/wp-json\/wp\/v2\/pages\/46"}],"collection":[{"href":"https:\/\/portfolio.uqac.ca\/frantzsimeon\/wp-json\/wp\/v2\/pages"}],"about":[{"href":"https:\/\/portfolio.uqac.ca\/frantzsimeon\/wp-json\/wp\/v2\/types\/page"}],"author":[{"embeddable":true,"href":"https:\/\/portfolio.uqac.ca\/frantzsimeon\/wp-json\/wp\/v2\/users\/89"}],"replies":[{"embeddable":true,"href":"https:\/\/portfolio.uqac.ca\/frantzsimeon\/wp-json\/wp\/v2\/comments?post=46"}],"version-history":[{"count":13,"href":"https:\/\/portfolio.uqac.ca\/frantzsimeon\/wp-json\/wp\/v2\/pages\/46\/revisions"}],"predecessor-version":[{"id":287,"href":"https:\/\/portfolio.uqac.ca\/frantzsimeon\/wp-json\/wp\/v2\/pages\/46\/revisions\/287"}],"wp:attachment":[{"href":"https:\/\/portfolio.uqac.ca\/frantzsimeon\/wp-json\/wp\/v2\/media?parent=46"}],"wp:term":[{"taxonomy":"post_tag","embeddable":true,"href":"https:\/\/portfolio.uqac.ca\/frantzsimeon\/wp-json\/wp\/v2\/tags?post=46"}],"curies":[{"name":"wp","href":"https:\/\/api.w.org\/{rel}","templated":true}]}}