{"id":18,"date":"2017-07-12T13:29:44","date_gmt":"2017-07-12T17:29:44","guid":{"rendered":"http:\/\/portfolio-pre.uqac.ca\/gabarit\/?page_id=18"},"modified":"2020-01-21T09:12:52","modified_gmt":"2020-01-21T14:12:52","slug":"enseignement","status":"publish","type":"page","link":"https:\/\/portfolio.uqac.ca\/gelarehmomen\/enseignement\/","title":{"rendered":"Enseignement"},"content":{"rendered":"<h4>Baccalaur\u00e9at en g\u00e9nie civil,\u00a0Baccalaur\u00e9at en g\u00e9nie g\u00e9ologique,\u00a0Baccalaur\u00e9at en g\u00e9nie m\u00e9canique<\/h4>\n<p><span style=\"line-height: 1.5;\"><a href=\"https:\/\/cours.uqac.ca\/6GMC415\" target=\"_blank\">6GMC415<\/a> : M\u00e9canique des fluides<\/span><\/p>\n<h4><\/h4>\n<h4>Doctorat en ing\u00e9nierie\u00a0 et Ma\u00eetrises en ing\u00e9nierie (\u00a0Profil recherche,\u00a0Profil professionnel\u00a0)<\/h4>\n<p><a href=\"https:\/\/cours.uqac.ca\/6MIG832\">6MIG832 <\/a><a href=\"https:\/\/cours.uqac.ca\/6MIG834\">:<\/a>\u00a0Analyse \u00e9nerg\u00e9tique de syst\u00e8mes<\/p>\n<p><a href=\"https:\/\/cours.uqac.ca\/6MIG834\">6MIG834<\/a> : Ing\u00e9nierie nordique.<\/p>\n","protected":false},"excerpt":{"rendered":"<p>Baccalaur\u00e9at en g\u00e9nie civil,\u00a0Baccalaur\u00e9at en g\u00e9nie g\u00e9ologique,\u00a0Baccalaur\u00e9at en g\u00e9nie m\u00e9canique 6GMC415 : M\u00e9canique des fluides Doctorat en ing\u00e9nierie\u00a0 et Ma\u00eetrises en ing\u00e9nierie (\u00a0Profil recherche,\u00a0Profil professionnel\u00a0) 6MIG832 :\u00a0Analyse \u00e9nerg\u00e9tique de syst\u00e8mes 6MIG834 : Ing\u00e9nierie nordique.<\/p>\n","protected":false},"author":89,"featured_media":0,"parent":0,"menu_order":0,"comment_status":"closed","ping_status":"closed","template":"","meta":{"footnotes":""},"tags":[],"_links":{"self":[{"href":"https:\/\/portfolio.uqac.ca\/gelarehmomen\/wp-json\/wp\/v2\/pages\/18"}],"collection":[{"href":"https:\/\/portfolio.uqac.ca\/gelarehmomen\/wp-json\/wp\/v2\/pages"}],"about":[{"href":"https:\/\/portfolio.uqac.ca\/gelarehmomen\/wp-json\/wp\/v2\/types\/page"}],"author":[{"embeddable":true,"href":"https:\/\/portfolio.uqac.ca\/gelarehmomen\/wp-json\/wp\/v2\/users\/89"}],"replies":[{"embeddable":true,"href":"https:\/\/portfolio.uqac.ca\/gelarehmomen\/wp-json\/wp\/v2\/comments?post=18"}],"version-history":[{"count":10,"href":"https:\/\/portfolio.uqac.ca\/gelarehmomen\/wp-json\/wp\/v2\/pages\/18\/revisions"}],"predecessor-version":[{"id":299,"href":"https:\/\/portfolio.uqac.ca\/gelarehmomen\/wp-json\/wp\/v2\/pages\/18\/revisions\/299"}],"wp:attachment":[{"href":"https:\/\/portfolio.uqac.ca\/gelarehmomen\/wp-json\/wp\/v2\/media?parent=18"}],"wp:term":[{"taxonomy":"post_tag","embeddable":true,"href":"https:\/\/portfolio.uqac.ca\/gelarehmomen\/wp-json\/wp\/v2\/tags?post=18"}],"curies":[{"name":"wp","href":"https:\/\/api.w.org\/{rel}","templated":true}]}}