{"id":226,"date":"2019-10-18T14:14:24","date_gmt":"2019-10-18T18:14:24","guid":{"rendered":"http:\/\/portfolio-pre.uqac.ca\/gelarehmomen\/?page_id=226"},"modified":"2019-10-21T11:57:53","modified_gmt":"2019-10-21T15:57:53","slug":"encadrement","status":"publish","type":"page","link":"https:\/\/portfolio.uqac.ca\/gelarehmomen\/encadrement\/","title":{"rendered":"Doctorat et Post-doctorat &#8211; 3e cycle"},"content":{"rendered":"<h4>Compl\u00e9t\u00e9 &#8211; Doctorat<\/h4>\n<p>Madidi Fatima Zahra. (2016).\u00a0<a href=\"https:\/\/constellation.uqac.ca\/4149\/\"><em>\u00c9laboration de rev\u00eatements nanocomposites avec des propri\u00e9t\u00e9s superhydrophobes, semi-conductrices et photocatalytiques.<\/em><\/a>\u00a0Th\u00e8se de doctorat, Universit\u00e9 du Qu\u00e9bec \u00e0 Chicoutimi.<\/p>\n<h4>En cours &#8211;\u00a0Doctorat<\/h4>\n<p>(2016 &#8211; 2019) Khosrow Maghsoudi (In Progress) , UQAC<br \/>\nTh\u00e8se\/Titre du projet:\u00a0Development of self-cleaning polymeric insulators using injection systems<\/p>\n<p>(2017 &#8211; 2020) Elham Vaziri Nasab<br \/>\nTh\u00e8se\/Titre du projet:\u00a0 To improve the water repellency of polymeric insulators<\/p>\n<p>(2018 &#8211; 2021) Amir Azimi<br \/>\nTh\u00e8se\/Titre du projet:\u00a0 The modelling of ice accretion on coated insulator<\/p>\n<p>(2018 &#8211; 2021)\u00a0 Anahita Allahdini<br \/>\nTh\u00e8se\/Titre du projet:\u00a0 Fabrication of a durable self-cleaning protective coating for porcelain insulators<\/p>\n<p>(2019 &#8211; 2022 ) Samaneh Keshavarzi<br \/>\nTh\u00e8se\/Titre du projet: Fundamental study of ice formation on structured surfaces<br \/>\nPresent Position: Ph.D Student<\/p>\n<p>(2019 &#8211; 2021) Akr\u00e9 Simone Anne ADJA<br \/>\nTh\u00e8se\/Titre du projet: D\u00e9veloppement derev\u00eatements permettant de r\u00e9duire l\u2019adh\u00e9sion<br \/>\net l\u2019accumulation de glace auxstructures portuaires en acier<\/p>\n<p>(2019 &#8211; 2021)\u00a0 Samaneh Heydarian<br \/>\nTh\u00e8se\/Titre du projet:\u00a0\u00a0Slippery surface to reduce ice adhesion<br \/>\nPresent Position: Engineer<\/p>\n<p>(2019 &#8211; 2021)\u00a0Slah Hidouri<br \/>\nTh\u00e8se\/Titre du projet: Development of Antibacterial surface<\/p>\n<h4>En cours &#8211; Post-doctorat<\/h4>\n<p>(2018-2019) Esameel Elsami<br \/>\nTh\u00e8se\/Titre du projet: water repellent \/anti-icing surface development via atmospheric<br \/>\nplasma jet polymerization<br \/>\nPosition actuelle: Head of laboratory, Globatech<\/p>\n<p>(2017 &#8211; 2017) A. Arshad, Glasgow Caledonian University<br \/>\nTh\u00e8se\/Titre du projet: Silicone rubbers for high voltage application<br \/>\nPosition actuelle: Lecturer at university<\/p>\n<p>&nbsp;<\/p>\n<p>&nbsp;<\/p>\n","protected":false},"excerpt":{"rendered":"<p>Compl\u00e9t\u00e9 &#8211; Doctorat Madidi Fatima Zahra. (2016).\u00a0\u00c9laboration de rev\u00eatements nanocomposites avec des propri\u00e9t\u00e9s superhydrophobes, semi-conductrices et photocatalytiques.\u00a0Th\u00e8se de doctorat, Universit\u00e9 du Qu\u00e9bec \u00e0 Chicoutimi. En cours &#8211;\u00a0Doctorat (2016 &#8211; 2019) Khosrow Maghsoudi (In Progress) , UQAC Th\u00e8se\/Titre du projet:\u00a0Development of self-cleaning polymeric insulators using injection systems (2017 &#8211; 2020) Elham Vaziri Nasab Th\u00e8se\/Titre du projet:\u00a0 &hellip; <a href=\"https:\/\/portfolio.uqac.ca\/gelarehmomen\/encadrement\/\" class=\"more-link\">Continuer la lecture de <span class=\"screen-reader-text\">Doctorat et Post-doctorat &#8211; 3e cycle<\/span>  <span class=\"meta-nav\">&rarr;<\/span><\/a><\/p>\n","protected":false},"author":282,"featured_media":0,"parent":0,"menu_order":0,"comment_status":"closed","ping_status":"closed","template":"","meta":{"footnotes":""},"tags":[],"_links":{"self":[{"href":"https:\/\/portfolio.uqac.ca\/gelarehmomen\/wp-json\/wp\/v2\/pages\/226"}],"collection":[{"href":"https:\/\/portfolio.uqac.ca\/gelarehmomen\/wp-json\/wp\/v2\/pages"}],"about":[{"href":"https:\/\/portfolio.uqac.ca\/gelarehmomen\/wp-json\/wp\/v2\/types\/page"}],"author":[{"embeddable":true,"href":"https:\/\/portfolio.uqac.ca\/gelarehmomen\/wp-json\/wp\/v2\/users\/282"}],"replies":[{"embeddable":true,"href":"https:\/\/portfolio.uqac.ca\/gelarehmomen\/wp-json\/wp\/v2\/comments?post=226"}],"version-history":[{"count":7,"href":"https:\/\/portfolio.uqac.ca\/gelarehmomen\/wp-json\/wp\/v2\/pages\/226\/revisions"}],"predecessor-version":[{"id":286,"href":"https:\/\/portfolio.uqac.ca\/gelarehmomen\/wp-json\/wp\/v2\/pages\/226\/revisions\/286"}],"wp:attachment":[{"href":"https:\/\/portfolio.uqac.ca\/gelarehmomen\/wp-json\/wp\/v2\/media?parent=226"}],"wp:term":[{"taxonomy":"post_tag","embeddable":true,"href":"https:\/\/portfolio.uqac.ca\/gelarehmomen\/wp-json\/wp\/v2\/tags?post=226"}],"curies":[{"name":"wp","href":"https:\/\/api.w.org\/{rel}","templated":true}]}}