{"id":255,"date":"2019-10-21T11:18:58","date_gmt":"2019-10-21T15:18:58","guid":{"rendered":"http:\/\/portfolio-pre.uqac.ca\/gelarehmomen\/?page_id=255"},"modified":"2019-10-21T11:19:23","modified_gmt":"2019-10-21T15:19:23","slug":"rapports","status":"publish","type":"page","link":"https:\/\/portfolio.uqac.ca\/gelarehmomen\/rapports\/","title":{"rendered":"Rapports"},"content":{"rendered":"<p>Khosrow Maghsoudi, Gelareh Momen, Reza Jafari, Masoud Farzaneh. (2019). DEVELOPMENT OF SELFCLEANING<br \/>\nPOLYMERIC INSULATORS USING INJECTION MOLDING SYSTEMS: STAINLESS STEEL\u00a0INSERTS. 37. K-Line Insulator LTD.<\/p>\n<p>Khosrow Masghoudi, Gelareh Momen, Reza Jafari. (2018). Development of Self-Cleaning Polymeric\u00a0Insulators Using Injection Molding Systems. 71. K-Line Insulator LTD.<\/p>\n<p>Philip Barsalou, Gelareh Momen, Nikhil Nair. (2016). BOMBARDIER AEROSPACE MATERIAL\u00a0SPECIFICATION, Interior , varnish system 800-002. 22. Bombardier Aerospace.<\/p>\n<p>Gelareh Momen, Philip Barsalou, Nikhil Nair. (2016). BOMBARDIER AEROSPACE PROCESS\u00a0SPECIFICATION, INTERIOR AIRCRAFT, VARNISH APPLICATION 712-001. 18. Bombardier Aerospace.<\/p>\n<p>G.Momen. (2015). Member of Working Group B2-44, Coatings for protecting overhead power network\u00a0equipment in winter conditions Principles of Overhead Line Design. CIGR\u00c9, Scientific Committee B2 on\u00a0Overhead Lines. 2011-2013.115. CIGRE.<\/p>\n<p>Gelareh Momen, Reza Jafari, Masoud Farzaneh, Patrice Montpellier. (2013). Application of\u00a0superhydrophobic silicone on conductors. ASTER 570. 12. RTE ,R\u00e9seau de transport d&#8217;\u00e9lectricit\u00e9.<\/p>\n","protected":false},"excerpt":{"rendered":"<p>Khosrow Maghsoudi, Gelareh Momen, Reza Jafari, Masoud Farzaneh. (2019). DEVELOPMENT OF SELFCLEANING POLYMERIC INSULATORS USING INJECTION MOLDING SYSTEMS: STAINLESS STEEL\u00a0INSERTS. 37. K-Line Insulator LTD. Khosrow Masghoudi, Gelareh Momen, Reza Jafari. (2018). Development of Self-Cleaning Polymeric\u00a0Insulators Using Injection Molding Systems. 71. K-Line Insulator LTD. Philip Barsalou, Gelareh Momen, Nikhil Nair. (2016). BOMBARDIER AEROSPACE MATERIAL\u00a0SPECIFICATION, Interior , &hellip; <a href=\"https:\/\/portfolio.uqac.ca\/gelarehmomen\/rapports\/\" class=\"more-link\">Continuer la lecture de <span class=\"screen-reader-text\">Rapports<\/span>  <span class=\"meta-nav\">&rarr;<\/span><\/a><\/p>\n","protected":false},"author":282,"featured_media":0,"parent":0,"menu_order":0,"comment_status":"closed","ping_status":"closed","template":"","meta":{"footnotes":""},"tags":[],"_links":{"self":[{"href":"https:\/\/portfolio.uqac.ca\/gelarehmomen\/wp-json\/wp\/v2\/pages\/255"}],"collection":[{"href":"https:\/\/portfolio.uqac.ca\/gelarehmomen\/wp-json\/wp\/v2\/pages"}],"about":[{"href":"https:\/\/portfolio.uqac.ca\/gelarehmomen\/wp-json\/wp\/v2\/types\/page"}],"author":[{"embeddable":true,"href":"https:\/\/portfolio.uqac.ca\/gelarehmomen\/wp-json\/wp\/v2\/users\/282"}],"replies":[{"embeddable":true,"href":"https:\/\/portfolio.uqac.ca\/gelarehmomen\/wp-json\/wp\/v2\/comments?post=255"}],"version-history":[{"count":1,"href":"https:\/\/portfolio.uqac.ca\/gelarehmomen\/wp-json\/wp\/v2\/pages\/255\/revisions"}],"predecessor-version":[{"id":256,"href":"https:\/\/portfolio.uqac.ca\/gelarehmomen\/wp-json\/wp\/v2\/pages\/255\/revisions\/256"}],"wp:attachment":[{"href":"https:\/\/portfolio.uqac.ca\/gelarehmomen\/wp-json\/wp\/v2\/media?parent=255"}],"wp:term":[{"taxonomy":"post_tag","embeddable":true,"href":"https:\/\/portfolio.uqac.ca\/gelarehmomen\/wp-json\/wp\/v2\/tags?post=255"}],"curies":[{"name":"wp","href":"https:\/\/api.w.org\/{rel}","templated":true}]}}