{"id":264,"date":"2019-10-21T11:32:48","date_gmt":"2019-10-21T15:32:48","guid":{"rendered":"http:\/\/portfolio-pre.uqac.ca\/gelarehmomen\/?page_id=264"},"modified":"2019-10-21T11:42:15","modified_gmt":"2019-10-21T15:42:15","slug":"communications","status":"publish","type":"page","link":"https:\/\/portfolio.uqac.ca\/gelarehmomen\/communications\/","title":{"rendered":"Communications"},"content":{"rendered":"<p>(2020).Anahita Allahdini, Reza Jafari. Self-healing coating for anti-icing application. Smart coatings, United\u00a0States<\/p>\n<p>(2020). Khosrow Maghsoudi , Reza Jafari. Development of icephobic PDMS coatings by a hybrid approach.\u00a0Smart coatings, United States<\/p>\n<p>(2019). Protective coatings to prevent ice build-up on steel port structures. first International Congress on\u00a0Industrial Port Research, Sept-\u00celes, Canada<\/p>\n<p>(2018). Ing\u00e9nierie biomim\u00e9tique pour d\u00e9velopper des surfaces glaciophobes. 86 e congr\u00e8s de l\u2019ACFAS<br \/>\nUQAC, Chicoutimi, 7-11 May 2018., chicoutimi, Canada<\/p>\n<p>(2018). Elham Vazirinasab. D\u00e9veloppement de surfaces superhydrophobes utilisant un jet de plasma \u00e0<br \/>\npression atmosph\u00e9rique. Association francophone pour le savoir, ACFAS 86 e congr\u00e8s de l\u2019ACFAS UQAC,<br \/>\nChicoutimi, 7-11 May 2018., Chicoutimi, Canada.<br \/>\n(2018). Khosrow Maghsoudi, Reza Jafari, Masoud Farzaneh.\u00a0 Micro-Nanostructured Silicone Rubber\u00a0Surfaces Using Compression Molding. THERMEC 2018, France.<br \/>\n(2018).Khosrow Maghsoudi, Reza Jafari, Masoud Farzaneh. Fabrication de caoutchouc de silicone\u00a0superhydrophobe par la m\u00e9thode r\u00e9plication directe. Association francophone pour le savoir, ACFAS 86 e\u00a0congr\u00e8s de l\u2019ACFAS UQAC, Chicoutimi, 7-11 May 2018., Chicoutimi, Canada.<br \/>\nInvited?: No, Keynote?: No<\/p>\n<p>(2018). Pauline Riviere, Reza Jafari. Mode op\u00e9ratoire et variation des param\u00e8tres de traitement pour la\u00a0simulation num\u00e9rique du moulage \u00e0 injection de microstructures. Association francophone pour le savoir,\u00a0ACFAS 86 e congr\u00e8s de l\u2019ACFAS UQAC, Chicoutimi, 7-11 May 2018., Chicoutimi, Canada.<\/p>\n<p>(2018). Elham Vazirinasab, Reza Jafari.\u00a0 Simple Fabrication of Superhydrophobic Surfaces using\u00a0Atmospheric-Pressure Plasma. THERMEC 2018, France<\/p>\n<p>(2018). Recent progress on superhydrophobic coatings. ICEBOX workshop, Norway<\/p>\n<p>(2018).\u00a0Khosrow Maghsoudi, Reza Jafari, Masoud Farzaneh, Tony Carreira. Micro-Nano structured surfaces for high voltage application. IEEE Conference on Electrical Insulation and Dielectric Phenomenon,\u00a0Mexico.<\/p>\n<p>(2018).\u00a0Marc Champeau, Reza Jafari. (2018). Superhydrophobic and highly oleophilic polystyrene fibers (PS) with\u00a0delayed freezing time and effective oil adsorption. THERMEC 2018, France.<\/p>\n<p>(2018). Elham Vazirinasab, Reza Jafari. Wetting and Self-cleaning Properties of Silicone Rubber Surfaces\u00a0treated by atmospheric plasma jet. IEEE Conference on Electrical Insulation and Dielectric Phenomenon,\u00a0Mexico.<\/p>\n<p>(2017).Elham Vazirinasab, Reza Jafari.\u00a0 Development of Superhydrophobic Surfaces Using Atmospheric\u00a0Pressure Plasma Jet. 1st annuel QCAM symposium, Canada.<\/p>\n<p>(2017). Biomimetic coatings to reduce ice adhesion. 7th International Color &amp; Coating Congress, Iran,\u00a0Islamic Republic of<\/p>\n<p>(2017). Micro-Nanostructured silicone rubber using direct replication. 1st annuel QCAM symposium, Canada.<\/p>\n<p>(2017). Rev\u00eatements glaciophobes (Icephobic coatings). Les Entretiens &#8211; Centre Jacques Cartier, Montreal,\u00a0Canada.<\/p>\n<p>(2016). Developement of icephobic coatings. Annual Meeting Material &amp; Process Engineering Knowledge,\u00a0Bombardier Aerospace, Montreal, Canada.<\/p>\n<p>(2014). Development of a stable superhydrophobic nanocomposite coating based on TiO2 nanoparticles, FCSE, Montreal, Canada.<\/p>\n<p>(2013). F.Madidi, M.Farzaneh.\u00a0 Effect of filler concentration on dielectric properties of RTV silicone rubber \/<br \/>\nTiO2 nanocomposite,. Electrical Insulation Conference (EIC), IEEE, Ottawa, Canada.<\/p>\n<p>(2013). Delayed freezing time on ZnO based nanocomposite superhydrophobic surface, St-John\u2019s,\u00a0Canada, September 2013. 15th International Workshop on Atmospheric Icing of Structures, IWAIS 2013,, st\u00a0johns, Canada.<\/p>\n","protected":false},"excerpt":{"rendered":"<p>(2020).Anahita Allahdini, Reza Jafari. Self-healing coating for anti-icing application. Smart coatings, United\u00a0States (2020). Khosrow Maghsoudi , Reza Jafari. Development of icephobic PDMS coatings by a hybrid approach.\u00a0Smart coatings, United States (2019). Protective coatings to prevent ice build-up on steel port structures. first International Congress on\u00a0Industrial Port Research, Sept-\u00celes, Canada (2018). Ing\u00e9nierie biomim\u00e9tique pour d\u00e9velopper des &hellip; <a href=\"https:\/\/portfolio.uqac.ca\/gelarehmomen\/communications\/\" class=\"more-link\">Continuer la lecture de <span class=\"screen-reader-text\">Communications<\/span>  <span class=\"meta-nav\">&rarr;<\/span><\/a><\/p>\n","protected":false},"author":282,"featured_media":0,"parent":0,"menu_order":0,"comment_status":"closed","ping_status":"closed","template":"","meta":{"footnotes":""},"tags":[],"_links":{"self":[{"href":"https:\/\/portfolio.uqac.ca\/gelarehmomen\/wp-json\/wp\/v2\/pages\/264"}],"collection":[{"href":"https:\/\/portfolio.uqac.ca\/gelarehmomen\/wp-json\/wp\/v2\/pages"}],"about":[{"href":"https:\/\/portfolio.uqac.ca\/gelarehmomen\/wp-json\/wp\/v2\/types\/page"}],"author":[{"embeddable":true,"href":"https:\/\/portfolio.uqac.ca\/gelarehmomen\/wp-json\/wp\/v2\/users\/282"}],"replies":[{"embeddable":true,"href":"https:\/\/portfolio.uqac.ca\/gelarehmomen\/wp-json\/wp\/v2\/comments?post=264"}],"version-history":[{"count":3,"href":"https:\/\/portfolio.uqac.ca\/gelarehmomen\/wp-json\/wp\/v2\/pages\/264\/revisions"}],"predecessor-version":[{"id":267,"href":"https:\/\/portfolio.uqac.ca\/gelarehmomen\/wp-json\/wp\/v2\/pages\/264\/revisions\/267"}],"wp:attachment":[{"href":"https:\/\/portfolio.uqac.ca\/gelarehmomen\/wp-json\/wp\/v2\/media?parent=264"}],"wp:term":[{"taxonomy":"post_tag","embeddable":true,"href":"https:\/\/portfolio.uqac.ca\/gelarehmomen\/wp-json\/wp\/v2\/tags?post=264"}],"curies":[{"name":"wp","href":"https:\/\/api.w.org\/{rel}","templated":true}]}}