{"id":27,"date":"2017-07-12T13:29:44","date_gmt":"2017-07-12T17:29:44","guid":{"rendered":"http:\/\/portfolio-pre.uqac.ca\/gabarit\/?page_id=27"},"modified":"2019-10-18T15:17:32","modified_gmt":"2019-10-18T19:17:32","slug":"curriculum-vitae","status":"publish","type":"page","link":"https:\/\/portfolio.uqac.ca\/gelarehmomen\/curriculum-vitae\/","title":{"rendered":"Curriculum vitae"},"content":{"rendered":"<h2><strong>Dipl\u00f4mes<\/strong><\/h2>\n<p>Doctorat,\u00a0Ing\u00e9nierie des proc\u00e9d\u00e9s, Universit\u00e9 de Paris XIII<br \/>\nMa\u00eetrise, G\u00e9nie chimique, Polytechnique University of Tehran<br \/>\nBaccalaur\u00e9at, G\u00e9nie chimique, Sharif University of Technology<\/p>\n<h2><\/h2>\n","protected":false},"excerpt":{"rendered":"<p>Dipl\u00f4mes Doctorat,\u00a0Ing\u00e9nierie des proc\u00e9d\u00e9s, Universit\u00e9 de Paris XIII Ma\u00eetrise, G\u00e9nie chimique, Polytechnique University of Tehran Baccalaur\u00e9at, G\u00e9nie chimique, Sharif University of Technology<\/p>\n","protected":false},"author":89,"featured_media":0,"parent":0,"menu_order":0,"comment_status":"closed","ping_status":"closed","template":"","meta":{"footnotes":""},"tags":[],"_links":{"self":[{"href":"https:\/\/portfolio.uqac.ca\/gelarehmomen\/wp-json\/wp\/v2\/pages\/27"}],"collection":[{"href":"https:\/\/portfolio.uqac.ca\/gelarehmomen\/wp-json\/wp\/v2\/pages"}],"about":[{"href":"https:\/\/portfolio.uqac.ca\/gelarehmomen\/wp-json\/wp\/v2\/types\/page"}],"author":[{"embeddable":true,"href":"https:\/\/portfolio.uqac.ca\/gelarehmomen\/wp-json\/wp\/v2\/users\/89"}],"replies":[{"embeddable":true,"href":"https:\/\/portfolio.uqac.ca\/gelarehmomen\/wp-json\/wp\/v2\/comments?post=27"}],"version-history":[{"count":5,"href":"https:\/\/portfolio.uqac.ca\/gelarehmomen\/wp-json\/wp\/v2\/pages\/27\/revisions"}],"predecessor-version":[{"id":234,"href":"https:\/\/portfolio.uqac.ca\/gelarehmomen\/wp-json\/wp\/v2\/pages\/27\/revisions\/234"}],"wp:attachment":[{"href":"https:\/\/portfolio.uqac.ca\/gelarehmomen\/wp-json\/wp\/v2\/media?parent=27"}],"wp:term":[{"taxonomy":"post_tag","embeddable":true,"href":"https:\/\/portfolio.uqac.ca\/gelarehmomen\/wp-json\/wp\/v2\/tags?post=27"}],"curies":[{"name":"wp","href":"https:\/\/api.w.org\/{rel}","templated":true}]}}