{"id":275,"date":"2019-10-21T11:46:50","date_gmt":"2019-10-21T15:46:50","guid":{"rendered":"http:\/\/portfolio-pre.uqac.ca\/gelarehmomen\/?page_id=275"},"modified":"2020-01-21T09:42:43","modified_gmt":"2020-01-21T14:42:43","slug":"maitrise","status":"publish","type":"page","link":"https:\/\/portfolio.uqac.ca\/gelarehmomen\/maitrise\/","title":{"rendered":"M\u00e9moires et essais &#8211; 2e cycle"},"content":{"rendered":"<h4>Encadrement de m\u00e9moire de ma\u00eetrise<\/h4>\n<p>(2019 &#8211; 2021)\u00a0Bassem Bouazara<br \/>\nTitre du m\u00e9moire: Water droplet behavior on patterned surfaces<br \/>\nPresent Position: M.Sc. student<\/p>\n<p>(2017 &#8211; 2019) Pauline Riviere , UQAC\/ESILV Paris la D\u00e9fense<br \/>\nTitre du m\u00e9moire: Simulation of polymeric microstructures replication in injection\u00a0molding process<\/p>\n<h4>Encadrement d&#8217;essais de ma\u00eetrise<\/h4>\n<p>(2019\/1 &#8211; 2019\/7) Julien Calin , UQAC<br \/>\nTitre de l&#8217;essai: Le management LEAN et les outils de planifications<\/p>\n<p>2018\/9 &#8211; 2019\/12 )\u00a0Wael Baytie , UQAC<br \/>\nTitre de l&#8217;essai: Design, build and connect networks on a construction site<\/p>\n<p>(2018\/8 &#8211; 2019\/2)\u00a0Pauline Josserand , UQAC<br \/>\nTitre de l&#8217;essai:\u00a0Semi-industrial transfer of a process developed for the treatment of\u00a0air.<\/p>\n<p>(2018\/8 &#8211; 2019\/2) Sylvain Damag , UQAC<br \/>\nTitre de l&#8217;essai:\u00a0 Energy management<\/p>\n<p>(2018\/8 &#8211; 2018\/12)\u00a0Pauline Brun, UQAC<br \/>\nTitre de l&#8217;essai: How the Self-healing coatings work?<\/p>\n<p>(2018\/8 &#8211; 2019\/2) Badr Bouhemdi, UQAC<br \/>\nTitre de l&#8217;essai: Evaluate the security of a construction site<\/p>\n<p>(2017\/9 &#8211; 2018\/1) Victor Vernede,\u00a0UQAC<br \/>\nTitre de l&#8217;essai:\u00a0 Study of the factors influencing the cooling of the tire before firing\u00a0pneumatic ( Michelin )<\/p>\n<p>(2017\/9 &#8211; 2018\/1) Nicolas Buttaro, UQAC<br \/>\nTitre de l&#8217;essai:\u00a0 La simulation \u00e9nerg\u00e9tique du b\u00e2timent<\/p>\n<p>(2017\/8 &#8211; 2018\/2)\u00a0Erwan Monfort (Completed) , UQAC<br \/>\nTitre de l&#8217;essai:\u00a0Coatings, surfaces and structures: different methodsto keep the\u00a0airfoils ice-free and to save energy<\/p>\n<p>2017\/8 &#8211; 2018\/1<br \/>\nPrincipal Supervisor<br \/>\nBastien Larive (Completed) , UQAC<br \/>\nTitre de l&#8217;essai:\u00a0 Durabilty of superhydrophobic coatings<\/p>\n<p>(2017\/7 &#8211; 2017\/12)\u00a0Leo Bellamy\u00a0 , UQAC\/\u00c9cole Polytechnique de Nantes(France)<br \/>\nTitre de l&#8217;essai:\u00a0Evaluation of anti-graffiti silicone based coating for anti-ice application<\/p>\n<p>(2016\/9 &#8211; 2016\/2) Marc Champeau, UQAC<br \/>\nTitre de l&#8217;essai:\u00a0 Development of nanofibers with superhydrophobic properties<\/p>\n<p>(2016\/9 &#8211; 2016\/3)\u00a0Tako Ange Olivier Mavoungou, UQAC<br \/>\nTitre de l&#8217;essai:\u00a0 Study of physical mechanisms of adhesion<\/p>\n<p>(2015\/5 &#8211; 2016\/5) Anna Gittsegrad, Universit\u00e9 de Montr\u00e9al<br \/>\nTite de l&#8217;essai : Source of milkiness appearance in decorative wood<\/p>\n<p>(2015\/5 &#8211; 2016\/5) Nicola Duport, Universit\u00e9 de Montr\u00e9al<br \/>\nTitre de l&#8217;essai : Source of milkiness appearance in decorative wood<\/p>\n<p>(2013\/4 &#8211; 2013\/9) Safia Dahoumane, Universit\u00e9 de Paris XIII<br \/>\nTitre de l&#8217;essai : Study of titanium oxyde d\u00e9posits on hydrophobic coatings<\/p>\n","protected":false},"excerpt":{"rendered":"<p>Encadrement de m\u00e9moire de ma\u00eetrise (2019 &#8211; 2021)\u00a0Bassem Bouazara Titre du m\u00e9moire: Water droplet behavior on patterned surfaces Present Position: M.Sc. student (2017 &#8211; 2019) Pauline Riviere , UQAC\/ESILV Paris la D\u00e9fense Titre du m\u00e9moire: Simulation of polymeric microstructures replication in injection\u00a0molding process Encadrement d&#8217;essais de ma\u00eetrise (2019\/1 &#8211; 2019\/7) Julien Calin , UQAC Titre &hellip; <a href=\"https:\/\/portfolio.uqac.ca\/gelarehmomen\/maitrise\/\" class=\"more-link\">Continuer la lecture de <span class=\"screen-reader-text\">M\u00e9moires et essais &#8211; 2e cycle<\/span>  <span class=\"meta-nav\">&rarr;<\/span><\/a><\/p>\n","protected":false},"author":282,"featured_media":0,"parent":0,"menu_order":0,"comment_status":"closed","ping_status":"closed","template":"","meta":{"footnotes":""},"tags":[],"_links":{"self":[{"href":"https:\/\/portfolio.uqac.ca\/gelarehmomen\/wp-json\/wp\/v2\/pages\/275"}],"collection":[{"href":"https:\/\/portfolio.uqac.ca\/gelarehmomen\/wp-json\/wp\/v2\/pages"}],"about":[{"href":"https:\/\/portfolio.uqac.ca\/gelarehmomen\/wp-json\/wp\/v2\/types\/page"}],"author":[{"embeddable":true,"href":"https:\/\/portfolio.uqac.ca\/gelarehmomen\/wp-json\/wp\/v2\/users\/282"}],"replies":[{"embeddable":true,"href":"https:\/\/portfolio.uqac.ca\/gelarehmomen\/wp-json\/wp\/v2\/comments?post=275"}],"version-history":[{"count":10,"href":"https:\/\/portfolio.uqac.ca\/gelarehmomen\/wp-json\/wp\/v2\/pages\/275\/revisions"}],"predecessor-version":[{"id":309,"href":"https:\/\/portfolio.uqac.ca\/gelarehmomen\/wp-json\/wp\/v2\/pages\/275\/revisions\/309"}],"wp:attachment":[{"href":"https:\/\/portfolio.uqac.ca\/gelarehmomen\/wp-json\/wp\/v2\/media?parent=275"}],"wp:term":[{"taxonomy":"post_tag","embeddable":true,"href":"https:\/\/portfolio.uqac.ca\/gelarehmomen\/wp-json\/wp\/v2\/tags?post=275"}],"curies":[{"name":"wp","href":"https:\/\/api.w.org\/{rel}","templated":true}]}}