{"id":139,"date":"2014-12-03T11:50:21","date_gmt":"2014-12-03T16:50:21","guid":{"rendered":"http:\/\/portfolio-pre.uqac.ca\/genevievenootens\/?page_id=139"},"modified":"2015-03-17T11:17:34","modified_gmt":"2015-03-17T15:17:34","slug":"encadrement","status":"publish","type":"page","link":"https:\/\/portfolio.uqac.ca\/genevievenootens\/encadrement\/","title":{"rendered":"Encadrement"},"content":{"rendered":"<h2><strong>Encadrement, supervisions, jurys de th\u00e8se<\/strong><\/h2>\n<p>Stagiaire postdoctoral\u00a0: Manuel Litalien, janvier-juin 2011.<\/p>\n<p style=\"text-align: justify\">Stagiaire postdoctoral\u00a0: Raffaele Iacovino, mai-septembre 2008.<\/p>\n<p style=\"text-align: justify\">Co-direction de th\u00e8ses de doctorat\u00a0: 1 (M. Cook)<\/p>\n<p style=\"text-align: justify\">Direction de m\u00e9moire\u00a0: O. Boisvert (d\u00e9pos\u00e9 \u00e9t\u00e9 2008); K. Primeau (d\u00e9pos\u00e9 d\u00e9cembre 2008); G. Larouche (d\u00e9pos\u00e9 ao\u00fbt 2012).<\/p>\n<p style=\"text-align: justify\">Jury de th\u00e8se de doctorat (\u00e9valuateur externe), th\u00e8se de Mme Jarmila Lajcakova, <em>Ethnocultural Justice for the Roma in Slovakia<\/em>, Facult\u00e9 de droit, Universit\u00e9 de Toronto, automne 2006.<\/p>\n<p style=\"text-align: justify\">Jury de th\u00e8se de doctorat (\u00e9valuateur externe), th\u00e8se de Mme Genevi\u00e8ve Bassin, <em>The Agony of Human Rights. A Discussion and Evaluation of the illusive consensus<\/em>, School of Politics and International Relations, University of New South Wales, Syndey, 2007.<\/p>\n<p style=\"text-align: justify\">Jury de th\u00e8se de doctorat de M. Raffaele Iacovino (\u00e9valuateur externe), <em>Multinational citizenship and Education\u00a0: A Critical Assessment of the Quebec Education Program<\/em>, Department of Political Science, McGill University, 2007.<\/p>\n<p style=\"text-align: justify\">Jury de th\u00e8se de doctorat de Mme Jackie F. Steele (\u00e9valuateur externe), <em>Libert\u00e9, diversit\u00e9, co-autorit\u00e9\u00a0: Towards a Late Modern Praxis of Radical Representative Democratic Corporealpolitiks<\/em>, Facult\u00e9 des \u00c9tudes sup\u00e9rieures, Universit\u00e9 d\u2019Ottawa, 2009.<\/p>\n<p style=\"text-align: justify\">Jury de these de doctorat de M. Constantin Dobrila (\u00e9valuateur externe), Facult\u00e9 des etudes sup\u00e9rieures, Universit\u00e9 Laval, 2012.<\/p>\n<p style=\"text-align: justify\">Jury de th\u00e8se de doctorat (\u00e9valuateur externe), th\u00e8se de M. C. C. Dongmeza, <em>Extr\u00eame pauvret\u00e9 et justice globale<\/em>, Universit\u00e9 de Montr\u00e9al, hiver 2013.<\/p>\n<p style=\"text-align: justify\">Jury de m\u00e9moire de ma\u00eetrise, m\u00e9moire de Mme Genevi\u00e8ve Baril, <em>L\u2019interculturalisme\u00a0: le mod\u00e8le qu\u00e9b\u00e9cois de gestion de la diversit\u00e9 culturelle<\/em>, d\u00e9partement de science politique, UQAM, octobre 2008.<\/p>\n<p style=\"text-align: justify\">Jury de m\u00e9moire de ma\u00eetrise, m\u00e9moire de M. Dominic H\u00e9bert-Sherman\u00a0 (Universit\u00e9 Laval, septembre 2010).<\/p>\n","protected":false},"excerpt":{"rendered":"<p>Encadrement, supervisions, jurys de th\u00e8se Stagiaire postdoctoral\u00a0: Manuel Litalien, janvier-juin 2011. Stagiaire postdoctoral\u00a0: Raffaele Iacovino, mai-septembre 2008. Co-direction de th\u00e8ses de doctorat\u00a0: 1 (M. Cook) Direction de m\u00e9moire\u00a0: O. Boisvert (d\u00e9pos\u00e9 \u00e9t\u00e9 2008); K. Primeau (d\u00e9pos\u00e9 d\u00e9cembre 2008); G. Larouche (d\u00e9pos\u00e9 ao\u00fbt 2012). Jury de th\u00e8se de doctorat (\u00e9valuateur externe), th\u00e8se de Mme Jarmila Lajcakova, &hellip; <a href=\"https:\/\/portfolio.uqac.ca\/genevievenootens\/encadrement\/\" class=\"more-link\">Continuer la lecture de <span class=\"screen-reader-text\">Encadrement<\/span>  <span class=\"meta-nav\">&rarr;<\/span><\/a><\/p>\n","protected":false},"author":37,"featured_media":0,"parent":0,"menu_order":0,"comment_status":"closed","ping_status":"open","template":"","meta":{"footnotes":""},"tags":[],"_links":{"self":[{"href":"https:\/\/portfolio.uqac.ca\/genevievenootens\/wp-json\/wp\/v2\/pages\/139"}],"collection":[{"href":"https:\/\/portfolio.uqac.ca\/genevievenootens\/wp-json\/wp\/v2\/pages"}],"about":[{"href":"https:\/\/portfolio.uqac.ca\/genevievenootens\/wp-json\/wp\/v2\/types\/page"}],"author":[{"embeddable":true,"href":"https:\/\/portfolio.uqac.ca\/genevievenootens\/wp-json\/wp\/v2\/users\/37"}],"replies":[{"embeddable":true,"href":"https:\/\/portfolio.uqac.ca\/genevievenootens\/wp-json\/wp\/v2\/comments?post=139"}],"version-history":[{"count":2,"href":"https:\/\/portfolio.uqac.ca\/genevievenootens\/wp-json\/wp\/v2\/pages\/139\/revisions"}],"predecessor-version":[{"id":148,"href":"https:\/\/portfolio.uqac.ca\/genevievenootens\/wp-json\/wp\/v2\/pages\/139\/revisions\/148"}],"wp:attachment":[{"href":"https:\/\/portfolio.uqac.ca\/genevievenootens\/wp-json\/wp\/v2\/media?parent=139"}],"wp:term":[{"taxonomy":"post_tag","embeddable":true,"href":"https:\/\/portfolio.uqac.ca\/genevievenootens\/wp-json\/wp\/v2\/tags?post=139"}],"curies":[{"name":"wp","href":"https:\/\/api.w.org\/{rel}","templated":true}]}}