{"id":20,"date":"2012-07-23T20:20:59","date_gmt":"2012-07-23T20:20:59","guid":{"rendered":"http:\/\/portfolio-pre.uqac.ca\/gabarit\/?page_id=20"},"modified":"2014-11-10T09:02:53","modified_gmt":"2014-11-10T14:02:53","slug":"publications","status":"publish","type":"page","link":"https:\/\/portfolio.uqac.ca\/genevievenootens\/publications\/","title":{"rendered":"Publications"},"content":{"rendered":"<h2><strong>Monographies <\/strong><\/h2>\n<p style=\"text-align: justify\">Nootens, Genevi\u00e8ve, <em>Souverainet\u00e9 d\u00e9mocratique, justice et mondiali-sation. Essai sur la d\u00e9mocratie lib\u00e9rale et le cosmopolitisme<\/em>, Montr\u00e9al, Liber, 2010.<\/p>\n<p style=\"text-align: justify\">Nootens, Genevi\u00e8ve, <em>D\u00e9senclaver la d\u00e9mocratie. Des huguenots \u00e0 la Paix des braves<\/em>, Montr\u00e9al, Qu\u00e9bec Am\u00e9rique, collection D\u00e9bats, 2004. (avec comit\u00e9 de lecture)<\/p>\n<p style=\"text-align: justify\">Nootens, Genevi\u00e8ve, <em>Popular Sovereignty in the West\u00a0: Polities, Contention, and Ideas<\/em>, Routledge, 2013. (avec comit\u00e9 de lecture)<\/p>\n<h2><strong>Co-direction d&#8217;ouvrages collectifs<\/strong><\/h2>\n<p style=\"text-align: justify\">Gagnon, Alain-G., Lecours, Andr\u00e9, Nootens, Genevi\u00e8ve, dir., <em>Contemporary Majority Nationalisms<\/em>, McGill-Queen\u2019s University Press, 2011.<\/p>\n<p style=\"text-align: justify\">Chung, Ryoa, Nootens, Genevi\u00e8ve, dir., <em>Le cosmopolitisme\u00a0: enjeux et d\u00e9bats contemporains<\/em>, Montr\u00e9al, Presses de l\u2019Universit\u00e9 de Montr\u00e9al, 2010. (avec comit\u00e9 de lecture)<\/p>\n<p style=\"text-align: justify\">Lecours, Andr\u00e9, Nootens, Genevi\u00e8ve, dir., <em>Dominant Nationalism, Dominant Ethnicity. Identity, Federalism, Democracy<\/em>, Bruxelles, PIE\/Peter Lang, 2009. (avec comit\u00e9 de lecture)<\/p>\n<p style=\"text-align: justify\">Gagnon, Alain-G., Lecours, Andr\u00e9, Nootens, Genevi\u00e8ve, dir., <em>Les nationalismes majoritaires contemporains. Identit\u00e9, m\u00e9moire, pouvoir<\/em>, Montr\u00e9al, Qu\u00e9bec Am\u00e9rique, 2007. (avec comit\u00e9 de lecture)<\/p>\n<h2><strong>Articles\u00a0publi\u00e9s dans des revues avec comit\u00e9 de lecture<\/strong><\/h2>\n<p style=\"text-align: justify\">Nootens, Genevi\u00e8ve, \u00ab\u00a0Democracy and Legitimacy in Plurinational Societies\u00a0\u00bb, <em>Contemporary Political Theory<\/em>, vol. 8, no 3, ao\u00fbt 2009, pp. 276-294 (<em>feature article<\/em>).<\/p>\n<p style=\"text-align: justify\">Nootens, Genevi\u00e8ve, \u00ab\u00a0D\u00e9mocratie, solidarit\u00e9 et mondialisation\u00a0\u00bb, <em>\u00c9thique publique<\/em>, vol. 9, no 1, printemps 2007, pp. 80-89.<\/p>\n<p style=\"text-align: justify\">Nootens, Genevi\u00e8ve, \u00ab\u00a0Liberal Nationalism and the Sovereign Territorial Ideal\u00a0\u00bb, <em>Nations and Nationalism<\/em>, vol. 12, no 1, janvier 2006, pp. 35-50.<\/p>\n<p style=\"text-align: justify\">Nootens, Genevi\u00e8ve, \u00ab\u00a0\u00c9tat et nation\u00a0: fin d\u2019un isomorphisme?\u00a0\u00bb, <em>Politique et soci\u00e9t\u00e9s<\/em>, vol. 21, no1, 2002, pp. 25-41.<\/p>\n<p style=\"text-align: justify\">Nootens, Genevi\u00e8ve, \u00ab\u00a0L\u2019identit\u00e9 postnationale\u00a0: itin\u00e9raire(s) de la citoyennet\u00e9 dans la modernit\u00e9 avanc\u00e9e\u00a0\u00bb, <em>Politique et soci\u00e9t\u00e9s<\/em>, vol. 18, no 3, 1999, pp. 99-120.<\/p>\n<p style=\"text-align: justify\">Nootens, Genevi\u00e8ve, \u00ab\u00a0La nature de la compl\u00e9mentarit\u00e9 entre le raisonnable et le rationnel chez Rawls\u00a0\u00bb, dans B. Melkevik, dir., \u00ab\u00a0Avez-vous lu Rawls?\u00a0\u00bb, <em>Philosophiques<\/em>, XXIV, 1, 1997, pp. 25-41.<\/p>\n<p style=\"text-align: justify\">Nootens, Genevi\u00e8ve, \u00ab\u00a0Ontologie, philosophie et politique\u00a0: la critique de la tradition \u00e9pist\u00e9mologique chez Charles Taylor\u00a0\u00bb, <em>Dialogue<\/em>, XXXV, 3, 1996, pp. 553-569.<\/p>\n<h4><strong>Contributions \u00e0 des ouvrages collectifs<\/strong><\/h4>\n<p style=\"text-align: justify\">Nootens, Genevi\u00e8ve, \u00ab\u00a0Nationalism, Pluralism, and the Democratic Governance of Diversity\u00a0\u00bb, dans J. Jedwab, dir., <em>The Multiculturalism Question. Debating Identity in 21st-Century Canada<\/em>, McGill-Queen\u2019s University Press, Queen\u2019s Policy Studies Series, 2014.<\/p>\n<p style=\"text-align: justify\">Nootens, Genevi\u00e8ve, \u00ab\u00a0D\u00e9mocratie, confiance et identit\u00e9 nationale\u00a0\u00bb, dans D. Karmis et F. Rocher, dir., <em>La dynamique confiance\/m\u00e9fiance dans les d\u00e9mocraties multinationales. Le Canada sous l\u2019angle comparatif<\/em>, Presses de l\u2019Universit\u00e9 Laval, collection Prisme, 2012, pp. 33-48.<\/p>\n<p style=\"text-align: justify\">Nootens, Genevi\u00e8ve. \u00ab\u00a0Autonomy, Boundaries and Trust\u00a0: Preliminary Remarks\u00a0\u00bb, dans A.-G. Gagnon et M. Keating, dir., <em>Political Autonomy and Divided Societies. Imagining Democratic Alternatives in Complex Settings<\/em>, Palgrave Mcmillan, 2012, pp. 32-48.<\/p>\n<p style=\"text-align: justify\">Nootens, Genevi\u00e8ve, \u00ab\u00a0On the Feasibility of Plurinational Democracies\u00a0: The Problem of the <em>Demos<\/em>\u00a0\u00bb, dans I. Filibi, N. Cornago, J.O. Frosini, dir., <em>Democracy With(out) Nations? Old and New Foundations for Political Communities in a Changing World<\/em>, Bilbao, Universidad del Pais Vasco, 2011, pp. 109-127.<\/p>\n<p style=\"text-align: justify\">Nootens, Genevi\u00e8ve, \u00ab\u00a0\u2018Nous, les peuples\u2019. F\u00e9d\u00e9ralisme et d\u00e9mocratie dans l\u2019\u00c9tat plurinational\u00a0\u00bb, dans M. Seymour et G. Laforest, dir., <em>Le f\u00e9d\u00e9ralisme multinational. Un mod\u00e8le viable?<\/em>, P.I.E. Peter Lang, 2011, pp. 21-35.<\/p>\n<p style=\"text-align: justify\">Iacovino, Raffaele, Nootens, Genevi\u00e8ve, \u00ab\u00a0A Clash of Ideals? Federalism, Citizenship and Education in the Multinational State\u00a0\u00bb, dans M. Behiels et F. Rocher, dir., <em>The State in Transition. Challenges for Canadian Federalism<\/em>, Ottawa, Invenire Books, 2011, pp. 217-238.<\/p>\n<p style=\"text-align: justify\">Nootens, Genevi\u00e8ve, \u00ab\u00a0Nations, Sovereignty, and Democratic Legitimacy\u00a0: On the Boundaries of Political Communities\u00a0\u00bb, dans K. Breen et S. O\u2019Neill, dir., <em>After the Nation? Critical Reflections on Post-Nationalism<\/em>, Palgrave Macmillan, <em>International Political Theory Series<\/em>, 2010, pp. 196-213.<\/p>\n<p style=\"text-align: justify\">Nootens, Genevi\u00e8ve, \u00ab\u00a0Penser la diversit\u00e9\u00a0: entre monisme et dualisme\u00a0\u00bb, dans Bernard Gagnon, dir., <em>La diversit\u00e9 qu\u00e9b\u00e9coise en d\u00e9bat. Bouchard, Taylor et les autres<\/em>, Montr\u00e9al, Qu\u00e9bec Am\u00e9rique, 2010, pp. 56-73.<\/p>\n<p style=\"text-align: justify\">Lecours, Andr\u00e9, Nootens, Genevi\u00e8ve, \u00ab\u00a0Nationalism and Identity in Contemporary Politics. Issues of Democratic Shared and Self-rule\u00a0\u00bb, dans A. Lecours et G. Nootens, dir., <em>Dominant Nationalism, Dominant Ethnicity\u00a0: Identity, Federalism, Democracy<\/em>, Bruxelles, PIE\/Peter Lang, 2009, pp. 11-31.<\/p>\n<p style=\"text-align: justify\">Nootens, Genevi\u00e8ve, \u00ab\u00a0Reconnaissance, d\u00e9mocratie et l\u00e9gitimit\u00e9 dans les soci\u00e9t\u00e9s plurinationales\u00a0\u00bb, dans Michel Seymour, dir., <em>La reconnaissance dans tous ses \u00e9tats<\/em>, Montr\u00e9al, Qu\u00e9bec Am\u00e9rique, 2009, pp. 133-156.<\/p>\n<p style=\"text-align: justify\">Nootens, Genevi\u00e8ve, \u00ab\u00a0Ces liens qui nous unissent. L\u00e9gitimit\u00e9 et d\u00e9mocratie dans les soci\u00e9t\u00e9s plurinationales\u00a0\u00bb, dans J-E Fossum, J. Poirier et P. Magnette, dir., <em>The Ties that Bind. Accommodating Diversity in Canada and the European Union<\/em>, P.I.E. Peter Lang, 2009, p. 175-195.<\/p>\n<p style=\"text-align: justify\">Nootens, Genevi\u00e8ve, \u00ab\u00a0Pluralisme et lien civique\u00a0: quelques remarques sur les limites du lib\u00e9ralisme contemporain\u00a0\u00bb, dans St\u00e9phane Vibert, dir., <em>Le pluralisme d\u00e9mocratique. Droit \u00e0 la diff\u00e9rence et bien commun<\/em>, Montr\u00e9al, Qu\u00e9bec Am\u00e9rique, collection D\u00e9bats, 2007, p. 85-101.<\/p>\n<p style=\"text-align: justify\">Lecours, Andr\u00e9, Nootens, Genevi\u00e8ve, \u00ab\u00a0Comprendre le nationalisme majoritaire\u00a0\u00bb, dans A-G. Gagnon, A. Lecours, G. Nootens, dir., <em>Les nationalismes majoritaires contemporains. Identit\u00e9, m\u00e9moire, pouvoir<\/em>, Montr\u00e9al, Qu\u00e9bec Am\u00e9rique, collection D\u00e9bats, 2007, pp. 19-45.<\/p>\n<p style=\"text-align: justify\">Nootens, Genevi\u00e8ve, \u00ab\u00a0Nation, d\u00e9mocratie et l\u00e9gitimit\u00e9: la question des sources de la volont\u00e9 d\u00e9mocratique \u00e0 l\u2019heure de la \u00absoci\u00e9t\u00e9 des identit\u00e9s\u00bb, dans J. Beauchemin, dir., <em>La cit\u00e9 identitaire<\/em>, Montr\u00e9al, Ath\u00e9na, 2007.<\/p>\n<p style=\"text-align: justify\">Nootens, Genevi\u00e8ve, \u00ab\u00a0Une soci\u00e9t\u00e9 incapable de se r\u00e9f\u00e9rer \u00e0 elle-m\u00eame? Jacques Beauchemin et la \u2018soci\u00e9t\u00e9 des identit\u00e9s\u2019\u00a0\u00bb, dans J. Beauchemin, dir., <em>La cit\u00e9 identitaire<\/em>, Montr\u00e9al, Ath\u00e9na, 2007, pp. 139-152.<\/p>\n<p style=\"text-align: justify\">Nootens, Genevi\u00e8ve, \u00ab\u00a0Moralit\u00e9 fondamentale et normes subjectives\u00a0: la justification d\u2019un cadre moral commun dans une soci\u00e9t\u00e9 lib\u00e9rale\u00a0\u00bb, dans B. Melkevik et L. Vigneault, dir., <em>Droits d\u00e9mocratiques et identit\u00e9s<\/em>, Presses de l\u2019Universit\u00e9 Laval, collection Dik\u00e8, 2006, pp. 29-50.<\/p>\n<p style=\"text-align: justify\">Nootens, Genevi\u00e8ve, \u00ab\u00a0Chronique d\u2019une mort annonc\u00e9e? Note critique de Jacques Beauchemin, <em>La soci\u00e9t\u00e9 des identit\u00e9s<\/em>\u00a0\u00bb, <em>Argument<\/em>, vol. 8, no 1, automne 2005-hiver 2006, pp. 107-113. (sollicit\u00e9e)<\/p>\n<p style=\"text-align: justify\">Nootens, Genevi\u00e8ve, \u00ab\u00a0Lien civique et minorit\u00e9s nationales\u00a0\u00bb, dans S. Courtois, dir., <em>Perspectives philosophiques sur la mondialisation<\/em>, PUQ, 2005, pp. 177-190.<\/p>\n<p style=\"text-align: justify\">Nootens, Genevi\u00e8ve, \u00ab\u00a0Nations, States, and the Sovereign Territorial Ideal. Renner\u2019s Contribution to Current Debates on the Multinational State\u00a0\u00bb, dans Ephraim Nimni, dir., <em>National Cultural Autonomy and Its Contemporary Critics<\/em>, Londres, Routledge, 2005, pp. 95-114.<\/p>\n<p style=\"text-align: justify\">Nootens, Genevi\u00e8ve, \u00ab\u00a0\u00c9tat, lien civique et minorit\u00e9s nationales\u00a0\u00bb, dans P. Noreau et J. Woehrling, dir., <em>Appartenances, institutions et citoyennet\u00e9<\/em>, Montr\u00e9al, Wilson et Lafleur, 2005, pp. 43-54.<\/p>\n<p style=\"text-align: justify\">Nootens, Genevi\u00e8ve, \u00ab\u00a0La citoyennet\u00e9 \u00e0 l\u2019\u00e8re de la mondialisation\u00a0: un sens \u00e0 red\u00e9finir?\u00a0\u00bb, dans A. Duhamel et F. Jutras, dir., <em>Enseigner et \u00e9duquer \u00e0 la citoyennet\u00e9<\/em>, Presses de l\u2019Universit\u00e9 Laval, 2005, pp. 281-292.<\/p>\n<p style=\"text-align: justify\">Nootens, Genevi\u00e8ve, \u00ab\u00a0N\u0153uds et d\u00e9nouements\u00a0: \u00e0 propos des cat\u00e9gories normatives du politique\u00a0\u00bb, dans A. Duhamel et A. Lacroix, dir., <em>\u00c9thique et politique en contexte global<\/em>, Montr\u00e9al, Liber, 2004, pp. 209-226.<\/p>\n<p style=\"text-align: justify\">Nootens, Genevi\u00e8ve, \u00ab\u00a0Andr\u00e9 Vachet, enseignant et directeur de th\u00e8se\u00a0\u00bb, dans G. Labelle et F. Houle, dir., <em>Pens\u00e9e, id\u00e9ologie et politique. M\u00e9langes offerts \u00e0 Andr\u00e9 Vachet<\/em>, Ottawa, Presses de l\u2019Universit\u00e9 d\u2019Ottawa. 2004, pp. 19-24.<\/p>\n<p style=\"text-align: justify\">Nootens, Genevi\u00e8ve, \u00ab\u00a0Diversit\u00e9, mondialisation, justice. La philosophie politique qu\u00e9b\u00e9coise devant les grands enjeux contemporains\u00a0\u00bb, dans G. Nootens, dir., <em>Philosophie et politique\u00a0: r\u00e9flexions qu\u00e9b\u00e9coises sur la mondialisation et la diversit\u00e9<\/em>, <em>Bulletin d\u2019histoire politique<\/em>, vol. 12, no 3, printemps 2004.<\/p>\n<p style=\"text-align: justify\">Nootens, Genevi\u00e8ve, \u00ab\u00a0\u00c9tat, nation et citoyennet\u00e9\u00a0\u00bb, dans G. Nootens, dir., <em>Philosophie et politique\u00a0: r\u00e9flexions qu\u00e9b\u00e9coises sur la mondialisation et la diversit\u00e9<\/em>, <em>Bulletin d\u2019histoire politique<\/em>, vol. 12, no 3, printemps 2004.<\/p>\n<p style=\"text-align: justify\">Nootens, Genevi\u00e8ve, \u00ab\u00a0Territorialit\u00e9, extraterritorialit\u00e9, trans-nationalit\u00e9\u00a0: une d\u00e9fense de l\u2019autonomie personnelle est-elle encore possible?\u00a0\u00bb, dans S. Courtois, dir., <em>Enjeux philosophiques de la guerre, de la paix et du terrorisme<\/em>, Presses de l\u2019Universit\u00e9 Laval, collection Mercure du Nord, 2003, pp. 177-190.<\/p>\n<p style=\"text-align: justify\">Nootens, Genevi\u00e8ve, \u00ab\u00a0Identit\u00e9, citoyennet\u00e9, territoire\u00a0: la fin d\u2019un paradigme?\u00a0\u00bb, dans J. Maclure et A.-G. Gagnon, dir., <em>Rep\u00e8res en mutation<\/em>, Montr\u00e9al, Qu\u00e9bec Am\u00e9rique, 2001, pp. 105-125.<\/p>\n<p style=\"text-align: justify\">Nootens, Genevi\u00e8ve, \u00ab\u00a0Politique, citoyennet\u00e9 et mondialisation\u00a0\u00bb, dans P.-Y. Bonin, dir., <em>Mondialisation\u00a0: Perspectives philosophiques<\/em>, Presses de l\u2019Universit\u00e9 Laval\/L\u2019Harmattan, 2001, pp. 217-236.<\/p>\n<p style=\"text-align: justify\">Nootens, Genevi\u00e8ve, \u00ab\u00a0Vers une th\u00e9orie lib\u00e9rale de l\u2019identit\u00e9\u00a0\u00bb, dans M. Seymour, dir., <em>Nationalit\u00e9, citoyennet\u00e9, solidarit\u00e9<\/em>, Montr\u00e9al, Liber, 1999, pp. 389-417.<\/p>\n<p style=\"text-align: justify\">Nootens, Genevi\u00e8ve, \u00ab\u00a0Raison publique, raisons non publiques\u00a0: les citoyens lib\u00e9raux et leurs convictions morales\u00a0\u00bb, dans K. Mellos et P. Savidan, dir., <em>Pluralisme et d\u00e9lib\u00e9ration\u00a0: enjeux en philosophie politique contemporaine<\/em>, Ottawa, Presses de l\u2019Universit\u00e9 d\u2019Ottawa, 1999, pp. 43-65.<\/p>\n<p style=\"text-align: justify\">Nootens, Genevi\u00e8ve, \u00ab\u00a0Liberal Restrictions on Public Arguments\u00a0: Can Nationalist Claims Be Moral Reasons, in Liberal Public Discourse?\u00a0\u00bb, dans J. Couture, K. Nielsen, M. Seymour, dir., <em>Rethinking Nationalism, Canadian Journal of Philosophy<\/em>, suppl. volume 22, 1996 (publi\u00e9 en 1998), pp. 237-260.<\/p>\n<p style=\"text-align: justify\">Nootens, Genevi\u00e8ve, \u00abMulticulturalisme et tol\u00e9rance\u00a0: penser le pluralisme culturel\u00a0\u00bb, dans B. Melkevik et P. Dumouchel, dir., <em>Tol\u00e9rance, pluralisme et histoire<\/em>, Montr\u00e9al\/Paris, L\u2019Harmattan, collection \u00c9thik\u00e8, 1998, pp. 153-171.<\/p>\n<h2><strong>Autres contributions<\/strong><\/h2>\n<p style=\"text-align: justify\">Karmis, D., Maclure, J., Nootens, G., \u00ab\u00a0R\u00e9plique \u00e0 Jacques Beauchemin et Louise Beaudoin. Pourquoi opposer majorit\u00e9 et minorit\u00e9s?\u00a0\u00bb, <em>Le Devoir<\/em>, 6 mars 2010.<\/p>\n<p style=\"text-align: justify\">(Avec L. B\u00e9gin, P. Bosset, S. Gervais, D. Karmis, G. Leroux, D. Leydet, J. Maclure, M. Milot, P-Y N\u00e9ron, M. Papillon et D. Weinstock) <em>Manifeste\u00a0pour\u00a0un\u00a0Qu\u00e9bec\u00a0pluraliste<\/em> (https:\/\/www.pourunquebecpluraliste.org\/initiateurs-initiatrices\/)<\/p>\n<p style=\"text-align: justify\">Nootens, Genevi\u00e8ve, \u00ab\u00a0De quel Qu\u00e9bec voulons-nous?\u00a0\u00bb, <em>Le Devoir<\/em>, lundi 16 juillet 2007, page Id\u00e9es (contribution sollicit\u00e9e dans le cadre de la s\u00e9rie d\u2019\u00e9t\u00e9 2007, Un Qu\u00e9bec divis\u00e9?)<\/p>\n<p style=\"text-align: justify\">Nootens, Genevi\u00e8ve, \u00ab\u00a0Tout d\u00e9pend de la mani\u00e8re\u00a0\u00bb, <em>La Presse<\/em>, samedi 6 mai 2006(chronique <em>Qu\u00e9bec Grand angle<\/em>).<\/p>\n<p style=\"text-align: justify\">Nootens, Genevi\u00e8ve, \u00ab\u00a0Un pari risqu\u00e9\u00a0\u00bb, <em>La Presse<\/em>, samedi 8 avril 2006 (chronique <em>Qu\u00e9bec Grand angle<\/em>).<\/p>\n<p style=\"text-align: justify\">Nootens, Genevi\u00e8ve, \u00ab\u00a0L\u2019\u00c9tat-nation contre le pluralisme?\u00a0\u00bb, <em>Le Devoir<\/em>, mardi 14 mars 2006, page Id\u00e9es.<\/p>\n<p style=\"text-align: justify\">Nootens, Genevi\u00e8ve, \u00ab\u00a0De la lucidit\u00e9\u00a0\u00bb, <em>La Presse<\/em>, samedi 11 mars 2006 (chronique <em>Qu\u00e9bec Grand angle<\/em>).<\/p>\n<p style=\"text-align: justify\">Nootens, Genevi\u00e8ve, \u00ab\u00a0Le vent conservateur\u00a0\u00bb, <em>La Presse<\/em>, samedi\u00a0 4\u00a0f\u00e9vrier 2006 (chronique <em>Qu\u00e9bec Grand angle<\/em>).<\/p>\n<p style=\"text-align: justify\">Nootens, Genevi\u00e8ve, \u00ab\u00a0Cynisme ambiant\u00a0\u00bb, <em>La Presse<\/em>, samedi\u00a0 17\u00a0d\u00e9cembre 2005 (chronique <em>Qu\u00e9bec Grand angle<\/em>).<\/p>\n<p style=\"text-align: justify\">Nootens, Genevi\u00e8ve, \u00ab\u00a0Un geste significatif\u00a0\u00bb, <em>La Presse<\/em>, samedi 19\u00a0novembre 2005 (chronique <em>Qu\u00e9bec Grand angle<\/em>).<\/p>\n<p style=\"text-align: justify\">Nootens, Genevi\u00e8ve, \u00ab\u00a0Qui joue \u00e0 l\u2019autruche?\u00a0\u00bb, <em>La Presse<\/em>, samedi 22\u00a0octobre 2005 (chronique <em>Qu\u00e9bec Grand angle<\/em>).<\/p>\n<p style=\"text-align: justify\">Nootens, Genevi\u00e8ve, \u00ab\u00a0Le politique doit primer\u00a0\u00bb, <em>La Presse<\/em>, samedi 24 septembre 2005 (chronique <em>Qu\u00e9bec Grand angle<\/em>).<\/p>\n<p style=\"text-align: justify\">Nootens, Genevi\u00e8ve, \u00ab\u00a0Chronique d\u2019une mort annonc\u00e9e? Note critique de Jacques Beauchemin, <em>La soci\u00e9t\u00e9 des identit\u00e9s<\/em>\u00a0\u00bb, \u00e0 para\u00eetre dans <em>Argument<\/em>.<\/p>\n<p style=\"text-align: justify\">Nootens, Genevi\u00e8ve, \u00ab\u00a0Discours et contre-discours sur la mondialisation\u00a0\u00bb, <em>Les Cahiers du 27 juin<\/em>, vol. 2, no 1 (\u00e9t\u00e9\/automne 2004), pp. 28-30.<\/p>\n<p style=\"text-align: justify\">Nootens, Genevi\u00e8ve, \u00ab\u00a0Nations, citoyennet\u00e9, int\u00e9gration\u00a0: \u00e0 propos de l\u2019\u00e9volution r\u00e9cente du concept d\u2019\u00c9tat-nation au Qu\u00e9bec\u00a0\u00bb, pr\u00e9par\u00e9 pour le site Web <em>Panorama sur le Qu\u00e9bec<\/em> (Programme d\u2019\u00e9tudes sur le Qu\u00e9bec de l\u2019Universit\u00e9 McGill\/d\u00e9partement d\u2019\u00e9ducation permanente de l\u2019Universit\u00e9 McGill\/Universit\u00e9 du Qu\u00e9bec \u00e0 Chicoutimi).<\/p>\n<h2><strong>Recensions<\/strong><\/h2>\n<p style=\"text-align: justify\">Nootens, Genevi\u00e8ve, Recension de Bernard Gagnon, <em>La philosophie morale et politique de Charles Taylor<\/em>, <em>Bulletin d\u2019histoire politique<\/em>, vol, 12, no 1, automne 2003, pp. 249-251.<\/p>\n<p style=\"text-align: justify\">Nootens, Genevi\u00e8ve, Recension de J. Maclure, <em>Rep\u00e8res identitaires. Le Qu\u00e9bec \u00e0 l\u2019\u00e9preuve du pluralisme<\/em>, <em>Revue canadienne de science politique<\/em>, 36, 1, mars 2003, p.195.<\/p>\n<p style=\"text-align: justify\">Nootens, Genevi\u00e8ve, Review of Anthony Smith, <em>Nationalism and Modernism<\/em>, <em>Canadian Journal of Political Science<\/em>, 33, 2, juin 2000, p. 424.<\/p>\n<p style=\"text-align: justify\">Nootens, Genevi\u00e8ve, Recension de Charles Taylor, <em>La libert\u00e9 des Modernes<\/em>, <em>Dialogue<\/em>, XXXVII, 4, 1998, pp. 837-840.<\/p>\n<p style=\"text-align: justify\">Nootens, Genevi\u00e8ve, Recension de Luc Ferry, <em>Homo Aestheticus. L\u2019invention du go\u00fbt \u00e0 l\u2019\u00e2ge d\u00e9mocratique<\/em>, <em>Revue canadienne de science politique<\/em>, XXV, 1, mars 1992, pp. 203-204.<\/p>\n<h2><strong>Contributions \u00e0 venir<\/strong><\/h2>\n<p style=\"text-align: justify\">Grey, J., Nootens, G. <em>Entretiens avec Julius Grey<\/em>, Montr\u00e9al, Bor\u00e9al, Collection Trajectoires, 2014.<\/p>\n","protected":false},"excerpt":{"rendered":"<p>Monographies Nootens, Genevi\u00e8ve, Souverainet\u00e9 d\u00e9mocratique, justice et mondiali-sation. Essai sur la d\u00e9mocratie lib\u00e9rale et le cosmopolitisme, Montr\u00e9al, Liber, 2010. Nootens, Genevi\u00e8ve, D\u00e9senclaver la d\u00e9mocratie. Des huguenots \u00e0 la Paix des braves, Montr\u00e9al, Qu\u00e9bec Am\u00e9rique, collection D\u00e9bats, 2004. (avec comit\u00e9 de lecture) Nootens, Genevi\u00e8ve, Popular Sovereignty in the West\u00a0: Polities, Contention, and Ideas, Routledge, 2013. (avec &hellip; <a href=\"https:\/\/portfolio.uqac.ca\/genevievenootens\/publications\/\" class=\"more-link\">Continuer la lecture de <span class=\"screen-reader-text\">Publications<\/span>  <span class=\"meta-nav\">&rarr;<\/span><\/a><\/p>\n","protected":false},"author":37,"featured_media":0,"parent":0,"menu_order":0,"comment_status":"closed","ping_status":"closed","template":"","meta":{"footnotes":""},"tags":[],"_links":{"self":[{"href":"https:\/\/portfolio.uqac.ca\/genevievenootens\/wp-json\/wp\/v2\/pages\/20"}],"collection":[{"href":"https:\/\/portfolio.uqac.ca\/genevievenootens\/wp-json\/wp\/v2\/pages"}],"about":[{"href":"https:\/\/portfolio.uqac.ca\/genevievenootens\/wp-json\/wp\/v2\/types\/page"}],"author":[{"embeddable":true,"href":"https:\/\/portfolio.uqac.ca\/genevievenootens\/wp-json\/wp\/v2\/users\/37"}],"replies":[{"embeddable":true,"href":"https:\/\/portfolio.uqac.ca\/genevievenootens\/wp-json\/wp\/v2\/comments?post=20"}],"version-history":[{"count":19,"href":"https:\/\/portfolio.uqac.ca\/genevievenootens\/wp-json\/wp\/v2\/pages\/20\/revisions"}],"predecessor-version":[{"id":116,"href":"https:\/\/portfolio.uqac.ca\/genevievenootens\/wp-json\/wp\/v2\/pages\/20\/revisions\/116"}],"wp:attachment":[{"href":"https:\/\/portfolio.uqac.ca\/genevievenootens\/wp-json\/wp\/v2\/media?parent=20"}],"wp:term":[{"taxonomy":"post_tag","embeddable":true,"href":"https:\/\/portfolio.uqac.ca\/genevievenootens\/wp-json\/wp\/v2\/tags?post=20"}],"curies":[{"name":"wp","href":"https:\/\/api.w.org\/{rel}","templated":true}]}}