{"id":25,"date":"2012-07-24T12:43:40","date_gmt":"2012-07-24T12:43:40","guid":{"rendered":"http:\/\/portfolio-pre.uqac.ca\/gabarit\/?page_id=25"},"modified":"2014-11-07T10:29:30","modified_gmt":"2014-11-07T15:29:30","slug":"communications","status":"publish","type":"page","link":"https:\/\/portfolio.uqac.ca\/genevievenootens\/communications\/","title":{"rendered":"Communications"},"content":{"rendered":"<h2><strong>Pr\u00e9sentations comme conf\u00e9renci\u00e8re invit\u00e9e<\/strong><\/h2>\n<p style=\"text-align: justify\">Nootens, Genevi\u00e8ve, \u00ab\u00a0Popular Sovereignty, Political Contention, and the Boundaries of Democracy\u00a0\u00bb, conf\u00e9rence Civic Freedom on an Age of Diversity, Montr\u00e9al, 24-26 avril 2014.<\/p>\n<p style=\"text-align: justify\">Nootens, Genevi\u00e8ve, \u00ab\u00a0Autonomie et confiance\u00a0\u00bb, colloque La dynamique confiance\/m\u00e9fiance dans les soci\u00e9t\u00e9s plurinationales, Montr\u00e9al, 4-6 novembre 2010.<\/p>\n<p style=\"text-align: justify\">Nootens, Genevi\u00e8ve, \u00ab\u00a0D\u00e9mocratie, justice et mondialisation\u00a0\u00bb, CRIDAQ-Laval, 26 mars 2010.<\/p>\n<p style=\"text-align: justify\">Nootens, Genevi\u00e8ve, \u00ab\u00a0D\u00e9mocratie, justice et mondialisation\u00a0\u00bb, midi-s\u00e9minaires du C\u00e9gep de Jonqui\u00e8re, 19 mars 2010.<\/p>\n<p style=\"text-align: justify\">Nootens, Genevi\u00e8ve. \u00ab\u00a0\u2018<em>Nous, les peuples\u2019\u00a0<\/em>: f\u00e9d\u00e9ralisme et d\u00e9mocratie dans l\u2019\u00c9tat plurinational\u00a0\u00bb, colloque international Le f\u00e9d\u00e9ralisme multinational en perspective\u00a0: un mod\u00e8le viable?, Montr\u00e9al, 25-27 septembre 2009.<\/p>\n<p style=\"text-align: justify\">Nootens, Genevi\u00e8ve, \u00ab\u00a0D\u00e9mocratie, souverainet\u00e9 et l\u00e9gitimit\u00e9\u00a0dans les soci\u00e9t\u00e9s plurinationales\u00a0: \u00e0 propos de quelques limites de la d\u00e9mocratie lib\u00e9rale contemporaine\u00a0\u00bb, conf\u00e9rence d\u2019ouverture du colloque international <em>Gouvernance et participation d\u00e9mocratique au sein des minorit\u00e9s linguistiques et nationales<\/em>, Ottawa, 1<sup>er<\/sup>-3 mai 2008.<\/p>\n<p style=\"text-align: justify\">Nootens, Genevi\u00e8ve, \u00ab\u00a0One Nation or Many? On the Feasability of Plurinational Democracy\u00a0\u00bb, International Wokshop <em>Democracy with(out) nations? Old and New Foundations for Political Communities<\/em>, Organized by the International Institute of Sociology of Law (Onati) in collaboration with the Department of International Law and International Relations (University of the Basque Country) and Center for Social and Legal Research (Free University of Colombia), Onati (Espagne), 3-4 avril 2008.<\/p>\n<p style=\"text-align: justify\">Nootens, Genevi\u00e8ve, \u00ab\u00a0Contre la nation, la cit\u00e9 identitaire?\u00a0\u00bb, conf\u00e9rence prononc\u00e9e \u00e0 l\u2019UQAC dans le cadre de la Semaine des sciences humaines, 7 f\u00e9vrier 2008.<\/p>\n<p style=\"text-align: justify\">Nootens, Genevi\u00e8ve, \u00ab\u00a0Reconnaissance, d\u00e9mocratie et l\u00e9gitimit\u00e9 dans les soci\u00e9t\u00e9s plurinationales\u00a0\u00bb, colloque international <em>La reconnaissance dans tous ses \u00e9tats\/The plural states of recognition<\/em>, Montr\u00e9al, 27-29 septembre 2007.<\/p>\n<p style=\"text-align: justify\">Nootens, Genevi\u00e8ve, \u00ab\u00a0Nation, d\u00e9mocratie et l\u00e9gitimit\u00e9\u00a0: la question des sources de la volont\u00e9 d\u00e9mocratique \u00e0 l\u2019heure de la \u2018soci\u00e9t\u00e9 des identit\u00e9s\u2019\u00a0\u00bb, colloque sur la soci\u00e9t\u00e9 des identit\u00e9s organis\u00e9 par la Chaire de recherche du Canada en Mondialisation, Citoyennet\u00e9 et D\u00e9mocratie, ACFAS, Montr\u00e9al, 15 mai 2006.<\/p>\n<p style=\"text-align: justify\">Nootens, Genevi\u00e8ve, \u00ab\u00a0La red\u00e9finition des formes politiques: un d\u00e9fi pour la pens\u00e9e d\u00e9mocratique\u00a0\u00bb, colloque \u2018Mobiliser la solidarit\u00e9\u2019, ACFAS, Montr\u00e9al, 15 mai 2006.<\/p>\n<p style=\"text-align: justify\">Nootens, Genevi\u00e8ve, \u00ab\u00a0D\u00e9senclaver la d\u00e9mocratie\u00a0\u00bb, conf\u00e9rence donn\u00e9e dans le cadre du s\u00e9minaire de deuxi\u00e8me cycle en g\u00e9ographie d\u2019Anne Latendresse, UQAM (vid\u00e9oconf\u00e9rence), 8 f\u00e9vrier 2006.<\/p>\n<p style=\"text-align: justify\">Nootens, Genevi\u00e8ve, \u00ab\u00a0Faut-il d\u00e9sesp\u00e9rer de la d\u00e9mocratie?\u00a0\u00bb\u00a0, CIRCEM, Ottawa, 30 novembre 2005.<\/p>\n<p style=\"text-align: justify\">Nootens, Genevi\u00e8ve, \u00ab\u00a0Nations, d\u00e9mocratie, souverainet\u00e9 apr\u00e8s l\u2019\u00c9tat-nation\u00a0\u00bb, conf\u00e9rence du R\u00e9seau pan-europ\u00e9en d\u2019\u00e9tudes canadiennes, Bruxelles, 17-19 novembre 2005.<\/p>\n<p style=\"text-align: justify\">Nootens, Genevi\u00e8ve, \u00ab\u00a0D\u00e9mocratie, l\u00e9gitimit\u00e9 et postsouverainet\u00e9\u00a0\u00bb, colloque de la soci\u00e9t\u00e9 qu\u00e9b\u00e9coise de philosophie, ACFAS, Chicoutimi, mai 2005.<\/p>\n<p style=\"text-align: justify\">Nootens, Genevi\u00e8ve, \u00ab\u00a0Mondialisation, d\u00e9mocratie et souverainet\u00e9\u00a0: communaut\u00e9s et politique apr\u00e8s l\u2019\u00c9tat\u00a0\u00bb, Groupe de recherche en interventions r\u00e9gionales, Universit\u00e9 du Qu\u00e9bec \u00e0 Chicoutimi, avril 2005.<\/p>\n<p style=\"text-align: justify\">Nootens, Genevi\u00e8ve, \u00ab\u00a0Communaut\u00e9s et politique apr\u00e8s l\u2019\u00c9tat\u00a0: quelques d\u00e9fis de la d\u00e9mocratie multiscalaire\u00a0\u00bb, conf\u00e9rence prononc\u00e9e dans le cadre du s\u00e9minaire de J. L\u00e9tourneau, Universit\u00e9 Laval, mars 2005.<\/p>\n<p style=\"text-align: justify\">Nootens, Genevi\u00e8ve, \u00ab\u00a0Pluralisme et lien civique\u00a0\u00bb, ateliers de philosophie politique, Universit\u00e9 Laval, f\u00e9vrier 2005.<\/p>\n<p style=\"text-align: justify\">Nootens, Genevi\u00e8ve, \u00ab\u00a0<em>Demos<\/em>, <em>demoi<\/em> et d\u00e9mocratie multiscalaire\u00a0\u00bb, s\u00e9minaire du d\u00e9partement de science politique, UQAM, 20 octobre 2004.<\/p>\n<p style=\"text-align: justify\">Nootens, Genevi\u00e8ve, \u00ab\u00a0Pluralisme et lien civique\u00a0: quelques remarques sur les limites du lib\u00e9ralisme contemporain\u00a0\u00bb, ACFAS, Montr\u00e9al, mai 2004<\/p>\n<p style=\"text-align: justify\">Nootens, Genevi\u00e8ve, \u00ab\u00a0Nations, States, and the Sovereign Territorial Ideal. Renner\u2019s Contribution to Current Debates on the Multinational State\u00a0\u00bb, conf\u00e9rence <em>States, Regions and National Cultural Autonomy<\/em>, organis\u00e9e par le Comparative Regional and Integration Studies (United Nations University), Bruges, 27-28 septembre 2003.<\/p>\n<p style=\"text-align: justify\">Nootens, Genevi\u00e8ve, \u00ab\u00a0Current Debates on the Multinational State in the Light of Renner\u2019s Principle of Personal Autonomy\u00a0\u00bb, congr\u00e8s de l\u2019Association internationale de science politique, Durban, 29 juin-4 juillet 2003.<\/p>\n<p style=\"text-align: justify\">Nootens, Genevi\u00e8ve, \u00ab\u00a0La citoyennet\u00e9 \u00e0 l\u2019\u00e8re de la mondialisation\u00a0: un sens \u00e0 red\u00e9finir?\u00a0\u00bb, colloque <em>\u00c9ducation \u00e0 la citoyennet\u00e9<\/em>, ACFAS, Rimouski, mai 2003.<\/p>\n<p style=\"text-align: justify\">Nootens, Genevi\u00e8ve, \u00ab\u00a0Identit\u00e9s politiques et territoires\u00a0: apories du mod\u00e8le de l\u2019\u00c9tat-nation\u00a0\u00bb, colloque <em>Sens, marges et limites du lien social<\/em>, ACFAS, Rimouski, mai 2003.<\/p>\n<p style=\"text-align: justify\">Nootens, Genevi\u00e8ve, \u00ab\u00a0Lien civique et minorit\u00e9s nationales\u00a0\u00bb, colloque de la soci\u00e9t\u00e9 de philosophie du Qu\u00e9bec, Rimouski, mai 2003.<\/p>\n<p style=\"text-align: justify\">Nootens, Genevi\u00e8ve, \u00ab\u00a0\u00c9tat, lien civique et minorit\u00e9s nationales\u00a0\u00bb, colloque du Groupe de recherche sur les soci\u00e9t\u00e9s plurinationales (GRSP), Institut de recherche sur les politiques publiques (IRPP), Montr\u00e9al, septembre 2002.<\/p>\n<p style=\"text-align: justify\">Nootens, Genevi\u00e8ve, \u00ab\u00a0La citoyennet\u00e9 de type civique et la reconnaissance politique des minorit\u00e9s ethnoculturelles sont-elles compatibles?\u00a0\u00bb, Table ronde du Centre interdisciplinaire de recherche sur la citoyennet\u00e9 et la mondialisation (CIRCEM), Ottawa, mai 2002.<\/p>\n<p style=\"text-align: justify\">Nootens, Genevi\u00e8ve, \u00ab\u00a0Identit\u00e9, citoyennet\u00e9, territoire\u00a0: la fin d\u2019un paradigme?\u00a0\u00bb, colloque <em>Regards pluridisciplinaires et comparatifs sur l\u2019identitaire qu\u00e9b\u00e9cois et canadien<\/em>, Centre d\u2019\u00e9tudes sur le Qu\u00e9bec de l\u2019Universit\u00e9 McGill\/Revue <em>Globe<\/em>, Universit\u00e9 McGill, 8-9 mars 2001.<\/p>\n<p style=\"text-align: justify\">Nootens, Genevi\u00e8ve, \u00ab\u00a0Politique, territorialit\u00e9 et mondialisation\u00a0: vers un nouveau paradigme\u00a0\u00bb, colloque de la soci\u00e9t\u00e9 qu\u00e9b\u00e9coise de philosophie, Trois-Rivi\u00e8res, 23-24 f\u00e9vrier 2001.<\/p>\n<p style=\"text-align: justify\">Nootens, Genevi\u00e8ve, \u00ab\u00a0Citoyennet\u00e9 et territoire\u00a0: la fin d\u2019un paradigme?\u00a0\u00bb, colloque <em>La citoyennet\u00e9 dans les soci\u00e9t\u00e9s pluralistes<\/em>, CIRCEM, Ottawa, 9-11 novembre 2000.<\/p>\n<p style=\"text-align: justify\">Nootens, Genevi\u00e8ve, \u00ab\u00a0Lib\u00e9ralisme et territorialit\u00e9\u00a0: remarques sur les origines historiques d\u2019un paradigme politique\u00a0\u00bb, colloque de la soci\u00e9t\u00e9 qu\u00e9b\u00e9coise de science politique, ACFAS, Montr\u00e9al, mai 2000. (<em>\u00e9galement pr\u00e9sent\u00e9 aux s\u00e9minaires de l\u2019\u00c9quipe de recherche en \u00e9thique sociale<\/em>, Montr\u00e9al, avril 2000).<\/p>\n<p style=\"text-align: justify\">Nootens, Genevi\u00e8ve, \u00ab\u00a0Moralit\u00e9 fondamentale et normes subjec-tives\u00a0: la justification d\u2019un cadre moral commun dans une soci\u00e9t\u00e9 lib\u00e9rale\u00a0\u00bb, colloque \u00ab\u00a0Philosophie des droits d\u00e9mocratiques\u00a0\u00bb, ACFAS,\u00a0Universit\u00e9 Laval, mai 1998.<\/p>\n<p style=\"text-align: justify\">Nootens, Genevi\u00e8ve, \u00ab\u00a0Pluralisme, multiculturalisme et tol\u00e9rance\u00a0\u00bb, ACFAS, mai 1996.<\/p>\n<p style=\"text-align: justify\">Nootens, Genevi\u00e8ve, \u00ab\u00a0La nature de la compl\u00e9mentarit\u00e9 entre le raisonnable et le rationnel chez Rawls\u00a0\u00bb, ACFAS, Chicoutimi, mai 1995.<\/p>\n<h2><strong>Conf\u00e9rences avec arbitrage<\/strong><\/h2>\n<p style=\"text-align: justify\">Nootens, Genevi\u00e8ve, \u00ab\u00a0Pluralisme, d\u00e9mocratie et souverainet\u00e9 populaire\u00a0: au-del\u00e0 de la nation?\u00a0\u00bb, colloque <em>Face au conflit des valeurs\u00a0: quelle d\u00e9mocratie? Le pluralisme lib\u00e9ral et ses critiques<\/em>, Paris, 20-21 septembre 2012.<\/p>\n<p style=\"text-align: justify\">Lecours, Andr\u00e9, Nootens, Genevi\u00e8ve, \u00abTrust, Distrust, and Constitutional Reform in (Democratic) Multinational States\u00a0\u00bb, 19<sup>e<\/sup> conf\u00e9rence internationale des Europ\u00e9anistes, Boston, 22-24 mars 2012.<\/p>\n<p style=\"text-align: justify\">Nootens, Genevi\u00e8ve, \u00ab\u00a0Penser la gouverne de la diversit\u00e9 \u00e0 la lumi\u00e8re du d\u00e9bat qu\u00e9b\u00e9cois\u00a0\u00bb, 4<sup>e<\/sup> Congr\u00e8s des associations francophones de science politique, Bruxelles, avril 2011.<\/p>\n<p style=\"text-align: justify\">Nootens, Genevi\u00e8ve, \u00ab\u00a0Autonomy, Boundaries and Trust. Preliminary Remarks\u00a0\u00bb, Workshop Autonomy\u00a0: Imagining Democratic Alternatives in Complex Settings, Madrid, Universidad Carlos III, 13-17 avril 2010.<\/p>\n<p style=\"text-align: justify\">Iacovino, Raffaele, Nootens, Genevi\u00e8ve, \u00ab\u00a0Federalism, Democracy and Multinations\u00a0\u00bb, IPSA, Santiago, juillet 2009.<\/p>\n<p style=\"text-align: justify\">Iacovino, Raffaele, Nootens, Genevi\u00e8ve, \u00ab\u00a0A Clash of Ideals? Federalism, Citizenship and Education in the Multinational Sate\u00a0\u00bb, Conf\u00e9rence <em>The State in Transition. Challenges for Canadian Federalism<\/em>, Ottawa, 23-25 octobre 2008.<\/p>\n<p style=\"text-align: justify\">Nootens, Genevi\u00e8ve, \u00ab\u00a0Le paradoxe du pluralisme\u00a0\u00bb, symposium Penser la diversit\u00e9 qu\u00e9b\u00e9coise, CRIDAQ, 17 octobre 2008.<\/p>\n<p style=\"text-align: justify\">Nootens, Genevi\u00e8ve, \u00ab\u00a0Recognition and self-determination\u00a0: issues in democratic legitimacy, challenges for political theory\u00bb, Conference on Recognition and Self-Determination, 28 February-2 March 2008, Victoria (co-sponsored by two MCRI-funded research group, one on Ethnicity and Democratic Governance and the other on Indigenous Peoples and Governance, together with the Consortium on Democratic Constitutionalism).<\/p>\n<p style=\"text-align: justify\">Nootens, Genevi\u00e8ve, \u00ab\u00a0Nations, recognition, and democratic legitimacy\u00a0\u00bb, colloque international <em>Beyond the Nation? Critical Reflections on Nations and Nationalism in Uncertain Times<\/em>, Queen\u2019s University, Belfast, 12-14 septembre 2007.<\/p>\n<p style=\"text-align: justify\">Nootens, Genevi\u00e8ve, \u00ab\u00a0Democracy, Legitimacy. and Sovereignty in Plurinational Societies\u00a0\u00bb, 4<sup>e<\/sup> conf\u00e9rence internationale du <em>European Consortium of Political Research<\/em>, Pise, 6-8 septembre 2007.<\/p>\n<p style=\"text-align: justify\">Nootens, Genevi\u00e8ve, \u00ab\u00a0Democratic Legitimacy in Plurinational Societies\u00a0\u00bb, conf\u00e9rence internationale de l\u2019<em>Association of Legal and Social Philosophy<\/em>, Keele (UK), 19-21 avril 2007.<\/p>\n<p style=\"text-align: justify\">Nootens, Genevi\u00e8ve, \u00ab\u00a0Lien civique et minorit\u00e9s nationales\u00a0\u00bb, colloque FODAR <em>Perspectives philosophiques sur la mondialisation<\/em>, Montr\u00e9al, octobre 2003.<\/p>\n<p style=\"text-align: justify\">Nootens, Genevi\u00e8ve, \u00ab\u00a0\u00c9tat, obligations politiques et d\u00e9mocratie\u00a0: pour un red\u00e9ploiement du politique en dehors du champ normatif de l\u2019\u00c9tat\u00a0\u00bb, colloque <em>Les normes internationales au XXIe si\u00e8cle\u00a0: science politique, philosophie, droit<\/em>, Institut d\u2019\u00e9tudes politiques d\u2019Aix-en-Provence, septembre 2003.<\/p>\n<p style=\"text-align: justify\">Nootens, Genevi\u00e8ve, \u00ab\u00a0Territorialit\u00e9, extraterritorialit\u00e9, trans-nationalit\u00e9\u00a0: une d\u00e9fense de l\u2019autonomie personnelle est-elle encore possible?\u00a0\u00bb, colloque de la soci\u00e9t\u00e9 de philosophie du Qu\u00e9bec, ACFAS, Qu\u00e9bec, mai 2002.<\/p>\n<p style=\"text-align: justify\">Nootens, Genevi\u00e8ve, \u00ab\u00a0Politique et territorialit\u00e9\u00a0: de nouvelles perspectives\u00a0\u00bb, colloque de la soci\u00e9t\u00e9 qu\u00e9b\u00e9coise de science politique, ACFAS, Sherbrooke, mais 2001.<\/p>\n<p style=\"text-align: justify\">Nootens, Genevi\u00e8ve, \u00ab\u00a0L\u2019identit\u00e9 postnationale\u00a0: itin\u00e9raire(s) de la citoyennet\u00e9 dans la modernit\u00e9 avanc\u00e9e\u00a0\u00bb, colloque de la soci\u00e9t\u00e9 qu\u00e9b\u00e9coise de science politique, ACFAS, Ottawa, mai 1999.<\/p>\n<p style=\"text-align: justify\">Nootens, Genevi\u00e8ve, \u00ab\u00a0Public Reason and Moral Beliefs\u00a0: The Moral Life of Liberal Citizens\u00a0\u00bb, congr\u00e8s de l\u2019Association canadienne de science politique, Universit\u00e9 Brock, juin 1996.<\/p>\n<p style=\"text-align: justify\">Nootens, Genevi\u00e8ve, \u00ab\u00a0Th\u00e9orie morale et stabilit\u00e9 chez Rawls\u00a0: le r\u00f4le conceptuel de la notion de raisonnable\u00a0\u00bb, congr\u00e8s de l\u2019Association canadienne de science politique, Montr\u00e9al, juin 1995.<\/p>\n","protected":false},"excerpt":{"rendered":"<p>Pr\u00e9sentations comme conf\u00e9renci\u00e8re invit\u00e9e Nootens, Genevi\u00e8ve, \u00ab\u00a0Popular Sovereignty, Political Contention, and the Boundaries of Democracy\u00a0\u00bb, conf\u00e9rence Civic Freedom on an Age of Diversity, Montr\u00e9al, 24-26 avril 2014. Nootens, Genevi\u00e8ve, \u00ab\u00a0Autonomie et confiance\u00a0\u00bb, colloque La dynamique confiance\/m\u00e9fiance dans les soci\u00e9t\u00e9s plurinationales, Montr\u00e9al, 4-6 novembre 2010. Nootens, Genevi\u00e8ve, \u00ab\u00a0D\u00e9mocratie, justice et mondialisation\u00a0\u00bb, CRIDAQ-Laval, 26 mars 2010. Nootens, &hellip; <a href=\"https:\/\/portfolio.uqac.ca\/genevievenootens\/communications\/\" class=\"more-link\">Continuer la lecture de <span class=\"screen-reader-text\">Communications<\/span>  <span class=\"meta-nav\">&rarr;<\/span><\/a><\/p>\n","protected":false},"author":37,"featured_media":0,"parent":0,"menu_order":0,"comment_status":"closed","ping_status":"closed","template":"","meta":{"footnotes":""},"tags":[],"_links":{"self":[{"href":"https:\/\/portfolio.uqac.ca\/genevievenootens\/wp-json\/wp\/v2\/pages\/25"}],"collection":[{"href":"https:\/\/portfolio.uqac.ca\/genevievenootens\/wp-json\/wp\/v2\/pages"}],"about":[{"href":"https:\/\/portfolio.uqac.ca\/genevievenootens\/wp-json\/wp\/v2\/types\/page"}],"author":[{"embeddable":true,"href":"https:\/\/portfolio.uqac.ca\/genevievenootens\/wp-json\/wp\/v2\/users\/37"}],"replies":[{"embeddable":true,"href":"https:\/\/portfolio.uqac.ca\/genevievenootens\/wp-json\/wp\/v2\/comments?post=25"}],"version-history":[{"count":14,"href":"https:\/\/portfolio.uqac.ca\/genevievenootens\/wp-json\/wp\/v2\/pages\/25\/revisions"}],"predecessor-version":[{"id":114,"href":"https:\/\/portfolio.uqac.ca\/genevievenootens\/wp-json\/wp\/v2\/pages\/25\/revisions\/114"}],"wp:attachment":[{"href":"https:\/\/portfolio.uqac.ca\/genevievenootens\/wp-json\/wp\/v2\/media?parent=25"}],"wp:term":[{"taxonomy":"post_tag","embeddable":true,"href":"https:\/\/portfolio.uqac.ca\/genevievenootens\/wp-json\/wp\/v2\/tags?post=25"}],"curies":[{"name":"wp","href":"https:\/\/api.w.org\/{rel}","templated":true}]}}