{"id":4,"date":"2012-07-23T17:46:31","date_gmt":"2012-07-23T17:46:31","guid":{"rendered":"http:\/\/portfolio-pre.uqac.ca\/gabarit\/?page_id=4"},"modified":"2021-11-17T15:11:05","modified_gmt":"2021-11-17T20:11:05","slug":"presentatio","status":"publish","type":"page","link":"https:\/\/portfolio.uqac.ca\/genevievenootens\/","title":{"rendered":"Pr\u00e9sentation"},"content":{"rendered":"<h2>Genevi\u00e8ve Nootens<\/h2>\n<p>Professeure en <a title=\"Programmes science politique UQAC\" href=\"https:\/\/www.uqac.ca\/sc-humaines\/programmes-2\/baccalaureat-en-science-politique\/\">science politique<\/a> au D\u00e9partement des sciences humaines et sociales<\/p>\n<h6><a href=\"https:\/\/portfolio.uqac.ca\/genevievenootens\/files\/2012\/07\/cv-site-web-uqac-Genevi\u00e8ve-Nootens.pdf\">Curriculum vitae Genevi\u00e8ve Nootens<\/a><\/h6>\n","protected":false},"excerpt":{"rendered":"<p>Genevi\u00e8ve Nootens Professeure en science politique au D\u00e9partement des sciences humaines et sociales Curriculum vitae Genevi\u00e8ve Nootens<\/p>\n","protected":false},"author":37,"featured_media":0,"parent":0,"menu_order":0,"comment_status":"closed","ping_status":"closed","template":"","meta":{"footnotes":""},"tags":[],"_links":{"self":[{"href":"https:\/\/portfolio.uqac.ca\/genevievenootens\/wp-json\/wp\/v2\/pages\/4"}],"collection":[{"href":"https:\/\/portfolio.uqac.ca\/genevievenootens\/wp-json\/wp\/v2\/pages"}],"about":[{"href":"https:\/\/portfolio.uqac.ca\/genevievenootens\/wp-json\/wp\/v2\/types\/page"}],"author":[{"embeddable":true,"href":"https:\/\/portfolio.uqac.ca\/genevievenootens\/wp-json\/wp\/v2\/users\/37"}],"replies":[{"embeddable":true,"href":"https:\/\/portfolio.uqac.ca\/genevievenootens\/wp-json\/wp\/v2\/comments?post=4"}],"version-history":[{"count":20,"href":"https:\/\/portfolio.uqac.ca\/genevievenootens\/wp-json\/wp\/v2\/pages\/4\/revisions"}],"predecessor-version":[{"id":167,"href":"https:\/\/portfolio.uqac.ca\/genevievenootens\/wp-json\/wp\/v2\/pages\/4\/revisions\/167"}],"wp:attachment":[{"href":"https:\/\/portfolio.uqac.ca\/genevievenootens\/wp-json\/wp\/v2\/media?parent=4"}],"wp:term":[{"taxonomy":"post_tag","embeddable":true,"href":"https:\/\/portfolio.uqac.ca\/genevievenootens\/wp-json\/wp\/v2\/tags?post=4"}],"curies":[{"name":"wp","href":"https:\/\/api.w.org\/{rel}","templated":true}]}}