{"id":25,"date":"2022-05-20T08:54:01","date_gmt":"2022-05-20T12:54:01","guid":{"rendered":"http:\/\/portfolio-pre.uqac.ca\/gabarit\/?page_id=25"},"modified":"2023-06-06T15:47:23","modified_gmt":"2023-06-06T19:47:23","slug":"communications","status":"publish","type":"page","link":"https:\/\/portfolio.uqac.ca\/genevievetache\/communications\/","title":{"rendered":"Communications"},"content":{"rendered":"<h5>Communications (orale)<\/h5>\n<p>Labb\u00e9e Dominique, Robitaille Karine &amp; Tach\u00e9 Genevi\u00e8ve (2023). Potentialiser l\u2019engagement et la mobilisation des \u00e9tudiants en simulation afin d\u2019assurer des apprentissages optimaux. Pr\u00e9sentation au colloque SIMS. Jolliette, Qc<\/p>\n<p>Tach\u00e9 Genevi\u00e8ve (2014). Exploration du v\u00e9cu des patients en attente de transplantation vivant \u00e0 l\u2019ext\u00e9rieur des grands centres de la province de Qu\u00e9bec. Colloque en sciences infirmi\u00e8res de l\u2019UQAC. H\u00f4tel Delta de Jonqui\u00e8re<\/p>\n<p>Tach\u00e9 Genevi\u00e8ve (2013). Exploration du v\u00e9cu des patients en attente de transplantation vivant \u00e0 l\u2019ext\u00e9rieur des grands centres de la province de Qu\u00e9bec, la recension des \u00e9crits. Colloque en sciences infirmi\u00e8res de l\u2019UQAC. H\u00f4tel Delta de Jonqui\u00e8re<\/p>\n","protected":false},"excerpt":{"rendered":"<p>Communications (orale) Labb\u00e9e Dominique, Robitaille Karine &amp; Tach\u00e9 Genevi\u00e8ve (2023). Potentialiser l\u2019engagement et la mobilisation des \u00e9tudiants en simulation afin d\u2019assurer des apprentissages optimaux. Pr\u00e9sentation au colloque SIMS. Jolliette, Qc Tach\u00e9 Genevi\u00e8ve (2014). Exploration du v\u00e9cu des patients en attente de transplantation vivant \u00e0 l\u2019ext\u00e9rieur des grands centres de la province de Qu\u00e9bec. Colloque en &hellip; <a href=\"https:\/\/portfolio.uqac.ca\/genevievetache\/communications\/\" class=\"more-link\">Continuer la lecture de <span class=\"screen-reader-text\">Communications<\/span>  <span class=\"meta-nav\">&rarr;<\/span><\/a><\/p>\n","protected":false},"author":343,"featured_media":0,"parent":0,"menu_order":0,"comment_status":"closed","ping_status":"closed","template":"","meta":{"footnotes":""},"tags":[],"_links":{"self":[{"href":"https:\/\/portfolio.uqac.ca\/genevievetache\/wp-json\/wp\/v2\/pages\/25"}],"collection":[{"href":"https:\/\/portfolio.uqac.ca\/genevievetache\/wp-json\/wp\/v2\/pages"}],"about":[{"href":"https:\/\/portfolio.uqac.ca\/genevievetache\/wp-json\/wp\/v2\/types\/page"}],"author":[{"embeddable":true,"href":"https:\/\/portfolio.uqac.ca\/genevievetache\/wp-json\/wp\/v2\/users\/343"}],"replies":[{"embeddable":true,"href":"https:\/\/portfolio.uqac.ca\/genevievetache\/wp-json\/wp\/v2\/comments?post=25"}],"version-history":[{"count":7,"href":"https:\/\/portfolio.uqac.ca\/genevievetache\/wp-json\/wp\/v2\/pages\/25\/revisions"}],"predecessor-version":[{"id":188,"href":"https:\/\/portfolio.uqac.ca\/genevievetache\/wp-json\/wp\/v2\/pages\/25\/revisions\/188"}],"wp:attachment":[{"href":"https:\/\/portfolio.uqac.ca\/genevievetache\/wp-json\/wp\/v2\/media?parent=25"}],"wp:term":[{"taxonomy":"post_tag","embeddable":true,"href":"https:\/\/portfolio.uqac.ca\/genevievetache\/wp-json\/wp\/v2\/tags?post=25"}],"curies":[{"name":"wp","href":"https:\/\/api.w.org\/{rel}","templated":true}]}}