{"id":46,"date":"2012-07-24T14:17:13","date_gmt":"2012-07-24T14:17:13","guid":{"rendered":"http:\/\/portfolio-pre.uqac.ca\/gabarit\/?page_id=46"},"modified":"2017-05-15T13:57:46","modified_gmt":"2017-05-15T17:57:46","slug":"recherche","status":"publish","type":"page","link":"https:\/\/portfolio.uqac.ca\/gerardbouchard\/recherche\/","title":{"rendered":"Chaire de recherche"},"content":{"rendered":"<h2>Description<\/h2>\n<p align=\"left\">L\u2019objectif de cette chaire est d\u2019\u00e9tudier dans une perspective compar\u00e9e la dynamique des imaginaires collectifs : comment ils se forment, comment ils sont structur\u00e9s, comment ils se transforment au fil du temps et comment ils sont aliment\u00e9s par les mythes. Par cette notion d\u2019imaginaire collectif, je d\u00e9signe l\u2019ensemble des rep\u00e8res symboliques \u00e0 l\u2019aide desquels une collectivit\u00e9 s\u2019inscrit dans l\u2019espace et dans le temps. Ce processus d\u2019inscription comporte la mise en \u0153uvre de six types de rapport :<\/p>\n<ul type=\"disc\">\n<li>Un rapport \u00e0 l\u2019espace, d\u2019o\u00f9 r\u00e9sulte une territorialit\u00e9, un habitat<\/li>\n<li>Un rapport \u00e0 soi et aux autres, d\u2019o\u00f9 r\u00e9sulte une identit\u00e9<\/li>\n<li>Un rapport au pass\u00e9, qui s\u2019exprime dans une m\u00e9moire<\/li>\n<li>Un rapport \u00e0 l\u2019avenir, qui s\u2019exprime dans des utopies ou dystopies de prestige premi\u00e8res<\/li>\n<li>Un rapport au social, d\u2019o\u00f9 d\u00e9coule un statut dans une hi\u00e9rarchie<\/li>\n<li>Un rapport \u00e0 la vie et \u00e0 l\u2019univers, qui instaure un r\u00e9seau de significations<\/li>\n<\/ul>\n<p align=\"left\">La programmation de recherche \u0153uvre sur deux grandes directions, toutes deux accordant une place centrale aux mythes\u00a0:<\/p>\n<p>1. Au sein des imaginaires collectifs, je m\u2019int\u00e9resse tout particuli\u00e8rement aux pratiques (strat\u00e9gies, proc\u00e9d\u00e9s) discursives qui entrent dans la construction de la pens\u00e9e. Celle-ci est d\u00e9finie comme un alliage de raison et de mythe. Au d\u00e9part de toute entreprise d\u2019\u00e9nonciation, la raison est confront\u00e9e \u00e0 la contradiction. Elle parvient \u00e0 la surmonter ou \u00e0 la contourner en faisant intervenir des mythes. Cette op\u00e9ration n\u2019est pas toujours r\u00e9ussie, d\u2019o\u00f9 une diversit\u00e9 de sc\u00e9narios ou de situations qui se pr\u00eatent \u00e0 l\u2019\u00e9laboration de typologies.<\/p>\n<p>Cet arri\u00e8re-plan analytique ouvre, comme on le devine, sur des perspectives tr\u00e8s larges et sur plusieurs directions de recherche. Je m\u2019int\u00e9resse aux pratiques discursives \u00e0 diverses p\u00e9riodes et dans diverses cultures, au sein desquelles j\u2019essaie de d\u00e9celer des similitudes, des r\u00e9currences, sinon une sorte de grammaire. Je m\u2019int\u00e9resse tout autant aux mythes mobilis\u00e9s par les discours ainsi qu\u2019aux conditions de leur efficacit\u00e9. Enfin, je porte attention aux coordonn\u00e9es et aux r\u00e9percussions sociales des imaginaires collectifs, ce qui pose la question g\u00e9n\u00e9rale de l\u2019articulation du culturel et du social. Les recherches recouvrent donc divers domaines disciplinaires (ethnologie, sociologie, philosophie, th\u00e9ologie, histoire, litt\u00e9rature\u2026) et elles font appel \u00e0 un ample mat\u00e9riau relevant de chacune de ces disciplines.<\/p>\n<p>Parmi les questions principales qui orientent pr\u00e9sentement mes travaux, je mentionne, \u00e0 titre d\u2019illustration : Comment rendre compte de la pr\u00e9dominance et de la perp\u00e9tuation des structures de pens\u00e9e dans une soci\u00e9t\u00e9 donn\u00e9e \u00e0 un moment ou l\u2019autre de son histoire? Quels facteurs (internes, externes) expliquent les transformations qui surviennent dans les structures des imaginaires collectifs? Quelles sont les diff\u00e9rentes formes d\u2019alliance que la raison en vient \u00e0 contracter avec le mythe? Comment le mythe prend-il place dans un imaginaire? Comment op\u00e8re le changement dans un imaginaire collectif? Parmi les mouvements qu\u2019on y observe, comment reconna\u00eetre ceux qui rel\u00e8vent de l\u2019adaptation, de la transition, de la crise? Les cultures des soci\u00e9t\u00e9s occidentales sont-elles pr\u00e9sentement en crise?<\/p>\n<p>2. La deuxi\u00e8me direction met en \u0153uvre une approche sociale des mythes, en tant que m\u00e9canisme sociologique universel. Elle s&#8217;organise autour de l&#8217;id\u00e9e que les mythes sont cr\u00e9\u00e9s dans des contextes particuliers par des acteurs sociaux qui s&#8217;en servent pour promouvoir leur agenda, d&#8217;o\u00f9 l&#8217;importance du rapport aux pouvoirs.<\/p>\n<p align=\"left\">Une question centrale commande mes analyses: comment un symbole ou une id\u00e9e quelconque en vient-elle \u00e0 acqu\u00e9rir une grande efficacit\u00e9 sociale et \u00e0 exercer un pouvoir qui lui permet soit de provoquer, soit de pr\u00e9venir un changement social? Cette question ouvre sur un large \u00e9ventail de sous-questions, par exemple:<\/p>\n<ul>\n<li>Qu&#8217;est-ce qui permet aux soci\u00e9t\u00e9s de se mobiliser autour d&#8217;objectifs ou de finalit\u00e9s sp\u00e9cifiques?<\/li>\n<li>Ou de colmater des divisions, de g\u00e9rer efficacement leurs tensions et leurs conflits?<\/li>\n<li>Ou encore : qu&#8217;est-ce qui donne aux soci\u00e9t\u00e9s le moyen de se regrouper et de r\u00e9agir \u00e9nergiquement apr\u00e8s une crise, apr\u00e8s un traumatisme<\/li>\n<\/ul>\n<p>D&#8217;une fa\u00e7on ou d&#8217;une autre, toutes ces questions entretiennent un rapport avec la culture -et plus sp\u00e9cifiquement avec les fondements symboliques d&#8217;une soci\u00e9t\u00e9, lesquels sont constitu\u00e9s principalement de mythes.<\/p>\n<p>Les mythes nationaux sont l&#8217;une des figures vis\u00e9es par cette approche qui s&#8217;ouvre cependant \u00e0 l&#8217;ensemble des mythes des collectivit\u00e9s humaines.<\/p>\n<h2>Projets<\/h2>\n<ol start=\"1\" type=\"1\">\n<li><strong>Recherches th\u00e9oriques sur la structure et le fonctionnement des imaginaires collectifs, avec un accent sur les mythes<br \/>\n<\/strong>La place du mythe au sein des imaginaires collectifs.<\/li>\n<li><strong>\u00c9tude comparative des mythes nationaux<br \/>\n<\/strong>O\u00f9 en sont les mythes nationaux\u00a0? Sont-ils encore utiles\u00a0? Quels r\u00f4les remplissent-ils\u00a0? Y-a-t-il un avenir pour les mythes nationaux dans une \u00e8re postmoderne\u00a0?<\/li>\n<li><strong>La R\u00e9volution tranquille au Qu\u00e9bec dans les ann\u00e9es 60<br \/>\n<\/strong>Suivant une perspective culturelle, analyse des changements qui se sont impos\u00e9s et de ceux qui sont rest\u00e9s dans l\u2019ombre. La R\u00e9volution tranquille\u00a0: un \u00e9pisode de changement radical ou une entreprise inachev\u00e9e\u00a0?<\/li>\n<li><strong>Les mythes de l\u2019Union europ\u00e9enne<br \/>\n<\/strong>L\u2019Europe souffre-t-elle d\u2019un exc\u00e8s ou d\u2019un d\u00e9ficit de mythes\u00a0?<\/li>\n<\/ol>\n<h2>Bibliographie<\/h2>\n<p><a href=\"https:\/\/portfolio.uqac.ca\/gerardbouchard\/files\/2012\/07\/pdf.gif\"><img loading=\"lazy\" decoding=\"async\" class=\"alignnone size-full wp-image-111\" src=\"https:\/\/portfolio.uqac.ca\/gerardbouchard\/files\/2012\/07\/pdf.gif\" alt=\"\" width=\"32\" height=\"32\" \/><\/a> <a href=\"https:\/\/portfolio.uqac.ca\/gerardbouchard\/files\/2012\/07\/biblio_chaire.pdf\">Bibliographie<\/a><\/p>\n","protected":false},"excerpt":{"rendered":"<p>Description L\u2019objectif de cette chaire est d\u2019\u00e9tudier dans une perspective compar\u00e9e la dynamique des imaginaires collectifs : comment ils se forment, comment ils sont structur\u00e9s, comment ils se transforment au fil du temps et comment ils sont aliment\u00e9s par les mythes. Par cette notion d\u2019imaginaire collectif, je d\u00e9signe l\u2019ensemble des rep\u00e8res symboliques \u00e0 l\u2019aide desquels &hellip; <a href=\"https:\/\/portfolio.uqac.ca\/gerardbouchard\/recherche\/\" class=\"more-link\">Continuer la lecture de <span class=\"screen-reader-text\">Chaire de recherche<\/span>  <span class=\"meta-nav\">&rarr;<\/span><\/a><\/p>\n","protected":false},"author":17,"featured_media":0,"parent":0,"menu_order":0,"comment_status":"closed","ping_status":"closed","template":"","meta":{"footnotes":""},"tags":[],"_links":{"self":[{"href":"https:\/\/portfolio.uqac.ca\/gerardbouchard\/wp-json\/wp\/v2\/pages\/46"}],"collection":[{"href":"https:\/\/portfolio.uqac.ca\/gerardbouchard\/wp-json\/wp\/v2\/pages"}],"about":[{"href":"https:\/\/portfolio.uqac.ca\/gerardbouchard\/wp-json\/wp\/v2\/types\/page"}],"author":[{"embeddable":true,"href":"https:\/\/portfolio.uqac.ca\/gerardbouchard\/wp-json\/wp\/v2\/users\/17"}],"replies":[{"embeddable":true,"href":"https:\/\/portfolio.uqac.ca\/gerardbouchard\/wp-json\/wp\/v2\/comments?post=46"}],"version-history":[{"count":53,"href":"https:\/\/portfolio.uqac.ca\/gerardbouchard\/wp-json\/wp\/v2\/pages\/46\/revisions"}],"predecessor-version":[{"id":387,"href":"https:\/\/portfolio.uqac.ca\/gerardbouchard\/wp-json\/wp\/v2\/pages\/46\/revisions\/387"}],"wp:attachment":[{"href":"https:\/\/portfolio.uqac.ca\/gerardbouchard\/wp-json\/wp\/v2\/media?parent=46"}],"wp:term":[{"taxonomy":"post_tag","embeddable":true,"href":"https:\/\/portfolio.uqac.ca\/gerardbouchard\/wp-json\/wp\/v2\/tags?post=46"}],"curies":[{"name":"wp","href":"https:\/\/api.w.org\/{rel}","templated":true}]}}