{"id":141,"date":"2015-05-05T13:56:00","date_gmt":"2015-05-05T17:56:00","guid":{"rendered":"http:\/\/portfolio-pre.uqac.ca\/gerardboucharden\/?page_id=141"},"modified":"2015-05-05T14:20:27","modified_gmt":"2015-05-05T18:20:27","slug":"recent-publications","status":"publish","type":"page","link":"https:\/\/portfolio.uqac.ca\/gerardboucharden\/recent-publications\/","title":{"rendered":"Recent Publications"},"content":{"rendered":"<p><a title=\"L'interculturalisme\" href=\"https:\/\/www.editionsboreal.qc.ca\/catalogue\/livres\/interculturalisme-2156.html\" target=\"_blank\"><em>L&#8217;interculturalisme &#8211; Un point de vue qu\u00e9b\u00e9cois<\/em><\/a> (2012)<\/p>\n<p><a title=\"National Myths\" href=\"https:\/\/www.routledge.com\/books\/details\/9780415631129\/\" target=\"_blank\"><em>National Myths &#8211; Constructed Pasts, Contested Pr\u00e9sents<\/em><\/a>\u00a0(2013)<\/p>\n<p><a title=\"Raison et d\u00e9raison du mythe\" href=\"https:\/\/www.editionsboreal.qc.ca\/catalogue\/livres\/raison-deraison-mythe-2401.html\" target=\"_blank\"><em>Raison et d\u00e9raison du mythe &#8211; Au c\u0153ur des imaginaires collectifs<\/em><\/a>\u00a0(2014)<\/p>\n<p><a title=\"Interculturalism\" href=\"https:\/\/www.utppublishing.com\/Interculturalism-A-View-from-Quebec.html\" target=\"_blank\"><em>Interculturalism &#8211; A View from Qu\u00e9bec<\/em><\/a> (2015) [English translation of <em>L&#8217;interculturalisme &#8211; Un point de vue qu\u00e9b\u00e9cois<\/em>]<\/p>\n","protected":false},"excerpt":{"rendered":"<p>L&#8217;interculturalisme &#8211; Un point de vue qu\u00e9b\u00e9cois (2012) National Myths &#8211; Constructed Pasts, Contested Pr\u00e9sents\u00a0(2013) Raison et d\u00e9raison du mythe &#8211; Au c\u0153ur des imaginaires collectifs\u00a0(2014) Interculturalism &#8211; A View from Qu\u00e9bec (2015) [English translation of L&#8217;interculturalisme &#8211; Un point de vue qu\u00e9b\u00e9cois]<\/p>\n","protected":false},"author":17,"featured_media":0,"parent":0,"menu_order":0,"comment_status":"closed","ping_status":"open","template":"","meta":{"footnotes":""},"tags":[],"_links":{"self":[{"href":"https:\/\/portfolio.uqac.ca\/gerardboucharden\/wp-json\/wp\/v2\/pages\/141"}],"collection":[{"href":"https:\/\/portfolio.uqac.ca\/gerardboucharden\/wp-json\/wp\/v2\/pages"}],"about":[{"href":"https:\/\/portfolio.uqac.ca\/gerardboucharden\/wp-json\/wp\/v2\/types\/page"}],"author":[{"embeddable":true,"href":"https:\/\/portfolio.uqac.ca\/gerardboucharden\/wp-json\/wp\/v2\/users\/17"}],"replies":[{"embeddable":true,"href":"https:\/\/portfolio.uqac.ca\/gerardboucharden\/wp-json\/wp\/v2\/comments?post=141"}],"version-history":[{"count":5,"href":"https:\/\/portfolio.uqac.ca\/gerardboucharden\/wp-json\/wp\/v2\/pages\/141\/revisions"}],"predecessor-version":[{"id":149,"href":"https:\/\/portfolio.uqac.ca\/gerardboucharden\/wp-json\/wp\/v2\/pages\/141\/revisions\/149"}],"wp:attachment":[{"href":"https:\/\/portfolio.uqac.ca\/gerardboucharden\/wp-json\/wp\/v2\/media?parent=141"}],"wp:term":[{"taxonomy":"post_tag","embeddable":true,"href":"https:\/\/portfolio.uqac.ca\/gerardboucharden\/wp-json\/wp\/v2\/tags?post=141"}],"curies":[{"name":"wp","href":"https:\/\/api.w.org\/{rel}","templated":true}]}}