{"id":27,"date":"2019-05-09T15:51:35","date_gmt":"2019-05-09T19:51:35","guid":{"rendered":"http:\/\/portfolio-pre.uqac.ca\/gabarit\/?page_id=27"},"modified":"2020-01-06T15:00:38","modified_gmt":"2020-01-06T20:00:38","slug":"curriculum-vitae","status":"publish","type":"page","link":"https:\/\/portfolio.uqac.ca\/gillesimbeau\/curriculum-vitae\/","title":{"rendered":"Curriculum vitae"},"content":{"rendered":"<h2><strong>Dipl\u00f4mes<\/strong><\/h2>\n<ul>\n<li style=\"text-align: left;\">Doctorat en informatique (Ph.D.) <a href=\"https:\/\/portfolio.uqac.ca\/gillesimbeau\/files\/2019\/05\/250px-Universite_de_Montreal_logo_svg.png\"><img loading=\"lazy\" decoding=\"async\" class=\"wp-image-201 size-full alignnone\" src=\"https:\/\/portfolio.uqac.ca\/gillesimbeau\/files\/2019\/05\/250px-Universite_de_Montreal_logo_svg-e1578330035486.png\" width=\"150\" height=\"61\" \/><\/a><\/li>\n<li>Ma\u00eetrise en informatique (M.Sc.) <a href=\"https:\/\/portfolio.uqac.ca\/gillesimbeau\/files\/2019\/05\/250px-Universite_de_Montreal_logo_svg-e1578330035486.png\"><img loading=\"lazy\" decoding=\"async\" class=\"alignnone size-full wp-image-201\" src=\"https:\/\/portfolio.uqac.ca\/gillesimbeau\/files\/2019\/05\/250px-Universite_de_Montreal_logo_svg-e1578330035486.png\" alt=\"\" width=\"150\" height=\"61\" \/><\/a><\/li>\n<li>Baccalaur\u00e9at en informatique (B.Sc.)\u00a0<a href=\"https:\/\/portfolio.uqac.ca\/gillesimbeau\/files\/2019\/05\/UQAC_Logo.png\"><img loading=\"lazy\" decoding=\"async\" class=\"alignnone wp-image-208 size-medium\" src=\"https:\/\/portfolio.uqac.ca\/gillesimbeau\/files\/2019\/05\/UQAC_Logo-300x94.png\" width=\"150\" height=\"47\" \/><\/a><strong><strong><br \/>\n<\/strong><\/strong><\/li>\n<\/ul>\n","protected":false},"excerpt":{"rendered":"<p>Dipl\u00f4mes Doctorat en informatique (Ph.D.) Ma\u00eetrise en informatique (M.Sc.) Baccalaur\u00e9at en informatique (B.Sc.)\u00a0<\/p>\n","protected":false},"author":89,"featured_media":0,"parent":0,"menu_order":0,"comment_status":"closed","ping_status":"closed","template":"","meta":{"footnotes":""},"tags":[],"_links":{"self":[{"href":"https:\/\/portfolio.uqac.ca\/gillesimbeau\/wp-json\/wp\/v2\/pages\/27"}],"collection":[{"href":"https:\/\/portfolio.uqac.ca\/gillesimbeau\/wp-json\/wp\/v2\/pages"}],"about":[{"href":"https:\/\/portfolio.uqac.ca\/gillesimbeau\/wp-json\/wp\/v2\/types\/page"}],"author":[{"embeddable":true,"href":"https:\/\/portfolio.uqac.ca\/gillesimbeau\/wp-json\/wp\/v2\/users\/89"}],"replies":[{"embeddable":true,"href":"https:\/\/portfolio.uqac.ca\/gillesimbeau\/wp-json\/wp\/v2\/comments?post=27"}],"version-history":[{"count":12,"href":"https:\/\/portfolio.uqac.ca\/gillesimbeau\/wp-json\/wp\/v2\/pages\/27\/revisions"}],"predecessor-version":[{"id":209,"href":"https:\/\/portfolio.uqac.ca\/gillesimbeau\/wp-json\/wp\/v2\/pages\/27\/revisions\/209"}],"wp:attachment":[{"href":"https:\/\/portfolio.uqac.ca\/gillesimbeau\/wp-json\/wp\/v2\/media?parent=27"}],"wp:term":[{"taxonomy":"post_tag","embeddable":true,"href":"https:\/\/portfolio.uqac.ca\/gillesimbeau\/wp-json\/wp\/v2\/tags?post=27"}],"curies":[{"name":"wp","href":"https:\/\/api.w.org\/{rel}","templated":true}]}}