{"id":20,"date":"2017-03-17T15:47:34","date_gmt":"2017-03-17T19:47:34","guid":{"rendered":"http:\/\/portfolio-pre.uqac.ca\/gabarit\/?page_id=20"},"modified":"2017-12-27T15:29:56","modified_gmt":"2017-12-27T20:29:56","slug":"publications","status":"publish","type":"page","link":"https:\/\/portfolio.uqac.ca\/guylaineduval\/publications\/","title":{"rendered":"Publications"},"content":{"rendered":"<h4>R\u00e9daction de missions int\u00e9gr\u00e9es \u2013 ouvrage collectif<\/h4>\n<ul>\n<li>Bois de Veine pour le compte de l\u2019Ordre des CPA du Qu\u00e9bec<\/li>\n<li>Pulpes et Papier Plus pour le compte de l\u2019Ordre des CPA du Qu\u00e9bec<\/li>\n<\/ul>\n<p>D\u00e9veloppement de cas pour examen du Jour 2 pour le site du Programme de formation professionnelle de l\u2019Ordre des CPA du Qu\u00e9bec<\/p>\n<ul>\n<li>Meunerie Dumay inc.<\/li>\n<li>Kinfolk<\/li>\n<li>LSB importations<\/li>\n<li>Machinerie Dubois<\/li>\n<li>Pub et Rabais<\/li>\n<\/ul>\n","protected":false},"excerpt":{"rendered":"<p>R\u00e9daction de missions int\u00e9gr\u00e9es \u2013 ouvrage collectif Bois de Veine pour le compte de l\u2019Ordre des CPA du Qu\u00e9bec Pulpes et Papier Plus pour le compte de l\u2019Ordre des CPA du Qu\u00e9bec D\u00e9veloppement de cas pour examen du Jour 2 pour le site du Programme de formation professionnelle de l\u2019Ordre des CPA du Qu\u00e9bec Meunerie &hellip; <a href=\"https:\/\/portfolio.uqac.ca\/guylaineduval\/publications\/\" class=\"more-link\">Continuer la lecture de <span class=\"screen-reader-text\">Publications<\/span>  <span class=\"meta-nav\">&rarr;<\/span><\/a><\/p>\n","protected":false},"author":89,"featured_media":0,"parent":0,"menu_order":0,"comment_status":"closed","ping_status":"closed","template":"","meta":{"footnotes":""},"tags":[],"_links":{"self":[{"href":"https:\/\/portfolio.uqac.ca\/guylaineduval\/wp-json\/wp\/v2\/pages\/20"}],"collection":[{"href":"https:\/\/portfolio.uqac.ca\/guylaineduval\/wp-json\/wp\/v2\/pages"}],"about":[{"href":"https:\/\/portfolio.uqac.ca\/guylaineduval\/wp-json\/wp\/v2\/types\/page"}],"author":[{"embeddable":true,"href":"https:\/\/portfolio.uqac.ca\/guylaineduval\/wp-json\/wp\/v2\/users\/89"}],"replies":[{"embeddable":true,"href":"https:\/\/portfolio.uqac.ca\/guylaineduval\/wp-json\/wp\/v2\/comments?post=20"}],"version-history":[{"count":30,"href":"https:\/\/portfolio.uqac.ca\/guylaineduval\/wp-json\/wp\/v2\/pages\/20\/revisions"}],"predecessor-version":[{"id":131,"href":"https:\/\/portfolio.uqac.ca\/guylaineduval\/wp-json\/wp\/v2\/pages\/20\/revisions\/131"}],"wp:attachment":[{"href":"https:\/\/portfolio.uqac.ca\/guylaineduval\/wp-json\/wp\/v2\/media?parent=20"}],"wp:term":[{"taxonomy":"post_tag","embeddable":true,"href":"https:\/\/portfolio.uqac.ca\/guylaineduval\/wp-json\/wp\/v2\/tags?post=20"}],"curies":[{"name":"wp","href":"https:\/\/api.w.org\/{rel}","templated":true}]}}