{"id":27,"date":"2017-03-17T15:47:34","date_gmt":"2017-03-17T19:47:34","guid":{"rendered":"http:\/\/portfolio-pre.uqac.ca\/gabarit\/?page_id=27"},"modified":"2017-12-27T15:33:58","modified_gmt":"2017-12-27T20:33:58","slug":"curriculum-vitae","status":"publish","type":"page","link":"https:\/\/portfolio.uqac.ca\/guylaineduval\/curriculum-vitae\/","title":{"rendered":"Curriculum vitae"},"content":{"rendered":"<h2><strong>Dipl\u00f4mes<\/strong><\/h2>\n<ul>\n<li>Bac en administration des affaires<\/li>\n<li>Ma\u00eetrise en gestion des organisations \u2013 UQAC<\/li>\n<li>Comptable professionnel agr\u00e9\u00e9 (CPA)<\/li>\n<\/ul>\n<h2><strong><br \/>\nDistinctions et bourses<br \/>\n<\/strong><\/h2>\n<ul>\n<li>Titre de Fellow CPA<\/li>\n<li>Prix en enseignement de l\u2019Ordre des comptables agr\u00e9\u00e9s du Qu\u00e9bec (2011)<\/li>\n<\/ul>\n<h2><strong><br \/>\nAffiliations professionnelles<\/strong><\/h2>\n<ul>\n<li>Membre du comit\u00e9 de formation professionnelle de l\u2019Ordre des CPA du Qu\u00e9bec<\/li>\n<li>Membre du groupe technique en certification de l\u2019Ordre des CPA<\/li>\n<\/ul>\n<h2><strong><br \/>\nActivit\u00e9s<\/strong><\/h2>\n<p>Activit\u00e9 1.<\/p>\n<p>Activit\u00e9 2.<\/p>\n<p>Activit\u00e9\u00a03.<\/p>\n","protected":false},"excerpt":{"rendered":"<p>Dipl\u00f4mes Bac en administration des affaires Ma\u00eetrise en gestion des organisations \u2013 UQAC Comptable professionnel agr\u00e9\u00e9 (CPA) Distinctions et bourses Titre de Fellow CPA Prix en enseignement de l\u2019Ordre des comptables agr\u00e9\u00e9s du Qu\u00e9bec (2011) Affiliations professionnelles Membre du comit\u00e9 de formation professionnelle de l\u2019Ordre des CPA du Qu\u00e9bec Membre du groupe technique en certification &hellip; <a href=\"https:\/\/portfolio.uqac.ca\/guylaineduval\/curriculum-vitae\/\" class=\"more-link\">Continuer la lecture de <span class=\"screen-reader-text\">Curriculum vitae<\/span>  <span class=\"meta-nav\">&rarr;<\/span><\/a><\/p>\n","protected":false},"author":89,"featured_media":0,"parent":0,"menu_order":0,"comment_status":"closed","ping_status":"closed","template":"","meta":{"footnotes":""},"tags":[],"_links":{"self":[{"href":"https:\/\/portfolio.uqac.ca\/guylaineduval\/wp-json\/wp\/v2\/pages\/27"}],"collection":[{"href":"https:\/\/portfolio.uqac.ca\/guylaineduval\/wp-json\/wp\/v2\/pages"}],"about":[{"href":"https:\/\/portfolio.uqac.ca\/guylaineduval\/wp-json\/wp\/v2\/types\/page"}],"author":[{"embeddable":true,"href":"https:\/\/portfolio.uqac.ca\/guylaineduval\/wp-json\/wp\/v2\/users\/89"}],"replies":[{"embeddable":true,"href":"https:\/\/portfolio.uqac.ca\/guylaineduval\/wp-json\/wp\/v2\/comments?post=27"}],"version-history":[{"count":6,"href":"https:\/\/portfolio.uqac.ca\/guylaineduval\/wp-json\/wp\/v2\/pages\/27\/revisions"}],"predecessor-version":[{"id":133,"href":"https:\/\/portfolio.uqac.ca\/guylaineduval\/wp-json\/wp\/v2\/pages\/27\/revisions\/133"}],"wp:attachment":[{"href":"https:\/\/portfolio.uqac.ca\/guylaineduval\/wp-json\/wp\/v2\/media?parent=27"}],"wp:term":[{"taxonomy":"post_tag","embeddable":true,"href":"https:\/\/portfolio.uqac.ca\/guylaineduval\/wp-json\/wp\/v2\/tags?post=27"}],"curies":[{"name":"wp","href":"https:\/\/api.w.org\/{rel}","templated":true}]}}