{"id":4,"date":"2017-03-17T15:47:34","date_gmt":"2017-03-17T19:47:34","guid":{"rendered":"http:\/\/portfolio-pre.uqac.ca\/gabarit\/?page_id=4"},"modified":"2025-12-18T08:30:06","modified_gmt":"2025-12-18T13:30:06","slug":"presentatio","status":"publish","type":"page","link":"https:\/\/portfolio.uqac.ca\/guylaineduval\/","title":{"rendered":"Pr\u00e9sentation"},"content":{"rendered":"<h2>Guylaine DUVAL<\/h2>\n<p>Professeure, Msc, FCPA auditrice, FCA<\/p>\n<p>D\u00e9partement des Sciences \u00c9conomiques et Administratives<\/p>\n<h2>Champs d&#8217;int\u00e9r\u00eat<\/h2>\n<ul>\n<li>Audit et certification<\/li>\n<li>Gouvernance<\/li>\n<\/ul>\n","protected":false},"excerpt":{"rendered":"<p>Guylaine DUVAL Professeure, Msc, FCPA auditrice, FCA D\u00e9partement des Sciences \u00c9conomiques et Administratives Champs d&#8217;int\u00e9r\u00eat Audit et certification Gouvernance<\/p>\n","protected":false},"author":89,"featured_media":0,"parent":0,"menu_order":0,"comment_status":"closed","ping_status":"closed","template":"","meta":{"footnotes":""},"tags":[],"_links":{"self":[{"href":"https:\/\/portfolio.uqac.ca\/guylaineduval\/wp-json\/wp\/v2\/pages\/4"}],"collection":[{"href":"https:\/\/portfolio.uqac.ca\/guylaineduval\/wp-json\/wp\/v2\/pages"}],"about":[{"href":"https:\/\/portfolio.uqac.ca\/guylaineduval\/wp-json\/wp\/v2\/types\/page"}],"author":[{"embeddable":true,"href":"https:\/\/portfolio.uqac.ca\/guylaineduval\/wp-json\/wp\/v2\/users\/89"}],"replies":[{"embeddable":true,"href":"https:\/\/portfolio.uqac.ca\/guylaineduval\/wp-json\/wp\/v2\/comments?post=4"}],"version-history":[{"count":16,"href":"https:\/\/portfolio.uqac.ca\/guylaineduval\/wp-json\/wp\/v2\/pages\/4\/revisions"}],"predecessor-version":[{"id":142,"href":"https:\/\/portfolio.uqac.ca\/guylaineduval\/wp-json\/wp\/v2\/pages\/4\/revisions\/142"}],"wp:attachment":[{"href":"https:\/\/portfolio.uqac.ca\/guylaineduval\/wp-json\/wp\/v2\/media?parent=4"}],"wp:term":[{"taxonomy":"post_tag","embeddable":true,"href":"https:\/\/portfolio.uqac.ca\/guylaineduval\/wp-json\/wp\/v2\/tags?post=4"}],"curies":[{"name":"wp","href":"https:\/\/api.w.org\/{rel}","templated":true}]}}