{"id":18,"date":"2024-02-12T14:55:04","date_gmt":"2024-02-12T19:55:04","guid":{"rendered":"http:\/\/portfolio-pre.uqac.ca\/gabarit\/?page_id=18"},"modified":"2025-11-20T11:00:28","modified_gmt":"2025-11-20T16:00:28","slug":"enseignement","status":"publish","type":"page","link":"https:\/\/portfolio.uqac.ca\/hamdibenabdessalem\/enseignement\/","title":{"rendered":"Enseignement"},"content":{"rendered":"<h3>Cours magistraux<\/h3>\n<ul>\n<li><strong>8GIF185<\/strong> \u2013 R\u00e9alisation d&#8217;un jeu vid\u00e9o<\/li>\n<li><strong>8INF936<\/strong> \u2013 Atelier pratique en jeux vid\u00e9o I<\/li>\n<li><strong>8INF966<\/strong> \u2013 Atelier pratique en jeux vid\u00e9o II<\/li>\n<li><strong>8INF849<\/strong> \u2013 Interaction 3D et r\u00e9alit\u00e9 virtuelle<\/li>\n<li><strong>8IAR961<\/strong> \u2013 Intelligence artificielle pour le d\u00e9veloppement de jeux vid\u00e9o<\/li>\n<li><strong>8INF960<\/strong> \u2013 Principes de conception et de d\u00e9veloppement de jeux vid\u00e9o<\/li>\n<\/ul>\n<h3>Encadrement de stages et projets<\/h3>\n<ul>\n<li><strong>8INF859<\/strong> \u2013 Stage<\/li>\n<li><strong>8INF206<\/strong> \u2013 Projet<\/li>\n<li><strong>8INF309<\/strong> \u2013 Stage-projet I<\/li>\n<li><strong>8INF950<\/strong> \u2013 Sujets sp\u00e9ciaux<\/li>\n<li><strong>8INF978<\/strong> \u2013 Sujet sp\u00e9cial en jeux vid\u00e9o<\/li>\n<li><strong>8INF977<\/strong> \u2013 Sujet sp\u00e9cial en cybers\u00e9curit\u00e9<\/li>\n<li><strong>8GIF235<\/strong> \u2013 Atelier de production de jeux vid\u00e9o II<\/li>\n<li><strong>8INF976<\/strong> \u2013 Sujet sp\u00e9cial en intelligence artificielle<\/li>\n<\/ul>\n","protected":false},"excerpt":{"rendered":"<p>Cours magistraux 8GIF185 \u2013 R\u00e9alisation d&#8217;un jeu vid\u00e9o 8INF936 \u2013 Atelier pratique en jeux vid\u00e9o I 8INF966 \u2013 Atelier pratique en jeux vid\u00e9o II 8INF849 \u2013 Interaction 3D et r\u00e9alit\u00e9 virtuelle 8IAR961 \u2013 Intelligence artificielle pour le d\u00e9veloppement de jeux vid\u00e9o 8INF960 \u2013 Principes de conception et de d\u00e9veloppement de jeux vid\u00e9o Encadrement de stages &hellip; <a href=\"https:\/\/portfolio.uqac.ca\/hamdibenabdessalem\/enseignement\/\" class=\"more-link\">Continuer la lecture de <span class=\"screen-reader-text\">Enseignement<\/span>  <span class=\"meta-nav\">&rarr;<\/span><\/a><\/p>\n","protected":false},"author":89,"featured_media":0,"parent":0,"menu_order":0,"comment_status":"closed","ping_status":"closed","template":"","meta":{"footnotes":""},"tags":[],"_links":{"self":[{"href":"https:\/\/portfolio.uqac.ca\/hamdibenabdessalem\/wp-json\/wp\/v2\/pages\/18"}],"collection":[{"href":"https:\/\/portfolio.uqac.ca\/hamdibenabdessalem\/wp-json\/wp\/v2\/pages"}],"about":[{"href":"https:\/\/portfolio.uqac.ca\/hamdibenabdessalem\/wp-json\/wp\/v2\/types\/page"}],"author":[{"embeddable":true,"href":"https:\/\/portfolio.uqac.ca\/hamdibenabdessalem\/wp-json\/wp\/v2\/users\/89"}],"replies":[{"embeddable":true,"href":"https:\/\/portfolio.uqac.ca\/hamdibenabdessalem\/wp-json\/wp\/v2\/comments?post=18"}],"version-history":[{"count":5,"href":"https:\/\/portfolio.uqac.ca\/hamdibenabdessalem\/wp-json\/wp\/v2\/pages\/18\/revisions"}],"predecessor-version":[{"id":195,"href":"https:\/\/portfolio.uqac.ca\/hamdibenabdessalem\/wp-json\/wp\/v2\/pages\/18\/revisions\/195"}],"wp:attachment":[{"href":"https:\/\/portfolio.uqac.ca\/hamdibenabdessalem\/wp-json\/wp\/v2\/media?parent=18"}],"wp:term":[{"taxonomy":"post_tag","embeddable":true,"href":"https:\/\/portfolio.uqac.ca\/hamdibenabdessalem\/wp-json\/wp\/v2\/tags?post=18"}],"curies":[{"name":"wp","href":"https:\/\/api.w.org\/{rel}","templated":true}]}}