{"id":27,"date":"2024-02-12T14:55:04","date_gmt":"2024-02-12T19:55:04","guid":{"rendered":"http:\/\/portfolio-pre.uqac.ca\/gabarit\/?page_id=27"},"modified":"2025-11-20T11:58:01","modified_gmt":"2025-11-20T16:58:01","slug":"curriculum-vitae","status":"publish","type":"page","link":"https:\/\/portfolio.uqac.ca\/hamdibenabdessalem\/curriculum-vitae\/","title":{"rendered":"Curriculum vitae"},"content":{"rendered":"<h2><strong>Dipl\u00f4mes<\/strong><\/h2>\n<p>\n2021 \u2013 Doctorat en informatique, Universit\u00e9 de Montr\u00e9al, Canada.<br \/>\n2014 \u2013 Dipl\u00f4me national d\u2019ing\u00e9nieur en informatique et multim\u00e9dia, Higher Institute of Arts and Multimedia of Manouba, Tunisie.<br \/>\n2011 \u2013 Licence fondamentale en informatique et multim\u00e9dia, Higher Institute of Arts and Multimedia of Manouba, Tunisie.\n<\/p>\n<h2><strong>Subventions et distinctions<\/strong><\/h2>\n<p>\n2025\u20132027 \u2013 Chercheur principal, <em>MITACS Acc\u00e9l\u00e9ration<\/em>, MITACS.<br \/>\n2024\u20132029 \u2013 Chercheur principal, <em>CRSNG \u2013 Discovery Grants Program<\/em>, CRSNG.<br \/>\n2024\u20132029 \u2013 Chercheur principal, <em>Discovery Launch Supplements<\/em>, CRSNG.<br \/>\n2024\u20132026 \u2013 Cochercheur, <em>Assisting the Pilot: Towards a Cognitive Cockpit (C-Pilot)<\/em>, subvention conjointe (CRSNG \u2013 Alliance Grants; CRIAQ \u2013 programme Exploration Innovation; Beam Me Up \u2013 Cognitive Group; Bombardier).<br \/>\n2023\u20132025 \u2013 Chercheur principal, <em>Start-up fund<\/em>, (UQAC).<br \/>\n2023\u20132025 \u2013 Chercheur principal, <em>Supplementary Start-up Grant<\/em>, D\u00e9partement d\u2019informatique et de math\u00e9matique \u2013 UQAC.<br \/>\n2020 \u2013 <em>Best Paper Award \u2013 SENSORNET 2020<\/em>, The 9th International Conference on Sensor Networks.\n<\/p>\n<h2><strong>Affiliations professionnelles<\/strong><\/h2>\n<p>\n2023\u2013aujourd\u2019hui \u2013 Professeur agr\u00e9g\u00e9, D\u00e9partement d\u2019informatique et de math\u00e9matique (DIM), Universit\u00e9 du Qu\u00e9bec \u00e0 Chicoutimi (UQAC).<br \/>\n2021\u20132023 \u2013 Chercheur postdoctoral, Department of Computer Science and Operations Research, Universit\u00e9 de Montr\u00e9al.\n<\/p>\n<h2><strong>Activit\u00e9s<\/strong><\/h2>\n<p>\n2019 \u2013 Chercheur invit\u00e9, France : s\u00e9jour de recherche et exp\u00e9rimentations avec des patients Alzheimer.<br \/>\n2022\u20132026 \u2013 Membre du comit\u00e9 de programme, conf\u00e9rences ITS.<\/p>\n","protected":false},"excerpt":{"rendered":"<p>Dipl\u00f4mes 2021 \u2013 Doctorat en informatique, Universit\u00e9 de Montr\u00e9al, Canada. 2014 \u2013 Dipl\u00f4me national d\u2019ing\u00e9nieur en informatique et multim\u00e9dia, Higher Institute of Arts and Multimedia of Manouba, Tunisie. 2011 \u2013 Licence fondamentale en informatique et multim\u00e9dia, Higher Institute of Arts and Multimedia of Manouba, Tunisie. Subventions et distinctions 2025\u20132027 \u2013 Chercheur principal, MITACS Acc\u00e9l\u00e9ration, MITACS. &hellip; <a href=\"https:\/\/portfolio.uqac.ca\/hamdibenabdessalem\/curriculum-vitae\/\" class=\"more-link\">Continuer la lecture de <span class=\"screen-reader-text\">Curriculum vitae<\/span>  <span class=\"meta-nav\">&rarr;<\/span><\/a><\/p>\n","protected":false},"author":89,"featured_media":0,"parent":0,"menu_order":0,"comment_status":"closed","ping_status":"closed","template":"","meta":{"footnotes":""},"tags":[],"_links":{"self":[{"href":"https:\/\/portfolio.uqac.ca\/hamdibenabdessalem\/wp-json\/wp\/v2\/pages\/27"}],"collection":[{"href":"https:\/\/portfolio.uqac.ca\/hamdibenabdessalem\/wp-json\/wp\/v2\/pages"}],"about":[{"href":"https:\/\/portfolio.uqac.ca\/hamdibenabdessalem\/wp-json\/wp\/v2\/types\/page"}],"author":[{"embeddable":true,"href":"https:\/\/portfolio.uqac.ca\/hamdibenabdessalem\/wp-json\/wp\/v2\/users\/89"}],"replies":[{"embeddable":true,"href":"https:\/\/portfolio.uqac.ca\/hamdibenabdessalem\/wp-json\/wp\/v2\/comments?post=27"}],"version-history":[{"count":10,"href":"https:\/\/portfolio.uqac.ca\/hamdibenabdessalem\/wp-json\/wp\/v2\/pages\/27\/revisions"}],"predecessor-version":[{"id":210,"href":"https:\/\/portfolio.uqac.ca\/hamdibenabdessalem\/wp-json\/wp\/v2\/pages\/27\/revisions\/210"}],"wp:attachment":[{"href":"https:\/\/portfolio.uqac.ca\/hamdibenabdessalem\/wp-json\/wp\/v2\/media?parent=27"}],"wp:term":[{"taxonomy":"post_tag","embeddable":true,"href":"https:\/\/portfolio.uqac.ca\/hamdibenabdessalem\/wp-json\/wp\/v2\/tags?post=27"}],"curies":[{"name":"wp","href":"https:\/\/api.w.org\/{rel}","templated":true}]}}