{"id":4,"date":"2024-02-12T14:55:04","date_gmt":"2024-02-12T19:55:04","guid":{"rendered":"http:\/\/portfolio-pre.uqac.ca\/gabarit\/?page_id=4"},"modified":"2025-06-11T23:02:17","modified_gmt":"2025-06-12T03:02:17","slug":"presentatio","status":"publish","type":"page","link":"https:\/\/portfolio.uqac.ca\/hamdibenabdessalem\/","title":{"rendered":"Pr\u00e9sentation"},"content":{"rendered":"<h2>Hamdi Ben Abdessalem, Ph.D<\/h2>\n<p>Professeur au d\u00e9partement\u00a0d&#8217;informatique et de math\u00e9matique<\/p>\n<h2>Champs d&#8217;int\u00e9r\u00eat<\/h2>\n<ul data-editing-info=\"{&quot;applyListStyleFromLevel&quot;:false,&quot;unorderedStyleType&quot;:2}\">\n<li>\n<div>R\u00e9alit\u00e9 Mixte<\/div>\n<\/li>\n<li>\n<div>Agents Intelligents<\/div>\n<\/li>\n<li>\n<div>Informatique Affective<\/div>\n<\/li>\n<li>\n<div>Intelligence Artificielle<\/div>\n<\/li>\n<li>\n<div>Interaction Homme-Machine<\/div>\n<\/li>\n<\/ul>\n","protected":false},"excerpt":{"rendered":"<p>Hamdi Ben Abdessalem, Ph.D Professeur au d\u00e9partement\u00a0d&#8217;informatique et de math\u00e9matique Champs d&#8217;int\u00e9r\u00eat R\u00e9alit\u00e9 Mixte Agents Intelligents Informatique Affective Intelligence Artificielle Interaction Homme-Machine<\/p>\n","protected":false},"author":89,"featured_media":0,"parent":0,"menu_order":0,"comment_status":"closed","ping_status":"closed","template":"","meta":{"footnotes":""},"tags":[],"_links":{"self":[{"href":"https:\/\/portfolio.uqac.ca\/hamdibenabdessalem\/wp-json\/wp\/v2\/pages\/4"}],"collection":[{"href":"https:\/\/portfolio.uqac.ca\/hamdibenabdessalem\/wp-json\/wp\/v2\/pages"}],"about":[{"href":"https:\/\/portfolio.uqac.ca\/hamdibenabdessalem\/wp-json\/wp\/v2\/types\/page"}],"author":[{"embeddable":true,"href":"https:\/\/portfolio.uqac.ca\/hamdibenabdessalem\/wp-json\/wp\/v2\/users\/89"}],"replies":[{"embeddable":true,"href":"https:\/\/portfolio.uqac.ca\/hamdibenabdessalem\/wp-json\/wp\/v2\/comments?post=4"}],"version-history":[{"count":15,"href":"https:\/\/portfolio.uqac.ca\/hamdibenabdessalem\/wp-json\/wp\/v2\/pages\/4\/revisions"}],"predecessor-version":[{"id":191,"href":"https:\/\/portfolio.uqac.ca\/hamdibenabdessalem\/wp-json\/wp\/v2\/pages\/4\/revisions\/191"}],"wp:attachment":[{"href":"https:\/\/portfolio.uqac.ca\/hamdibenabdessalem\/wp-json\/wp\/v2\/media?parent=4"}],"wp:term":[{"taxonomy":"post_tag","embeddable":true,"href":"https:\/\/portfolio.uqac.ca\/hamdibenabdessalem\/wp-json\/wp\/v2\/tags?post=4"}],"curies":[{"name":"wp","href":"https:\/\/api.w.org\/{rel}","templated":true}]}}