{"id":18,"date":"2012-07-23T20:05:15","date_gmt":"2012-07-23T20:05:15","guid":{"rendered":"http:\/\/portfolio-pre.uqac.ca\/gabarit\/?page_id=18"},"modified":"2021-03-26T20:27:30","modified_gmt":"2021-03-27T00:27:30","slug":"enseignement","status":"publish","type":"page","link":"https:\/\/portfolio.uqac.ca\/hamidmcheick\/enseignement\/","title":{"rendered":"Enseignement"},"content":{"rendered":"<h2>2021<\/h2>\n<ul>\n<li>Programmation Objet avanc\u00e9e &#8211;\u00a0cycles sup\u00e9rieurs (Automne 2021- G1)<\/li>\n<li>Programmation Objet avanc\u00e9e &#8211;\u00a0cycles sup\u00e9rieurs (Automne\u00a02021- G11)<\/li>\n<li>Syst\u00e8mes R\u00e9partis &#8211;\u00a0cycles sup\u00e9rieurs (Automne 2021)<\/li>\n<li>Architecture des applications d&#8217;entreprises &#8211;\u00a0\u00a0cycles sup\u00e9rieurs (\u00c9T\u00c9 2021)<\/li>\n<li>D\u00e9veloppement avanc\u00e9 de logiciels: Patrons et mod\u00e8le &#8211;\u00a0cycles sup\u00e9rieurs (Hiver 2021)<\/li>\n<li>Programmation Objet avanc\u00e9e &#8211;\u00a0cycles sup\u00e9rieurs (Hiver 2021)<\/li>\n<\/ul>\n<h2>2020<\/h2>\n<ul>\n<li>D\u00e9veloppement avanc\u00e9 de logiciels: Patrons et mod\u00e8le &#8211;\u00a0cycles sup\u00e9rieurs (Automne 2020)<\/li>\n<li>Syst\u00e8mes R\u00e9partis &#8211;\u00a0cycles sup\u00e9rieurs (Automne 2020)<\/li>\n<li>Syst\u00e8mes distribu\u00e9s-Bacc (Automne 2020)<\/li>\n<li>Syst\u00e8mes R\u00e9partis &#8211;\u00a0cycles sup\u00e9rieurs (\u00c9T\u00c9 2020)<\/li>\n<\/ul>\n<h2>2019<\/h2>\n<ul>\n<li>D\u00e9veloppement avanc\u00e9 de logiciels: Patrons et mod\u00e8le &#8211;\u00a0cycles sup\u00e9rieurs (Automne 2019)<\/li>\n<li>Syst\u00e8mes R\u00e9partis &#8211;\u00a0cycles sup\u00e9rieurs (Automne 2019)<\/li>\n<li>Programmation Objet avanc\u00e9e &#8211;\u00a0cycles sup\u00e9rieurs (Automne 2019)<\/li>\n<li>Syst\u00e8mes R\u00e9partis &#8211;\u00a0cycles sup\u00e9rieurs (\u00c9T\u00c9 2019)<\/li>\n<li>D\u00e9veloppement avanc\u00e9 de logiciels: Patrons et mod\u00e8le &#8211;\u00a0cycles sup\u00e9rieurs (Hiver 2019)<\/li>\n<li>Technologies Web avanc\u00e9es (Hiver 2019)<\/li>\n<li>Programmation Objet avanc\u00e9e &#8211;\u00a0cycles sup\u00e9rieurs (Hiver 2019)<\/li>\n<\/ul>\n<h2>2018<\/h2>\n<ul>\n<li>D\u00e9veloppement avanc\u00e9 de logiciels: Patrons et mod\u00e8le &#8211;\u00a0cycles sup\u00e9rieurs (Automne 2018)<\/li>\n<li>Syst\u00e8mes R\u00e9partis &#8211;\u00a0cycles sup\u00e9rieurs (Automne 2018)<\/li>\n<li>Syst\u00e8mes distribu\u00e9s-Bacc (Automne 2018)<\/li>\n<li>Syst\u00e8mes R\u00e9partis &#8211;\u00a0cycles sup\u00e9rieurs (\u00c9T\u00c9 2018)<\/li>\n<li>D\u00e9veloppement avanc\u00e9 de logiciels: Patrons et mod\u00e8le -cycles sup\u00e9rieurs (Hiver 2018)<\/li>\n<\/ul>\n<h2>2017<\/h2>\n<ul>\n<li>D\u00e9veloppement avanc\u00e9 de logiciels: Patrons et mod\u00e8le &#8211; cycles sup\u00e9rieurs (Automne 2017)<\/li>\n<li>Syst\u00e8mes R\u00e9partis &#8211; cycles sup\u00e9rieurs (Automne 2017)<\/li>\n<li>Syst\u00e8mes R\u00e9partis &#8211;\u00a0cycles sup\u00e9rieurs (\u00c9T\u00c9\u00a02017)<\/li>\n<li>D\u00e9veloppement avanc\u00e9 de logiciels: Patrons et mod\u00e8le &#8211;\u00a0cycles sup\u00e9rieurs (Hiver\u00a02017<\/li>\n<li>Technologies Web avanc\u00e9es (Hiver 2017)<\/li>\n<\/ul>\n<h2>2016<\/h2>\n<ul>\n<li>Syst\u00e8mes R\u00e9partis &#8211; cycles sup\u00e9rieurs (Automne 2016)<\/li>\n<li>Programmation Objet avanc\u00e9e &#8211;\u00a0cycles sup\u00e9rieurs (Automne 2016)<\/li>\n<li>Syst\u00e8mes distribu\u00e9s &#8211; Bacc (Automne 2016)<\/li>\n<li>Syst\u00e8mes R\u00e9partis &#8211;\u00a0 cycles sup\u00e9rieurs (\u00c9T\u00c9\u00a02016)<\/li>\n<li>D\u00e9veloppement avanc\u00e9 de logiciels: Patrons et mod\u00e8le &#8211;\u00a0cycles sup\u00e9rieurs (Hiver\u00a02016)<\/li>\n<li>Programmation Objet avanc\u00e9e &#8211; cycles sup\u00e9rieurs (Hiver 2016)<\/li>\n<li>Technologies Web avanc\u00e9es (Hiver 2016)<\/li>\n<\/ul>\n<h2>2015<\/h2>\n<ul>\n<li>Syst\u00e8mes R\u00e9partis &#8211;\u00a0cycles sup\u00e9rieurs (Automne 2015)<\/li>\n<li>Programmation Objet avanc\u00e9e &#8211;\u00a0cycles sup\u00e9rieurs\u00a0(Automne 2015)<\/li>\n<li>Architecture des applications d&#8217;entreprises &#8211;\u00a0\u00a0cycles sup\u00e9rieurs\u00a0(\u00c9T\u00c9\u00a02015)<\/li>\n<li>D\u00e9veloppement avanc\u00e9 de logiciels: Patrons et mod\u00e8le &#8211;\u00a0cycles sup\u00e9rieurs (Hiver\u00a02015)<\/li>\n<li>Programmation Client-serveur (Hiver 2015)<\/li>\n<\/ul>\n<h2>2014<\/h2>\n<ul>\n<li>Syst\u00e8mes R\u00e9partis &#8211;\u00a0cycles sup\u00e9rieurs (Automne 2014)<\/li>\n<li>Syst\u00e8mes distribu\u00e9s-Bacc (Automne 2014)<\/li>\n<li>Programmation Objet Bacc 8PRO114 (Automne\u00a02014)<\/li>\n<li>D\u00e9veloppement avanc\u00e9 de logiciels: Patrons et mod\u00e8le, \u00a0cycles sup\u00e9rieurs (Hiver 2014)<\/li>\n<li>Programmation Objet Bacc 8PRO114 (Automne\u00a02014)<\/li>\n<li>Programmation Client-serveur (Hiver 2014)<\/li>\n<\/ul>\n<h2>2013<\/h2>\n<ul>\n<li>Syst\u00e8mes R\u00e9partis &#8211;\u00a0cycles sup\u00e9rieurs (Automne 2013)<\/li>\n<li>Syst\u00e8mes distribu\u00e9s &#8211; Bacc (Automne 2013)<\/li>\n<li>Programmation Objet &#8211; Bacc 8PRO114 (Automne\u00a02013)<\/li>\n<li>D\u00e9veloppement avanc\u00e9 de logiciels: Patrons et mod\u00e8le,\u00a0\u00a0cycles sup\u00e9rieurs (Hiver 2013)<\/li>\n<\/ul>\n<h2>\u00a0<strong>2012<\/strong><\/h2>\n<ul>\n<li>Syst\u00e8mes R\u00e9partis: Ma\u00eetrise-Doctorat (Automne\u00a02012), Deux Groupes 11 et 01<\/li>\n<li>\u00c9l\u00e9ment de programmation 8PRO107 (Automne\u00a02012)<\/li>\n<li>Programmation Objet 8PRO114 (Automne\u00a02012)<\/li>\n<li>Architecture des applications d&#8217;entreprises: Ma\u00eetrise-Doctorat (Hiver 2012)<span style=\"line-height: 1.5\">\u00a0<\/span><\/li>\n<\/ul>\n<h2><strong>2011<\/strong><\/h2>\n<ul>\n<li>Syst\u00e8mes R\u00e9partis: Ma\u00eetrise-Doctorat (Automne\u00a02011)<\/li>\n<li>\u00c9l\u00e9ment de programmation 8PRO107 (Automne\u00a02011)<\/li>\n<li>INF9123-01 Atelier algorithme et g\u00e9nie 3i\u00e8me cycle (Automne 2011)<\/li>\n<li>INF9083-01 Lecture dirigee, 3i\u00e8me cycle informatique (Automne 2011)<\/li>\n<li>8INF859-11 Stage, 2i\u00e8me cyle informatique (Automne 2011)<\/li>\n<li>8INF700-11 Sujet sp\u00e9cial informatique, (1er cycle informatique (Automne 2011)<\/li>\n<li>8INF860-11 Essai, 2i\u00e8me cycle (\u00c9t\u00e9 2011)<\/li>\n<li>8INF950-01 Sujets sp\u00e9ciaux, 2i\u00e8me cycle (Hiver 2011)<span style=\"line-height: 1.5\">\u00a0<\/span><\/li>\n<\/ul>\n<h2><strong>2010\u00a0<\/strong><\/h2>\n<ul>\n<li>Architecture des applications d&#8217;entreprise (Hiver 2010)<\/li>\n<li>Second stage\/projet en informatique appliqu\u00e9e DESS deuxi\u00e8me cycle (Hiver 2010)<\/li>\n<li>Sujet sp\u00e9cial en informatique (Hiver 2010)<\/li>\n<li>Projet informatique (Hiver 2010)<span style=\"line-height: 1.5\">\u00a0<\/span><\/li>\n<\/ul>\n<h2><strong>2009<\/strong><\/h2>\n<ul>\n<li>Sujets sp\u00e9ciaux en syst\u00e8mes informatiques, Doctorat (Automne 2009)<\/li>\n<li>Syst\u00e8mes R\u00e9partis-Ma\u00eetrise-doctorat (Automne 2009)<\/li>\n<li>Syst\u00e8mes distribu\u00e9s-Bacc (Automne 2009)<\/li>\n<li>\u00c9l\u00e9ments de programmation (Hiver 2009)<\/li>\n<li>Programmation orient\u00e9e objet (Hiver 2009)<span style=\"line-height: 1.5\">\u00a0<\/span><\/li>\n<\/ul>\n<h2><strong>2008<\/strong><\/h2>\n<ul>\n<li>G\u00e9nie Logiciel-Ma\u00eetrise (Automne 2008)<\/li>\n<li>S\u00e9curit\u00e9 et r\u00e9seau (Automne 2008)<\/li>\n<li>Programmation client\/serveur (Hiver 2008)<\/li>\n<li>Projet: Concevoir, \u00e9laborer et r\u00e9aliser un logiciel 8INF206 (Hiver 2008)<\/li>\n<\/ul>\n<h2>\u00a0<strong>2007<\/strong><\/h2>\n<ul>\n<li>Syst\u00e8mes distribu\u00e9s (Automne 2007)<\/li>\n<li>S\u00e9curit\u00e9 informatique et r\u00e9seau (Automne 2007)<\/li>\n<li>Sujets Sp\u00e9ciaux 9INF950 (Hiver 2008)<\/li>\n<li>S\u00e9minaires II-Ma\u00eetrise : Syst\u00e8mes distribu\u00e9s (Hiver 2007)<\/li>\n<li>Programmation Client-Serveur (Hiver 2007)<\/li>\n<\/ul>\n<h2>\u00a0<strong>2006<\/strong><\/h2>\n<ul>\n<li>Programmation Client-Serveur (Hiver 2006)<\/li>\n<li>S\u00e9curit\u00e9 informatique et r\u00e9seau (Hiver 2006)<\/li>\n<\/ul>\n<h2>\u00a0<strong>2005<\/strong><\/h2>\n<ul>\n<li>Syst\u00e8mes Distribu\u00e9s (Automne 2005)<\/li>\n<li>Securit\u00e9 Informatique et R\u00e9seau (Automne\u00a02005)<\/li>\n<li>8GIF300 Stage\/projet en informatique (Automne\u00a02005)<\/li>\n<li>8INF206 Projet (\u00c9t\u00e9 2005)<\/li>\n<li>8INF700-11 Sujet sp\u00e9cial informatique (\u00c9t\u00e9 2005)<\/li>\n<li>Programmation Client-serveur (Hiver 2005)<\/li>\n<li>S\u00e9curit\u00e9 informatique et R\u00e9seau (Hiver 2005)<\/li>\n<\/ul>\n<h2>\u00a0<strong>2004<\/strong><\/h2>\n<ul>\n<li>Syst\u00e8mes distribues (Automne\u00a02004)<\/li>\n<li>S\u00e9curit\u00e9 informatique et R\u00e9seau (Automne\u00a02004)<\/li>\n<li>8GIF300 Stage\/projet en informatique (Automne\u00a02004)<\/li>\n<li>8INF950 Sujets sp\u00e9ciaux (Automne\u00a02004)<\/li>\n<li>Programmation Client serveur (Hiver 2004)<\/li>\n<li>S\u00e9curit\u00e9 informatique et R\u00e9seau (Hiver 2004)<\/li>\n<li>8INF950 Sujets sp\u00e9ciaux (Hiver 2004)<span style=\"line-height: 1.5\">\u00a0<\/span><\/li>\n<\/ul>\n<h2><strong>2003<\/strong><\/h2>\n<ul>\n<li>Syst\u00e8mes distribues (Automne\u00a02003)<\/li>\n<li>Structure des donn\u00e9es (Automne\u00a02003)<\/li>\n<li>S\u00e9curit\u00e9 informatique et R\u00e9seau (Automne\u00a02003)<\/li>\n<li>Programmation Client serveur (Hiver 2003)<span style=\"line-height: 1.5\">\u00a0<\/span><\/li>\n<\/ul>\n<h2><strong>2002<\/strong><\/h2>\n<ul>\n<li>Programmation orient\u00e9e objet (Automne\u00a02002)<\/li>\n<li>Technique de programmation I (Automne\u00a02002)<\/li>\n<li>Programmation orient\u00e9e objet (\u00c9t\u00e9 2002)<\/li>\n<li>Langages de programmation syst\u00e8mes(\u00c9t\u00e9 2002)<\/li>\n<li>Math\u00e9matique pour informaticien (Hiver 2002)<\/li>\n<li>Programmation orient\u00e9e objet (Hiver 2002)<span style=\"line-height: 1.5\">\u00a0<\/span><\/li>\n<\/ul>\n<h2><strong>2001<\/strong><\/h2>\n<ul>\n<li>Programmation orient\u00e9e objet (Automne\u00a02001)<\/li>\n<li>Teleinformatique(Automne\u00a02001)<\/li>\n<li>Programmation orient\u00e9e objet (\u00c9t\u00e9 2001)<\/li>\n<li>R\u00e9seaux d&#8217;ordinateurs et t\u00e9l\u00e9communication(\u00c9t\u00e9 2001)<\/li>\n<li>Programmation orient\u00e9e objet (Hiver 2001)<\/li>\n<li>R\u00e9seaux d&#8217;ordinateurs et t\u00e9l\u00e9communication(Hiver 2001)<span style=\"line-height: 1.5\">\u00a0<\/span><\/li>\n<\/ul>\n<h2><strong>2000<\/strong><\/h2>\n<ul>\n<li>Programmation orient\u00e9e objet (Automne\u00a02000 groupe 11)<\/li>\n<li>Programmation orient\u00e9e objet (\u00c9t\u00e9 2000 groupe 40)<\/li>\n<li>Programmation orient\u00e9e objet (\u00c9t\u00e9 2000 groupe 10)<\/li>\n<li>Programmation orient\u00e9e objet (\u00c9t\u00e9 2000 groupe 21)<\/li>\n<li>G\u00e9nie logiciel : processus et \u00e9v\u00e9nements (Hiver 2000) UQO<\/li>\n<li>Programmation orient\u00e9e objet (Hiver 2000)<span style=\"line-height: 1.5\">\u00a0<\/span><\/li>\n<\/ul>\n<h2><strong>1999<\/strong><\/h2>\n<ul>\n<li>T\u00e9l\u00e9informatique (Hiver 99)<\/li>\n<li>R\u00e9seaux d&#8217;ordinateurs et t\u00e9l\u00e9communication (Hiver 9999)<span style=\"line-height: 1.5\">\u00a0<\/span><\/li>\n<\/ul>\n<h2><strong>1998<\/strong><\/h2>\n<ul>\n<li>R\u00e9seaux d&#8217;ordinateurs et t\u00e9l\u00e9communication (Automne 1998)<\/li>\n<li>R\u00e9seaux d&#8217;ordinateurs et t\u00e9l\u00e9communication (Hiver 1998)<span style=\"line-height: 1.5\">\u00a0<\/span><\/li>\n<\/ul>\n<h2><strong>1997<\/strong><\/h2>\n<ul>\n<li>T\u00e9l\u00e9informatique (Automne 1997)<\/li>\n<li>Structure de donn\u00e9es (Automne\u00a01996)<\/li>\n<\/ul>\n","protected":false},"excerpt":{"rendered":"<p>2021 Programmation Objet avanc\u00e9e &#8211;\u00a0cycles sup\u00e9rieurs (Automne 2021- G1) Programmation Objet avanc\u00e9e &#8211;\u00a0cycles sup\u00e9rieurs (Automne\u00a02021- G11) Syst\u00e8mes R\u00e9partis &#8211;\u00a0cycles sup\u00e9rieurs (Automne 2021) Architecture des applications d&#8217;entreprises &#8211;\u00a0\u00a0cycles sup\u00e9rieurs (\u00c9T\u00c9 2021) D\u00e9veloppement avanc\u00e9 de logiciels: Patrons et mod\u00e8le &#8211;\u00a0cycles sup\u00e9rieurs (Hiver 2021) Programmation Objet avanc\u00e9e &#8211;\u00a0cycles sup\u00e9rieurs (Hiver 2021) 2020 D\u00e9veloppement avanc\u00e9 de logiciels: Patrons et &hellip; <a href=\"https:\/\/portfolio.uqac.ca\/hamidmcheick\/enseignement\/\" class=\"more-link\">Continuer la lecture de <span class=\"screen-reader-text\">Enseignement<\/span>  <span class=\"meta-nav\">&rarr;<\/span><\/a><\/p>\n","protected":false},"author":23,"featured_media":0,"parent":0,"menu_order":0,"comment_status":"closed","ping_status":"closed","template":"","meta":{"footnotes":""},"tags":[],"_links":{"self":[{"href":"https:\/\/portfolio.uqac.ca\/hamidmcheick\/wp-json\/wp\/v2\/pages\/18"}],"collection":[{"href":"https:\/\/portfolio.uqac.ca\/hamidmcheick\/wp-json\/wp\/v2\/pages"}],"about":[{"href":"https:\/\/portfolio.uqac.ca\/hamidmcheick\/wp-json\/wp\/v2\/types\/page"}],"author":[{"embeddable":true,"href":"https:\/\/portfolio.uqac.ca\/hamidmcheick\/wp-json\/wp\/v2\/users\/23"}],"replies":[{"embeddable":true,"href":"https:\/\/portfolio.uqac.ca\/hamidmcheick\/wp-json\/wp\/v2\/comments?post=18"}],"version-history":[{"count":12,"href":"https:\/\/portfolio.uqac.ca\/hamidmcheick\/wp-json\/wp\/v2\/pages\/18\/revisions"}],"predecessor-version":[{"id":266,"href":"https:\/\/portfolio.uqac.ca\/hamidmcheick\/wp-json\/wp\/v2\/pages\/18\/revisions\/266"}],"wp:attachment":[{"href":"https:\/\/portfolio.uqac.ca\/hamidmcheick\/wp-json\/wp\/v2\/media?parent=18"}],"wp:term":[{"taxonomy":"post_tag","embeddable":true,"href":"https:\/\/portfolio.uqac.ca\/hamidmcheick\/wp-json\/wp\/v2\/tags?post=18"}],"curies":[{"name":"wp","href":"https:\/\/api.w.org\/{rel}","templated":true}]}}